{"id":8360,"date":"2023-09-10T13:40:39","date_gmt":"2023-09-10T11:40:39","guid":{"rendered":"https:\/\/babyslane.com\/produit\/childrens-play-house-tea-set-combination-set-toy-wooden\/"},"modified":"2023-11-30T16:27:22","modified_gmt":"2023-11-30T15:27:22","slug":"childrens-play-house-tea-set-combination-set-toy-wooden","status":"publish","type":"product","link":"https:\/\/babyslane.com\/fr\/produit\/childrens-play-house-tea-set-combination-set-toy-wooden\/","title":{"rendered":"Jouet \u00e9ducatif Set de th\u00e9 Montessori en bois"},"content":{"rendered":"<p><img fetchpriority=\"high\" decoding=\"async\" class=\"alignnone size-full wp-image-8355\" src=\"https:\/\/babyslane.com\/wp-content\/uploads\/2023\/09\/e2710398-9273-44fd-93b0-746481336e8f.jpg\" alt=\"\" width=\"800\" height=\"800\" srcset=\"https:\/\/babyslane.com\/wp-content\/uploads\/2023\/09\/e2710398-9273-44fd-93b0-746481336e8f.jpg 800w, https:\/\/babyslane.com\/wp-content\/uploads\/2023\/09\/e2710398-9273-44fd-93b0-746481336e8f-300x300.jpg 300w, https:\/\/babyslane.com\/wp-content\/uploads\/2023\/09\/e2710398-9273-44fd-93b0-746481336e8f-150x150.jpg 150w, https:\/\/babyslane.com\/wp-content\/uploads\/2023\/09\/e2710398-9273-44fd-93b0-746481336e8f-768x768.jpg 768w, https:\/\/babyslane.com\/wp-content\/uploads\/2023\/09\/e2710398-9273-44fd-93b0-746481336e8f-600x600.jpg 600w, https:\/\/babyslane.com\/wp-content\/uploads\/2023\/09\/e2710398-9273-44fd-93b0-746481336e8f-100x100.jpg 100w\" sizes=\"(max-width: 800px) 100vw, 800px\" \/><\/p>\n<p>D\u00e9couvrez notre magnifique ensemble de jeu de th\u00e9 en bois, con\u00e7u pour captiver l&#8217;imagination de vos enfants tout en favorisant leur d\u00e9veloppement intellectuel et leur coordination main-\u0153il.<\/p>\n<p><img decoding=\"async\" class=\"alignnone size-full wp-image-8356\" src=\"https:\/\/babyslane.com\/wp-content\/uploads\/2023\/09\/6e72a831-e5aa-4123-a2ac-9e4410e13101.jpg\" alt=\"\" width=\"800\" height=\"800\" srcset=\"https:\/\/babyslane.com\/wp-content\/uploads\/2023\/09\/6e72a831-e5aa-4123-a2ac-9e4410e13101.jpg 800w, https:\/\/babyslane.com\/wp-content\/uploads\/2023\/09\/6e72a831-e5aa-4123-a2ac-9e4410e13101-300x300.jpg 300w, https:\/\/babyslane.com\/wp-content\/uploads\/2023\/09\/6e72a831-e5aa-4123-a2ac-9e4410e13101-150x150.jpg 150w, https:\/\/babyslane.com\/wp-content\/uploads\/2023\/09\/6e72a831-e5aa-4123-a2ac-9e4410e13101-768x768.jpg 768w, https:\/\/babyslane.com\/wp-content\/uploads\/2023\/09\/6e72a831-e5aa-4123-a2ac-9e4410e13101-600x600.jpg 600w, https:\/\/babyslane.com\/wp-content\/uploads\/2023\/09\/6e72a831-e5aa-4123-a2ac-9e4410e13101-100x100.jpg 100w\" sizes=\"(max-width: 800px) 100vw, 800px\" \/><\/p>\n<p>Cet ensemble de jeu de th\u00e9 en bois est le compagnon id\u00e9al pour des heures de jeu interactif et de communication parent-enfant.<\/p>\n<p><img decoding=\"async\" class=\"alignnone size-full wp-image-8357\" src=\"https:\/\/babyslane.com\/wp-content\/uploads\/2023\/09\/392bc7de-c372-4d3f-865f-e3aa30313eb1.jpg\" alt=\"\" width=\"800\" height=\"800\" srcset=\"https:\/\/babyslane.com\/wp-content\/uploads\/2023\/09\/392bc7de-c372-4d3f-865f-e3aa30313eb1.jpg 800w, https:\/\/babyslane.com\/wp-content\/uploads\/2023\/09\/392bc7de-c372-4d3f-865f-e3aa30313eb1-300x300.jpg 300w, https:\/\/babyslane.com\/wp-content\/uploads\/2023\/09\/392bc7de-c372-4d3f-865f-e3aa30313eb1-150x150.jpg 150w, https:\/\/babyslane.com\/wp-content\/uploads\/2023\/09\/392bc7de-c372-4d3f-865f-e3aa30313eb1-768x768.jpg 768w, https:\/\/babyslane.com\/wp-content\/uploads\/2023\/09\/392bc7de-c372-4d3f-865f-e3aa30313eb1-600x600.jpg 600w, https:\/\/babyslane.com\/wp-content\/uploads\/2023\/09\/392bc7de-c372-4d3f-865f-e3aa30313eb1-100x100.jpg 100w\" sizes=\"(max-width: 800px) 100vw, 800px\" \/><\/p>\n<p>Caract\u00e9ristiques:<\/p>\n<ul>\n<li>Ensemble de jeu de th\u00e9 en bois de haute qualit\u00e9.<\/li>\n<li>Convient aux filles et aux gar\u00e7ons.<\/li>\n<li>Favorise le d\u00e9veloppement intellectuel de l&#8217;enfant.<\/li>\n<li>Am\u00e9liore la coordination main-\u0153il.<\/li>\n<li>Encourage la communication parent-enfant.<\/li>\n<li>\u00c9veille l&#8217;int\u00e9r\u00eat des enfants pour le jeu de r\u00f4le.<\/li>\n<\/ul>\n<p><img loading=\"lazy\" decoding=\"async\" class=\"alignnone size-full wp-image-8358\" src=\"https:\/\/babyslane.com\/wp-content\/uploads\/2023\/09\/26808df2-ab7f-4054-9856-4dde5634a648.jpg\" alt=\"\" width=\"800\" height=\"800\" srcset=\"https:\/\/babyslane.com\/wp-content\/uploads\/2023\/09\/26808df2-ab7f-4054-9856-4dde5634a648.jpg 800w, https:\/\/babyslane.com\/wp-content\/uploads\/2023\/09\/26808df2-ab7f-4054-9856-4dde5634a648-300x300.jpg 300w, https:\/\/babyslane.com\/wp-content\/uploads\/2023\/09\/26808df2-ab7f-4054-9856-4dde5634a648-150x150.jpg 150w, https:\/\/babyslane.com\/wp-content\/uploads\/2023\/09\/26808df2-ab7f-4054-9856-4dde5634a648-768x768.jpg 768w, https:\/\/babyslane.com\/wp-content\/uploads\/2023\/09\/26808df2-ab7f-4054-9856-4dde5634a648-600x600.jpg 600w, https:\/\/babyslane.com\/wp-content\/uploads\/2023\/09\/26808df2-ab7f-4054-9856-4dde5634a648-100x100.jpg 100w\" sizes=\"(max-width: 800px) 100vw, 800px\" \/><\/p>\n<p>Le set comprend un ensemble complet d&#8217;accessoires en bois pour un jeu de th\u00e9 r\u00e9aliste. Avec sa couleur rose et son design de maison de jeu, cet ensemble sera la pi\u00e8ce ma\u00eetresse de l&#8217;aire de jeu de votre enfant.<\/p>\n<p><img decoding=\"async\" src=\"https:\/\/cc-west-usa.oss-accelerate.aliyuncs.com\/a81ff785-9d92-4f20-b3d3-b9879c4f7454.png\" \/><\/p>\n<div class=\"group w-full text-token-text-primary border-b border-black\/10 gizmo:border-0 dark:border-gray-900\/50 gizmo:dark:border-0 bg-gray-50 gizmo:bg-transparent dark:bg-[#444654] gizmo:dark:bg-transparent\" data-testid=\"conversation-turn-3\">\n<div class=\"p-4 justify-center text-base md:gap-6 md:py-6 m-auto\">\n<div class=\"flex flex-1 gap-4 text-base mx-auto md:gap-6 gizmo:gap-3 gizmo:md:px-5 gizmo:lg:px-1 gizmo:xl:px-5 md:max-w-2xl lg:max-w-[38rem] gizmo:md:max-w-3xl gizmo:lg:max-w-[40rem] gizmo:xl:max-w-[48rem] xl:max-w-3xl }\">\n<div class=\"relative flex w-[calc(100%-50px)] flex-col gap-1 gizmo:w-full md:gap-3 lg:w-[calc(100%-115px)] agent-turn\">\n<div class=\"flex flex-grow flex-col gap-3 max-w-full\">\n<div class=\"min-h-[20px] flex flex-col items-start gap-3 overflow-x-auto whitespace-pre-wrap break-words\">\n<div class=\"markdown prose w-full break-words dark:prose-invert light\">\n<p>Offrez \u00e0 vos enfants la possibilit\u00e9 d&#8217;explorer le monde de l&#8217;imagination tout en d\u00e9veloppant des comp\u00e9tences essentielles. Ajoutez cet ensemble de jeu de th\u00e9 en bois \u00e0 votre collection de jouets d\u00e8s aujourd&#8217;hui et regardez vos enfants s&#8217;amuser tout en apprenant et en grandissant.<\/p>\n<\/div>\n<\/div>\n<\/div>\n<div class=\"flex justify-between empty:hidden lg:block\">\n<div class=\"text-gray-400 flex self-end lg:self-center justify-center gizmo:lg:justify-start mt-2 gizmo:mt-0 visible lg:gap-1 lg:absolute lg:top-0 lg:translate-x-full lg:right-0 lg:mt-0 lg:pl-2 gap-2 md:gap-3\">\n<p>&nbsp;<\/p>\n<div class=\"flex gap-1 gizmo:gap-3\"><\/div>\n<\/div>\n<\/div>\n<\/div>\n<\/div>\n<\/div>\n<\/div>\n<div class=\"group w-full text-token-text-primary border-b border-black\/10 gizmo:border-0 dark:border-gray-900\/50 gizmo:dark:border-0 gizmo:bg-transparent dark:bg-gray-800 gizmo:dark:bg-transparent\" data-testid=\"conversation-turn-4\">\n<div class=\"p-4 justify-center text-base md:gap-6 md:py-6 m-auto\">\n<div class=\"flex flex-1 gap-4 text-base mx-auto md:gap-6 gizmo:gap-3 gizmo:md:px-5 gizmo:lg:px-1 gizmo:xl:px-5 md:max-w-2xl lg:max-w-[38rem] gizmo:md:max-w-3xl gizmo:lg:max-w-[40rem] gizmo:xl:max-w-[48rem] xl:max-w-3xl }\">\n<div class=\"flex-shrink-0 flex flex-col relative items-end\">\n<div><\/div>\n<\/div>\n<\/div>\n<\/div>\n<\/div>\n<p><img decoding=\"async\" src=\"https:\/\/cc-west-usa.oss-accelerate.aliyuncs.com\/c8a7c77f-a366-4fc0-9ea4-3b35c4cbabc8.png\" \/><\/p>\n<p><b>Product informations<\/b><\/p>\n<p>materiau: Bois<\/p>\n<p><b>Packing list:<\/b><\/p>\n<p>Wooden toys *1Set<\/p>\n<p>&nbsp;<\/p>","protected":false},"excerpt":{"rendered":"<p>D\u00e9couvrez notre magnifique ensemble de jeu de th\u00e9 en bois, con\u00e7u pour captiver l&#8217;imagination de vos enfants tout en favorisant leur d\u00e9veloppement intellectuel et leur coordination main-\u0153il. Cet ensemble de jeu de th\u00e9 en bois est le compagnon id\u00e9al pour des heures de jeu interactif et de communication parent-enfant. Caract\u00e9ristiques: Ensemble de jeu de th\u00e9 [&hellip;]<\/p>\n","protected":false},"featured_media":8355,"comment_status":"open","ping_status":"closed","template":"","meta":[],"product_brand":[],"product_cat":[33],"product_tag":[],"class_list":{"0":"post-8360","1":"product","2":"type-product","3":"status-publish","4":"has-post-thumbnail","6":"product_cat-educational-toys","8":"first","9":"instock","10":"sale","11":"shipping-taxable","12":"purchasable","13":"product-type-simple"},"_links":{"self":[{"href":"https:\/\/babyslane.com\/fr\/wp-json\/wp\/v2\/product\/8360","targetHints":{"allow":["GET"]}}],"collection":[{"href":"https:\/\/babyslane.com\/fr\/wp-json\/wp\/v2\/product"}],"about":[{"href":"https:\/\/babyslane.com\/fr\/wp-json\/wp\/v2\/types\/product"}],"replies":[{"embeddable":true,"href":"https:\/\/babyslane.com\/fr\/wp-json\/wp\/v2\/comments?post=8360"}],"version-history":[{"count":5,"href":"https:\/\/babyslane.com\/fr\/wp-json\/wp\/v2\/product\/8360\/revisions"}],"predecessor-version":[{"id":8987,"href":"https:\/\/babyslane.com\/fr\/wp-json\/wp\/v2\/product\/8360\/revisions\/8987"}],"wp:featuredmedia":[{"embeddable":true,"href":"https:\/\/babyslane.com\/fr\/wp-json\/wp\/v2\/media\/8355"}],"wp:attachment":[{"href":"https:\/\/babyslane.com\/fr\/wp-json\/wp\/v2\/media?parent=8360"}],"wp:term":[{"taxonomy":"product_brand","embeddable":true,"href":"https:\/\/babyslane.com\/fr\/wp-json\/wp\/v2\/product_brand?post=8360"},{"taxonomy":"product_cat","embeddable":true,"href":"https:\/\/babyslane.com\/fr\/wp-json\/wp\/v2\/product_cat?post=8360"},{"taxonomy":"product_tag","embeddable":true,"href":"https:\/\/babyslane.com\/fr\/wp-json\/wp\/v2\/product_tag?post=8360"}],"curies":[{"name":"wp","href":"https:\/\/api.w.org\/{rel}","templated":true}]}}