{"id":8488,"date":"2023-11-18T13:03:19","date_gmt":"2023-11-18T12:03:19","guid":{"rendered":"https:\/\/babyslane.com\/produit\/glass-anti-colic-bottle\/"},"modified":"2024-08-09T21:25:56","modified_gmt":"2024-08-09T19:25:56","slug":"glass-anti-colic-bottle","status":"publish","type":"product","link":"https:\/\/babyslane.com\/fr\/produit\/glass-anti-colic-bottle\/","title":{"rendered":"Biberon en Verre Anti-Collique Allaitement 80ml"},"content":{"rendered":"<p><\/p>\n<div class=\"flex flex-grow flex-col max-w-full gap-3 gizmo:gap-0\">\n<div class=\"min-h-[20px] text-message peer flex flex-col items-start gap-3 whitespace-pre-wrap break-words peer-[.text-message]:mt-5 overflow-x-auto\" data-message-author-role=\"assistant\" data-message-id=\"6d473a33-77ca-45eb-a835-f8379ae2a059\">\n<div class=\"markdown prose w-full break-words dark:prose-invert light\">\n<p>D\u00e9couvrez notre Biberon d&#8217;Allaitement Anti-colique 80ml, un incontournable pour les parents modernes \u00e0 la recherche du meilleur pour leur b\u00e9b\u00e9.<\/p>\n<p><img decoding=\"async\" class=\"\" src=\"https:\/\/babyslane.com\/wp-content\/uploads\/2021\/02\/Lot-de-2-biberons-en-verre-anti-colique-1-1-1024x819.jpg\" width=\"660\" height=\"528\" \/><\/p>\n<p>Son design \u00e9l\u00e9gant et ergonomique n&#8217;est pas seulement esth\u00e9tique, il offre une prise en main facile et une facilit\u00e9 de nettoyage, faisant de ce biberon votre compagnon id\u00e9al lorsque l&#8217;allaitement direct n&#8217;est pas possible.<\/p>\n<p><img decoding=\"async\" src=\"https:\/\/cc-west-usa.oss-us-west-1.aliyuncs.com\/1d8503df-4f97-40f4-854f-d6e83e8b8935.jpg\" \/><\/p>\n<p>Mais ce qui distingue vraiment notre Mini Biberon, c&#8217;est sa t\u00e9tine ing\u00e9nieusement con\u00e7ue. Impr\u00e9gn\u00e9e du souci du d\u00e9tail, elle reproduit fid\u00e8lement la sensation du sein maternel, \u00e9liminant ainsi toute confusion sein-t\u00e9tine et assurant une transition en douceur pour votre petit tr\u00e9sor. La valve intelligente r\u00e9gule le flux d&#8217;air, disant adieu aux coliques et garantissant le bien-\u00eatre de votre b\u00e9b\u00e9.<\/p>\n<p><img decoding=\"async\" src=\"https:\/\/cc-west-usa.oss-us-west-1.aliyuncs.com\/3a8555de-5681-44c9-b6c4-6d838749d736.jpg\" \/><\/p>\n<p>Fabriqu\u00e9 sans BPA et con\u00e7u avec du silicone de qualit\u00e9 alimentaire haut de gamme, ce biberon assure une s\u00e9curit\u00e9 totale pour votre enfant. Sa capacit\u00e9 de 80 ml est parfaite pour les b\u00e9b\u00e9s de 0 \u00e0 6 mois, offrant une solution pratique et s\u00fbre pour chaque \u00e9tape du d\u00e9veloppement de votre tout-petit.<\/p>\n<p><img decoding=\"async\" src=\"https:\/\/cc-west-usa.oss-us-west-1.aliyuncs.com\/c3ba08f0-a51b-4c5a-add5-98d4de2908d6.jpg\" \/><\/p>\n<p>Optez pour la qualit\u00e9 avec notre biberon en verre r\u00e9sistant au froid et \u00e0 la chaleur, offrant une durabilit\u00e9 exceptionnelle. Faites de chaque repas un moment agr\u00e9able et sans souci pour vous et votre b\u00e9b\u00e9.<\/p>\n<p><img decoding=\"async\" class=\"alignnone size-medium wp-image-5721\" src=\"https:\/\/babyslane.com\/wp-content\/uploads\/2021\/01\/Newborn-glass-baby-bottle-anti-colic-Biberon-nouveau-ne-anti-colique-en-verre-300x300.jpg\" sizes=\"(max-width: 300px) 100vw, 300px\" srcset=\"https:\/\/babyslane.com\/wp-content\/uploads\/2021\/01\/Newborn-glass-baby-bottle-anti-colic-Biberon-nouveau-ne-anti-colique-en-verre-300x300.jpg 300w, https:\/\/babyslane.com\/wp-content\/uploads\/2021\/01\/Newborn-glass-baby-bottle-anti-colic-Biberon-nouveau-ne-anti-colique-en-verre-150x150.jpg 150w, https:\/\/babyslane.com\/wp-content\/uploads\/2021\/01\/Newborn-glass-baby-bottle-anti-colic-Biberon-nouveau-ne-anti-colique-en-verre-768x768.jpg 768w, https:\/\/babyslane.com\/wp-content\/uploads\/2021\/01\/Newborn-glass-baby-bottle-anti-colic-Biberon-nouveau-ne-anti-colique-en-verre-600x600.jpg 600w, https:\/\/babyslane.com\/wp-content\/uploads\/2021\/01\/Newborn-glass-baby-bottle-anti-colic-Biberon-nouveau-ne-anti-colique-en-verre-100x100.jpg 100w, https:\/\/babyslane.com\/wp-content\/uploads\/2021\/01\/Newborn-glass-baby-bottle-anti-colic-Biberon-nouveau-ne-anti-colique-en-verre.jpg 800w\" alt=\"\" width=\"300\" height=\"300\" \/> \u00a0 <img loading=\"lazy\" decoding=\"async\" class=\"alignnone size-medium wp-image-5720\" src=\"https:\/\/babyslane.com\/wp-content\/uploads\/2021\/01\/Anti-colic-baby-bottle-Biberon-anti-colique-en-verre-Byu-300x300.jpg\" sizes=\"(max-width: 300px) 100vw, 300px\" srcset=\"https:\/\/babyslane.com\/wp-content\/uploads\/2021\/01\/Anti-colic-baby-bottle-Biberon-anti-colique-en-verre-Byu-300x300.jpg 300w, https:\/\/babyslane.com\/wp-content\/uploads\/2021\/01\/Anti-colic-baby-bottle-Biberon-anti-colique-en-verre-Byu-150x150.jpg 150w, https:\/\/babyslane.com\/wp-content\/uploads\/2021\/01\/Anti-colic-baby-bottle-Biberon-anti-colique-en-verre-Byu-768x768.jpg 768w, https:\/\/babyslane.com\/wp-content\/uploads\/2021\/01\/Anti-colic-baby-bottle-Biberon-anti-colique-en-verre-Byu-600x600.jpg 600w, https:\/\/babyslane.com\/wp-content\/uploads\/2021\/01\/Anti-colic-baby-bottle-Biberon-anti-colique-en-verre-Byu-100x100.jpg 100w, https:\/\/babyslane.com\/wp-content\/uploads\/2021\/01\/Anti-colic-baby-bottle-Biberon-anti-colique-en-verre-Byu.jpg 790w\" alt=\"\" width=\"300\" height=\"300\" \/><\/p>\n<p>Offrez \u00e0 votre enfant le meilleur d\u00e9part possible avec notre Mini Biberon d&#8217;Allaitement Anti-colique 80ml. Parce que chaque instant compte dans la croissance de votre b\u00e9b\u00e9, choisissez la perfection pour nourrir l&#8217;amour et la sant\u00e9 d\u00e8s le d\u00e9but.<\/p>\n<p><img decoding=\"async\" src=\"https:\/\/cc-west-usa.oss-us-west-1.aliyuncs.com\/351bf865-3a05-4568-afb2-9c8473e1156b.jpg\" \/><\/p>\n<p>Caract\u00e9ristiques:<\/p>\n<p>Mat\u00e9riaux : silicone et verre<br \/>\nCol large<br \/>\nAucune odeur <span class=\"jCAhz ChMk0b\"><span class=\"ryNqvb\"><br \/>\nR\u00e9sistance aux hautes temp\u00e9ratures<\/span><\/span> <span class=\"jCAhz ChMk0b\"><span class=\"ryNqvb\"><br \/>\nAnti-colique<\/span><\/span> <span class=\"jCAhz ChMk0b\"><span class=\"ryNqvb\"><br \/>\nBoule \u00e0 gravit\u00e9 inductive<\/span><\/span> <span class=\"jCAhz ChMk0b\"><span class=\"ryNqvb\"><br \/>\nBoire confortablement sous tous les angles.<\/span><\/span> <span class=\"jCAhz ChMk0b\"><span class=\"ryNqvb\"><br \/>\nVerre antid\u00e9flagrant \u00e0 haute perm\u00e9abilit\u00e9<\/span><\/span> <span class=\"jCAhz ChMk0b\"><span class=\"ryNqvb\"><br \/>\nR\u00e9sistant au froid et \u00e0 la chaleur.<\/span><\/span> <span class=\"jCAhz ChMk0b\"><span class=\"ryNqvb\"><br \/>\nCapacit\u00e9 : 80 ml.<\/span><\/span> <span class=\"jCAhz ChMk0b\"><span class=\"ryNqvb\"><br \/>\n\u00c2ge : de 0 \u00e0 9 mois.<\/span><\/span><\/p>\n<p>Package contents:<br \/>\n1 x Biberon en verre anti-collique.<\/p>\n<\/div>\n<\/div>\n<\/div>\n<p><\/p>","protected":false},"excerpt":{"rendered":"<p><strong>Un biberon anti-colique pour le confort de b\u00e9b\u00e9.<\/strong><\/p>\n<p>De la collection BYU, les biberons anti-coliques sont dot\u00e9s d&#8217;une t\u00e9tine en silicone douce et lisse, pour permettre \u00e0 votre enfant de se familiariser avec le biberon <strong>pour une t\u00e9t\u00e9e confortable<\/strong>, ce qui contribue \u00e0 assurer une <strong>transition en douceur de l&#8217;allaitement au biberon.<\/strong><\/p>\n","protected":false},"featured_media":8485,"comment_status":"open","ping_status":"closed","template":"","meta":[],"product_brand":[],"product_cat":[37,217,31],"product_tag":[],"class_list":{"0":"post-8488","1":"product","2":"type-product","3":"status-publish","4":"has-post-thumbnail","6":"product_cat-everyday-baby-essentials","7":"product_cat-baby-bottles","8":"product_cat-feeding","10":"first","11":"instock","12":"sale","13":"shipping-taxable","14":"purchasable","15":"product-type-variable"},"_links":{"self":[{"href":"https:\/\/babyslane.com\/fr\/wp-json\/wp\/v2\/product\/8488","targetHints":{"allow":["GET"]}}],"collection":[{"href":"https:\/\/babyslane.com\/fr\/wp-json\/wp\/v2\/product"}],"about":[{"href":"https:\/\/babyslane.com\/fr\/wp-json\/wp\/v2\/types\/product"}],"replies":[{"embeddable":true,"href":"https:\/\/babyslane.com\/fr\/wp-json\/wp\/v2\/comments?post=8488"}],"version-history":[{"count":7,"href":"https:\/\/babyslane.com\/fr\/wp-json\/wp\/v2\/product\/8488\/revisions"}],"predecessor-version":[{"id":10253,"href":"https:\/\/babyslane.com\/fr\/wp-json\/wp\/v2\/product\/8488\/revisions\/10253"}],"wp:featuredmedia":[{"embeddable":true,"href":"https:\/\/babyslane.com\/fr\/wp-json\/wp\/v2\/media\/8485"}],"wp:attachment":[{"href":"https:\/\/babyslane.com\/fr\/wp-json\/wp\/v2\/media?parent=8488"}],"wp:term":[{"taxonomy":"product_brand","embeddable":true,"href":"https:\/\/babyslane.com\/fr\/wp-json\/wp\/v2\/product_brand?post=8488"},{"taxonomy":"product_cat","embeddable":true,"href":"https:\/\/babyslane.com\/fr\/wp-json\/wp\/v2\/product_cat?post=8488"},{"taxonomy":"product_tag","embeddable":true,"href":"https:\/\/babyslane.com\/fr\/wp-json\/wp\/v2\/product_tag?post=8488"}],"curies":[{"name":"wp","href":"https:\/\/api.w.org\/{rel}","templated":true}]}}