{"id":8660,"date":"2023-11-25T15:17:42","date_gmt":"2023-11-25T14:17:42","guid":{"rendered":"https:\/\/babyslane.com\/produit\/imitation-wooden-toy-for-cleaning-and-sanitation-mop\/"},"modified":"2023-11-30T20:25:45","modified_gmt":"2023-11-30T19:25:45","slug":"imitation-wooden-toy-for-cleaning-and-sanitation-mop","status":"publish","type":"product","link":"https:\/\/babyslane.com\/fr\/produit\/imitation-wooden-toy-for-cleaning-and-sanitation-mop\/","title":{"rendered":"Set De Nettoyage-M\u00e9nage en Bois Enfant Montessori"},"content":{"rendered":"<p><img decoding=\"async\" src=\"https:\/\/cc-west-usa.oss-us-west-1.aliyuncs.com\/1616051561645.jpg\" \/><\/p>\n<p>D\u00e9couvrez notre Set de Nettoyage en Bois Montessori, sp\u00e9cialement con\u00e7u pour les enfants et compos\u00e9 d&#8217;un balai, d&#8217;une balayette, d&#8217;un mop et d&#8217;un \u00e9pousseteur. Au-del\u00e0 du simple aspect ludique, l&#8217;engagement des enfants dans des t\u00e2ches m\u00e9nag\u00e8res favorise leur d\u00e9veloppement.<\/p>\n<p><img fetchpriority=\"high\" decoding=\"async\" class=\"alignnone size-full wp-image-8658\" src=\"https:\/\/babyslane.com\/wp-content\/uploads\/2023\/11\/1616051600946.jpg\" alt=\"\" width=\"800\" height=\"800\" srcset=\"https:\/\/babyslane.com\/wp-content\/uploads\/2023\/11\/1616051600946.jpg 800w, https:\/\/babyslane.com\/wp-content\/uploads\/2023\/11\/1616051600946-300x300.jpg 300w, https:\/\/babyslane.com\/wp-content\/uploads\/2023\/11\/1616051600946-150x150.jpg 150w, https:\/\/babyslane.com\/wp-content\/uploads\/2023\/11\/1616051600946-768x768.jpg 768w, https:\/\/babyslane.com\/wp-content\/uploads\/2023\/11\/1616051600946-600x600.jpg 600w, https:\/\/babyslane.com\/wp-content\/uploads\/2023\/11\/1616051600946-100x100.jpg 100w\" sizes=\"(max-width: 800px) 100vw, 800px\" \/><\/p>\n<p>En attribuant des responsabilit\u00e9s domestiques, ce set r\u00e9pond \u00e0 leur besoin fondamental de se sentir utile, encourage l&#8217;ind\u00e9pendance et renforce la confiance en soi.<\/p>\n<p><img decoding=\"async\" src=\"https:\/\/cc-west-usa.oss-us-west-1.aliyuncs.com\/1616051561644.jpg\" \/><\/p>\n<div class=\"flex flex-grow flex-col max-w-full\">\n<div class=\"min-h-[20px] text-message flex flex-col items-start gap-3 whitespace-pre-wrap break-words [.text-message+&amp;]:mt-5 overflow-x-auto\" data-message-author-role=\"assistant\" data-message-id=\"38e11eb2-7812-405a-b789-7aad15639a02\">\n<div class=\"markdown prose w-full break-words dark:prose-invert light\">\n<p>En participant activement aux t\u00e2ches m\u00e9nag\u00e8res, les enfants d\u00e9veloppent un sentiment de gratitude envers leurs parents et renforcent leurs liens familiaux.<\/p>\n<p><img decoding=\"async\" src=\"https:\/\/cc-west-usa.oss-us-west-1.aliyuncs.com\/1616051561641.jpg\" \/><\/p>\n<p>Offrez \u00e0 vos petits la possibilit\u00e9 d&#8217;apprendre tout en s&#8217;amusant, tout en cultivant des valeurs importantes telles que la responsabilit\u00e9 et l&#8217;appr\u00e9ciation du travail accompli.<\/p>\n<\/div>\n<\/div>\n<\/div>\n<p><img decoding=\"async\" src=\"https:\/\/cc-west-usa.oss-us-west-1.aliyuncs.com\/1616051561643.jpg\" \/><\/p>\n<p>Notre Set de Nettoyage en Bois Montessori est bien plus qu&#8217;un jouet ; c&#8217;est une opportunit\u00e9 d&#8217;\u00e9panouissement et d&#8217;apprentissage pr\u00e9cieux pour vos enfants.<\/p>\n<p><b>Product information:<\/b><\/p>\n<p>Main material: High-quality wood<\/p>\n<p>Suitable age: Over 2 years old<\/p>\n<p>Paint surface: Water-based paint process<\/p>","protected":false},"excerpt":{"rendered":"<p>Notre Set de Nettoyage en Bois Montessori offre bien plus qu&#8217;une exp\u00e9rience ludique.<\/p>\n<p>Compos\u00e9 d&#8217;un balai, une balayette, un mop et un \u00e9pousseteur, <strong>il encourage l&#8217;ind\u00e9pendance, renforce la confiance en soi et r\u00e9pond au besoin inn\u00e9 des enfants de se sentir utiles.<\/strong><\/p>\n<p>En participant aux t\u00e2ches m\u00e9nag\u00e8res, <strong>ils cultivent la gratitude et renforcent leurs liens familiaux, transformant le nettoyage en une opportunit\u00e9 d&#8217;apprentissage enrichissante.<\/strong><\/p>\n<p>Offrez \u00e0 vos enfants un jouet qui <strong>\u00e9duque, divertit et d\u00e9veloppe des valeurs essentielles.<\/strong><\/p>\n","protected":false},"featured_media":8654,"comment_status":"open","ping_status":"closed","template":"","meta":[],"product_brand":[],"product_cat":[33],"product_tag":[],"class_list":{"0":"post-8660","1":"product","2":"type-product","3":"status-publish","4":"has-post-thumbnail","6":"product_cat-educational-toys","8":"first","9":"instock","10":"sale","11":"shipping-taxable","12":"purchasable","13":"product-type-simple"},"_links":{"self":[{"href":"https:\/\/babyslane.com\/fr\/wp-json\/wp\/v2\/product\/8660","targetHints":{"allow":["GET"]}}],"collection":[{"href":"https:\/\/babyslane.com\/fr\/wp-json\/wp\/v2\/product"}],"about":[{"href":"https:\/\/babyslane.com\/fr\/wp-json\/wp\/v2\/types\/product"}],"replies":[{"embeddable":true,"href":"https:\/\/babyslane.com\/fr\/wp-json\/wp\/v2\/comments?post=8660"}],"version-history":[{"count":6,"href":"https:\/\/babyslane.com\/fr\/wp-json\/wp\/v2\/product\/8660\/revisions"}],"predecessor-version":[{"id":8988,"href":"https:\/\/babyslane.com\/fr\/wp-json\/wp\/v2\/product\/8660\/revisions\/8988"}],"wp:featuredmedia":[{"embeddable":true,"href":"https:\/\/babyslane.com\/fr\/wp-json\/wp\/v2\/media\/8654"}],"wp:attachment":[{"href":"https:\/\/babyslane.com\/fr\/wp-json\/wp\/v2\/media?parent=8660"}],"wp:term":[{"taxonomy":"product_brand","embeddable":true,"href":"https:\/\/babyslane.com\/fr\/wp-json\/wp\/v2\/product_brand?post=8660"},{"taxonomy":"product_cat","embeddable":true,"href":"https:\/\/babyslane.com\/fr\/wp-json\/wp\/v2\/product_cat?post=8660"},{"taxonomy":"product_tag","embeddable":true,"href":"https:\/\/babyslane.com\/fr\/wp-json\/wp\/v2\/product_tag?post=8660"}],"curies":[{"name":"wp","href":"https:\/\/api.w.org\/{rel}","templated":true}]}}