{"id":8676,"date":"2023-11-25T15:23:34","date_gmt":"2023-11-25T14:23:34","guid":{"rendered":"https:\/\/babyslane.com\/produit\/early-education-wooden-balancing-cactus-toy-removable-building-blocks-for-baby-kids-developmental-intelligence-toy\/"},"modified":"2023-11-30T15:45:18","modified_gmt":"2023-11-30T14:45:18","slug":"early-education-wooden-balancing-cactus-toy-removable-building-blocks-for-baby-kids-developmental-intelligence-toy","status":"publish","type":"product","link":"https:\/\/babyslane.com\/fr\/produit\/early-education-wooden-balancing-cactus-toy-removable-building-blocks-for-baby-kids-developmental-intelligence-toy\/","title":{"rendered":"Jouet Educatif Cactus \u00e9quilibre \u00e0 Construire Montessori"},"content":{"rendered":"<p><img decoding=\"async\" style=\"max-width: 100%;\" src=\"https:\/\/cc-west-usa.oss-us-west-1.aliyuncs.com\/2f25c601-3634-43a4-a363-05a42913cd59.jpg\" \/><br \/>\n<img decoding=\"async\" style=\"font-size: 14px; max-width: 100%;\" src=\"https:\/\/cc-west-usa.oss-us-west-1.aliyuncs.com\/3135321d-b129-43c9-b39e-b760ec8690a6.jpg\" \/><br \/>\n<img decoding=\"async\" style=\"font-size: 14px; max-width: 100%;\" src=\"https:\/\/cc-west-usa.oss-us-west-1.aliyuncs.com\/9f1e625a-a169-4690-a250-b22ef650d03d.jpg\" \/><br \/>\n<img decoding=\"async\" style=\"font-size: 14px; max-width: 100%;\" src=\"https:\/\/cc-west-usa.oss-us-west-1.aliyuncs.com\/d5a3b80d-30ac-4671-9a01-160559f1b6eb.jpg\" \/><\/p>\n<p>Chaque cheville en bois, soigneusement ponc\u00e9e et polie, offre une exp\u00e9rience tactile s\u00fbre, stimulant le sens du toucher des petits. Sans odeurs chimiques ni peintures, les couleurs non toxiques garantissent une s\u00e9curit\u00e9 totale, contribuant \u00e0 un environnement de jeu sain.<\/p>\n<p>Ce jeu stimule la r\u00e9flexion et la r\u00e9solution de probl\u00e8mes, car les enfants doivent strat\u00e9giquement placer les chevilles pour maintenir l&#8217;\u00e9quilibre du cactus. En encourageant l&#8217;interaction sociale et le travail d&#8217;\u00e9quipe, il offre une exp\u00e9rience \u00e9ducative compl\u00e8te o\u00f9 les enfants apprennent en s&#8217;amusant. Offrez \u00e0 vos petits aventuriers une opportunit\u00e9 d&#8217;explorer, de r\u00e9fl\u00e9chir et de grandir tout en s&#8217;amusant avec notre jouet &#8220;Cactus \u00c9quilibre en Bois&#8221;.<\/p>\n<p>&nbsp;<\/p>\n<div class=\"flex flex-grow flex-col max-w-full\">\n<div class=\"min-h-[20px] text-message flex flex-col items-start gap-3 whitespace-pre-wrap break-words [.text-message+&amp;]:mt-5 overflow-x-auto\" data-message-author-role=\"assistant\" data-message-id=\"292fef6f-8771-4d20-bcc2-40f4b49cb9bb\">\n<div class=\"markdown prose w-full break-words dark:prose-invert light\">\n<p>Sp\u00e9cifications :<\/p>\n<p>Couleur : comme indiqu\u00e9 sur la photo<\/p>\n<p>Mat\u00e9riau : Bois<\/p>\n<p>Contenu de l&#8217;emballage :<\/p>\n<p>1 x Ensemble de jouets en bois &#8211; Cactus<\/p>\n<p>Remarque :<\/p>\n<ol>\n<li>Mesure manuelle, veuillez autoriser une erreur de 1 \u00e0 3 mm.<\/li>\n<li>En raison de la diff\u00e9rence entre les diff\u00e9rents moniteurs, l&#8217;image peut ne pas refl\u00e9ter la couleur r\u00e9elle de l&#8217;article. Nous garantissons que le style est le m\u00eame que celui montr\u00e9 sur la photo.<\/li>\n<\/ol>\n<\/div>\n<\/div>\n<\/div>\n<p>&nbsp;<\/p>\n<p>&nbsp;<\/p>","protected":false},"excerpt":{"rendered":"<p>Explorez le jouet &#8220;Cactus \u00c9quilibre en Bois&#8221; qui va bien au-del\u00e0 du divertissement, favorisant le d\u00e9veloppement moteur, la coordination main-\u0153il, et le d\u00e9veloppement cognitif chez les enfants.<\/p>\n","protected":false},"featured_media":8670,"comment_status":"open","ping_status":"closed","template":"","meta":[],"product_brand":[],"product_cat":[33],"product_tag":[],"class_list":{"0":"post-8676","1":"product","2":"type-product","3":"status-publish","4":"has-post-thumbnail","6":"product_cat-educational-toys","8":"first","9":"instock","10":"sale","11":"shipping-taxable","12":"purchasable","13":"product-type-variable"},"_links":{"self":[{"href":"https:\/\/babyslane.com\/fr\/wp-json\/wp\/v2\/product\/8676","targetHints":{"allow":["GET"]}}],"collection":[{"href":"https:\/\/babyslane.com\/fr\/wp-json\/wp\/v2\/product"}],"about":[{"href":"https:\/\/babyslane.com\/fr\/wp-json\/wp\/v2\/types\/product"}],"replies":[{"embeddable":true,"href":"https:\/\/babyslane.com\/fr\/wp-json\/wp\/v2\/comments?post=8676"}],"version-history":[{"count":1,"href":"https:\/\/babyslane.com\/fr\/wp-json\/wp\/v2\/product\/8676\/revisions"}],"predecessor-version":[{"id":8980,"href":"https:\/\/babyslane.com\/fr\/wp-json\/wp\/v2\/product\/8676\/revisions\/8980"}],"wp:featuredmedia":[{"embeddable":true,"href":"https:\/\/babyslane.com\/fr\/wp-json\/wp\/v2\/media\/8670"}],"wp:attachment":[{"href":"https:\/\/babyslane.com\/fr\/wp-json\/wp\/v2\/media?parent=8676"}],"wp:term":[{"taxonomy":"product_brand","embeddable":true,"href":"https:\/\/babyslane.com\/fr\/wp-json\/wp\/v2\/product_brand?post=8676"},{"taxonomy":"product_cat","embeddable":true,"href":"https:\/\/babyslane.com\/fr\/wp-json\/wp\/v2\/product_cat?post=8676"},{"taxonomy":"product_tag","embeddable":true,"href":"https:\/\/babyslane.com\/fr\/wp-json\/wp\/v2\/product_tag?post=8676"}],"curies":[{"name":"wp","href":"https:\/\/api.w.org\/{rel}","templated":true}]}}