{"id":8689,"date":"2023-11-25T15:51:00","date_gmt":"2023-11-25T14:51:00","guid":{"rendered":"https:\/\/babyslane.com\/produit\/diy-kids-toy-clean-up-and-storage-container-foldable-kids-storage\/"},"modified":"2023-11-30T14:28:30","modified_gmt":"2023-11-30T13:28:30","slug":"diy-kids-toy-clean-up-and-storage-container-foldable-kids-storage","status":"publish","type":"product","link":"https:\/\/babyslane.com\/fr\/produit\/diy-kids-toy-clean-up-and-storage-container-foldable-kids-storage\/","title":{"rendered":"Panier pliable de rangement de jouets avec tapis de jeu"},"content":{"rendered":"<p><img decoding=\"async\" style=\"max-width: 100%;\" src=\"https:\/\/cc-west-usa.oss-us-west-1.aliyuncs.com\/1620805740568.jpg\" \/><br \/>\n<img decoding=\"async\" style=\"max-width: 100%;\" src=\"https:\/\/cc-west-usa.oss-us-west-1.aliyuncs.com\/1620805740551.jpg\" \/><br \/>\n<img decoding=\"async\" style=\"max-width: 100%;\" src=\"https:\/\/cc-west-usa.oss-us-west-1.aliyuncs.com\/1620805740560.jpg\" \/><br \/>\n<img decoding=\"async\" style=\"max-width: 100%;\" src=\"https:\/\/cc-west-usa.oss-us-west-1.aliyuncs.com\/1620805740555.jpg\" \/><br \/>\n<img decoding=\"async\" style=\"max-width: 100%;\" src=\"https:\/\/cc-west-usa.oss-us-west-1.aliyuncs.com\/1620805740567.jpg\" \/><strong>Product<\/strong><b> Content:<br \/>\n<\/b><\/p>\n<p>1 Storage Box<\/p>","protected":false},"excerpt":{"rendered":"<div class=\"flex flex-grow flex-col max-w-full\">\n<div class=\"min-h-[20px] text-message flex flex-col items-start gap-3 whitespace-pre-wrap break-words [.text-message+&amp;]:mt-5 overflow-x-auto\" data-message-author-role=\"assistant\" data-message-id=\"81249c56-42d9-490e-a910-9e3d361078de\">\n<div class=\"markdown prose w-full break-words dark:prose-invert light\">\n<p>Fatigu\u00e9 de voir des jouets \u00e9parpill\u00e9s partout ?<\/p>\n<\/div>\n<\/div>\n<\/div>\n<p>Transformez le d\u00e9sordre en ordre en un clin d&#8217;\u0153il, offrant \u00e0 votre enfant un espace de jeu propre et organis\u00e9 en un temps record.<\/p>\n<p>Simplifiez votre quotidien avec notre solution r\u00e9volutionnaire de rangement de jouets. Optez pour notre Panier de Rangement de Jouets Pliable avec Tapis de Jeu int\u00e9gr\u00e9 !<\/p>\n","protected":false},"featured_media":8683,"comment_status":"open","ping_status":"closed","template":"","meta":[],"product_brand":[],"product_cat":[33],"product_tag":[],"class_list":{"0":"post-8689","1":"product","2":"type-product","3":"status-publish","4":"has-post-thumbnail","6":"product_cat-educational-toys","8":"first","9":"instock","10":"sale","11":"shipping-taxable","12":"purchasable","13":"product-type-variable","14":"has-default-attributes"},"_links":{"self":[{"href":"https:\/\/babyslane.com\/fr\/wp-json\/wp\/v2\/product\/8689","targetHints":{"allow":["GET"]}}],"collection":[{"href":"https:\/\/babyslane.com\/fr\/wp-json\/wp\/v2\/product"}],"about":[{"href":"https:\/\/babyslane.com\/fr\/wp-json\/wp\/v2\/types\/product"}],"replies":[{"embeddable":true,"href":"https:\/\/babyslane.com\/fr\/wp-json\/wp\/v2\/comments?post=8689"}],"version-history":[{"count":2,"href":"https:\/\/babyslane.com\/fr\/wp-json\/wp\/v2\/product\/8689\/revisions"}],"predecessor-version":[{"id":8974,"href":"https:\/\/babyslane.com\/fr\/wp-json\/wp\/v2\/product\/8689\/revisions\/8974"}],"wp:featuredmedia":[{"embeddable":true,"href":"https:\/\/babyslane.com\/fr\/wp-json\/wp\/v2\/media\/8683"}],"wp:attachment":[{"href":"https:\/\/babyslane.com\/fr\/wp-json\/wp\/v2\/media?parent=8689"}],"wp:term":[{"taxonomy":"product_brand","embeddable":true,"href":"https:\/\/babyslane.com\/fr\/wp-json\/wp\/v2\/product_brand?post=8689"},{"taxonomy":"product_cat","embeddable":true,"href":"https:\/\/babyslane.com\/fr\/wp-json\/wp\/v2\/product_cat?post=8689"},{"taxonomy":"product_tag","embeddable":true,"href":"https:\/\/babyslane.com\/fr\/wp-json\/wp\/v2\/product_tag?post=8689"}],"curies":[{"name":"wp","href":"https:\/\/api.w.org\/{rel}","templated":true}]}}