{"id":8705,"date":"2023-11-25T15:52:49","date_gmt":"2023-11-25T14:52:49","guid":{"rendered":"https:\/\/babyslane.com\/produit\/kids-kitchen-toy-appliances-cooking-pots-set\/"},"modified":"2023-11-30T11:01:45","modified_gmt":"2023-11-30T10:01:45","slug":"kids-kitchen-toy-appliances-cooking-pots-set","status":"publish","type":"product","link":"https:\/\/babyslane.com\/fr\/produit\/kids-kitchen-toy-appliances-cooking-pots-set\/","title":{"rendered":"Jouet Educatif Robot Patissier en Bois Montessori"},"content":{"rendered":"<p><img decoding=\"async\" style=\"max-width: 100%;\" src=\"https:\/\/cc-west-usa.oss-us-west-1.aliyuncs.com\/429c6186-992f-40c9-ab81-1f438b9263a3.jpg\" \/><br \/>\n<img decoding=\"async\" style=\"max-width: 100%;\" src=\"https:\/\/cc-west-usa.oss-us-west-1.aliyuncs.com\/546a7155-50e9-40a4-abb8-8fe6b987f8aa.jpg\" \/><br \/>\n<img decoding=\"async\" style=\"max-width: 100%;\" src=\"https:\/\/cc-west-usa.oss-us-west-1.aliyuncs.com\/96a883f4-58f0-4857-b1fd-40bc9b03c908.jpg\" \/><br \/>\n<img decoding=\"async\" style=\"max-width: 100%;\" src=\"https:\/\/cc-west-usa.oss-us-west-1.aliyuncs.com\/7ff0b86b-c893-415a-9cf1-a248cd70cd6a.jpg\" \/><br \/>\n<img decoding=\"async\" style=\"max-width: 100%;\" src=\"https:\/\/cc-west-usa.oss-us-west-1.aliyuncs.com\/7ad65b6f-58c3-42b9-8b90-e48e6a5f357e.jpg\" \/><\/p>\n<div class=\"flex flex-grow flex-col max-w-full\">\n<div class=\"min-h-[20px] text-message flex flex-col items-start gap-3 whitespace-pre-wrap break-words [.text-message+&amp;]:mt-5 overflow-x-auto\" data-message-author-role=\"assistant\" data-message-id=\"3d775f2c-d9d9-4e1d-8270-3ef321945e3f\">\n<div class=\"markdown prose w-full break-words dark:prose-invert light\">\n<p>\u00c2ge recommand\u00e9 : 36 mois et plus<\/p>\n<p>Mat\u00e9riau principal : Bois<\/p>\n<p>Informations sur la taille : 17<em>16,2<\/em>9 cm<\/p>\n<p>Contenu de l&#8217;emballage :<\/p>\n<p>1 Jouet Robot patissier en bois<\/p>\n<\/div>\n<\/div>\n<\/div>\n<p><\/p>","protected":false},"excerpt":{"rendered":"<p>Stimulez la cr\u00e9ativit\u00e9 de votre enfant avec notre Robot Patissier en Bois pour une exp\u00e9rience parfaite de la cuisine de jeu !<\/p>\n<p>Un cadeau d&#8217;apprentissage id\u00e9al pour les b\u00e9b\u00e9s et les tout-petits, il d\u00e9veloppe leurs comp\u00e9tences \u00e0 travers le jeu de simulation et le r\u00f4le.<\/p>\n<p>Regardez votre enfant s&#8217;immerger joyeusement dans des sc\u00e9narios imaginaires, favorisant le sens des chiffres, le langage et les comp\u00e9tences en r\u00e9solution de probl\u00e8mes.<\/p>\n<p>\u00c9levez le temps de jeu avec cet ensemble, offrant un plaisir sans fin pour le jeu ind\u00e9pendant ou en groupe !<\/p>\n","protected":false},"featured_media":8700,"comment_status":"open","ping_status":"closed","template":"","meta":[],"product_brand":[],"product_cat":[33],"product_tag":[],"class_list":{"0":"post-8705","1":"product","2":"type-product","3":"status-publish","4":"has-post-thumbnail","6":"product_cat-educational-toys","8":"first","9":"instock","10":"sale","11":"shipping-taxable","12":"purchasable","13":"product-type-simple"},"_links":{"self":[{"href":"https:\/\/babyslane.com\/fr\/wp-json\/wp\/v2\/product\/8705","targetHints":{"allow":["GET"]}}],"collection":[{"href":"https:\/\/babyslane.com\/fr\/wp-json\/wp\/v2\/product"}],"about":[{"href":"https:\/\/babyslane.com\/fr\/wp-json\/wp\/v2\/types\/product"}],"replies":[{"embeddable":true,"href":"https:\/\/babyslane.com\/fr\/wp-json\/wp\/v2\/comments?post=8705"}],"version-history":[{"count":1,"href":"https:\/\/babyslane.com\/fr\/wp-json\/wp\/v2\/product\/8705\/revisions"}],"predecessor-version":[{"id":8971,"href":"https:\/\/babyslane.com\/fr\/wp-json\/wp\/v2\/product\/8705\/revisions\/8971"}],"wp:featuredmedia":[{"embeddable":true,"href":"https:\/\/babyslane.com\/fr\/wp-json\/wp\/v2\/media\/8700"}],"wp:attachment":[{"href":"https:\/\/babyslane.com\/fr\/wp-json\/wp\/v2\/media?parent=8705"}],"wp:term":[{"taxonomy":"product_brand","embeddable":true,"href":"https:\/\/babyslane.com\/fr\/wp-json\/wp\/v2\/product_brand?post=8705"},{"taxonomy":"product_cat","embeddable":true,"href":"https:\/\/babyslane.com\/fr\/wp-json\/wp\/v2\/product_cat?post=8705"},{"taxonomy":"product_tag","embeddable":true,"href":"https:\/\/babyslane.com\/fr\/wp-json\/wp\/v2\/product_tag?post=8705"}],"curies":[{"name":"wp","href":"https:\/\/api.w.org\/{rel}","templated":true}]}}