{"id":8713,"date":"2023-11-25T16:32:49","date_gmt":"2023-11-25T15:32:49","guid":{"rendered":"https:\/\/babyslane.com\/produit\/cute-fruit-avocado-plush-toy-stuffed-doll-baby-kids-children-girls-boys-creativey-birthday-gift-sofa-cushion-home-room-decor\/"},"modified":"2023-11-30T11:59:33","modified_gmt":"2023-11-30T10:59:33","slug":"cute-fruit-avocado-plush-toy-stuffed-doll-baby-kids-children-girls-boys-creativey-birthday-gift-sofa-cushion-home-room-decor","status":"publish","type":"product","link":"https:\/\/babyslane.com\/fr\/produit\/cute-fruit-avocado-plush-toy-stuffed-doll-baby-kids-children-girls-boys-creativey-birthday-gift-sofa-cushion-home-room-decor\/","title":{"rendered":"Peluche Avocat Mignon Jouet Enfant 3 en 1 &#038; Decoration Chambre"},"content":{"rendered":"<p><strong><a href=\"https:\/\/detail.1688.com\/offer\/614521147127.html\" target=\"_blank\" rel=\"noopener\"><br \/>\n<img decoding=\"async\" src=\"https:\/\/cc-west-usa.oss-us-west-1.aliyuncs.com\/16778016\/1631595053782798336.jpg\" alt=\"undefined\" \/><\/a><\/strong><\/p>\n<p><img decoding=\"async\" src=\"https:\/\/cc-west-usa.oss-us-west-1.aliyuncs.com\/16778016\/1631595060946669568.jpg\" alt=\"undefined\" \/><\/p>\n<p><img decoding=\"async\" style=\"max-width: 100%;\" src=\"https:\/\/cc-west-usa.oss-us-west-1.aliyuncs.com\/1612172113947.jpg\" \/><br \/>\n<img decoding=\"async\" style=\"max-width: 100%;\" src=\"https:\/\/cc-west-usa.oss-us-west-1.aliyuncs.com\/1612172113938.jpg\" \/><br \/>\n<img decoding=\"async\" style=\"max-width: 100%;\" src=\"https:\/\/cc-west-usa.oss-us-west-1.aliyuncs.com\/1612172113939.jpg\" \/><br \/>\n<img decoding=\"async\" style=\"max-width: 100%;\" src=\"https:\/\/cc-west-usa.oss-us-west-1.aliyuncs.com\/1612172113941.jpg\" \/><br \/>\n<img decoding=\"async\" src=\"https:\/\/cc-west-usa.oss-us-west-1.aliyuncs.com\/1612172113951.jpg\" \/><\/p>\n<div class=\"flex flex-grow flex-col max-w-full\">\n<div class=\"min-h-[20px] text-message flex flex-col items-start gap-3 whitespace-pre-wrap break-words [.text-message+&amp;]:mt-5 overflow-x-auto\" data-message-author-role=\"assistant\" data-message-id=\"975a1714-6b9d-4cb8-905b-900350971c2b\">\n<div class=\"markdown prose w-full break-words dark:prose-invert light\">\n<p>Doux et Confortable : Design en peluche, tr\u00e8s mignon, rempli de coton PP de haute qualit\u00e9, doux et confortable, et tr\u00e8s souple, parfait pour jouer et c\u00e2liner.<\/p>\n<ol start=\"2\">\n<li>Peluche : Cette peluche peut vous accompagner au bureau, \u00e0 la maison, en voiture ou partout o\u00f9 vous voulez plus d&#8217;amusement et de mignonnerie.<\/li>\n<li>Cadeau Parfait : Le cadeau parfait pour n&#8217;importe quelle occasion.<\/li>\n<li>Ambiance Fantaisiste : La peluche de haute qualit\u00e9 et douce ajoutera une ambiance fantaisiste \u00e0 n&#8217;importe quel environnement.<\/li>\n<li>\u00c2ge Appropri\u00e9 : La peluche convient tr\u00e8s bien aux enfants de plus d&#8217;un an.<\/li>\n<\/ol>\n<p>Sp\u00e9cifications :<\/p>\n<p>Mat\u00e9riel : peluche douce et coton PP<\/p>\n<p>Hauteur : 35*20 cm<\/p>\n<p>Contenu de l&#8217;emballage :<\/p>\n<p>1 X Coussin Peluche Avocat<\/p>\n<\/div>\n<\/div>\n<\/div>\n<p><\/p>","protected":false},"excerpt":{"rendered":"<p>Partez \u00e0 l&#8217;aventure avec notre Peluche Avocat ! Ce charmant jouet en forme d&#8217;avocat s&#8217;ouvre pour r\u00e9v\u00e9ler un noyau pelucheux, ajoutant une touche de surprise.<\/p>\n<p>Id\u00e9ale pour tous les \u00e2ges, c&#8217;est le cadeau parfait pour \u00e9gayer n&#8217;importe quelle occasion.<\/p>\n<p>Attrapez votre Peluche Avocat maintenant, ouvrez-la pour d\u00e9couvrir la joie, et partagez cette adorable d\u00e9couverte ! \ud83e\udd51\u2728<\/p>\n<p>#SurpriseAvocat #CompagnonMignon<\/p>\n","protected":false},"featured_media":8714,"comment_status":"open","ping_status":"closed","template":"","meta":[],"product_brand":[],"product_cat":[33,39],"product_tag":[],"class_list":{"0":"post-8713","1":"product","2":"type-product","3":"status-publish","4":"has-post-thumbnail","6":"product_cat-educational-toys","7":"product_cat-new-arrivals","9":"first","10":"instock","11":"sale","12":"shipping-taxable","13":"purchasable","14":"product-type-simple"},"_links":{"self":[{"href":"https:\/\/babyslane.com\/fr\/wp-json\/wp\/v2\/product\/8713","targetHints":{"allow":["GET"]}}],"collection":[{"href":"https:\/\/babyslane.com\/fr\/wp-json\/wp\/v2\/product"}],"about":[{"href":"https:\/\/babyslane.com\/fr\/wp-json\/wp\/v2\/types\/product"}],"replies":[{"embeddable":true,"href":"https:\/\/babyslane.com\/fr\/wp-json\/wp\/v2\/comments?post=8713"}],"version-history":[{"count":5,"href":"https:\/\/babyslane.com\/fr\/wp-json\/wp\/v2\/product\/8713\/revisions"}],"predecessor-version":[{"id":8972,"href":"https:\/\/babyslane.com\/fr\/wp-json\/wp\/v2\/product\/8713\/revisions\/8972"}],"wp:featuredmedia":[{"embeddable":true,"href":"https:\/\/babyslane.com\/fr\/wp-json\/wp\/v2\/media\/8714"}],"wp:attachment":[{"href":"https:\/\/babyslane.com\/fr\/wp-json\/wp\/v2\/media?parent=8713"}],"wp:term":[{"taxonomy":"product_brand","embeddable":true,"href":"https:\/\/babyslane.com\/fr\/wp-json\/wp\/v2\/product_brand?post=8713"},{"taxonomy":"product_cat","embeddable":true,"href":"https:\/\/babyslane.com\/fr\/wp-json\/wp\/v2\/product_cat?post=8713"},{"taxonomy":"product_tag","embeddable":true,"href":"https:\/\/babyslane.com\/fr\/wp-json\/wp\/v2\/product_tag?post=8713"}],"curies":[{"name":"wp","href":"https:\/\/api.w.org\/{rel}","templated":true}]}}