{"id":8732,"date":"2023-11-25T16:46:38","date_gmt":"2023-11-25T15:46:38","guid":{"rendered":"https:\/\/babyslane.com\/produit\/balance-scale-toy\/"},"modified":"2023-11-30T09:40:30","modified_gmt":"2023-11-30T08:40:30","slug":"balance-scale-toy","status":"publish","type":"product","link":"https:\/\/babyslane.com\/fr\/produit\/balance-scale-toy\/","title":{"rendered":"Jouet Balance \u00e0 Peser en bois Montessori"},"content":{"rendered":"<p><\/p>\n<div><img decoding=\"async\" src=\"https:\/\/cc-west-usa.oss-us-west-1.aliyuncs.com\/16778016\/1631708073926201344.jpg\" \/><br \/>\n<img decoding=\"async\" src=\"https:\/\/cc-west-usa.oss-us-west-1.aliyuncs.com\/16778016\/1631708074848948224.jpg\" \/><br \/>\n<img decoding=\"async\" src=\"https:\/\/cc-west-usa.oss-us-west-1.aliyuncs.com\/16778016\/1631708076878991360.jpg\" \/><br \/>\n<img decoding=\"async\" src=\"https:\/\/cc-west-usa.oss-us-west-1.aliyuncs.com\/16778016\/1631708077466193920.jpg\" \/><br \/>\n<img decoding=\"async\" src=\"https:\/\/cc-west-usa.oss-us-west-1.aliyuncs.com\/16778016\/1631708079378796544.jpg\" \/><br \/>\n<img decoding=\"async\" src=\"https:\/\/cc-west-usa.oss-us-west-1.aliyuncs.com\/16778016\/1631708079697563648.jpg\" \/><br \/>\n<img decoding=\"async\" src=\"https:\/\/cc-west-usa.oss-us-west-1.aliyuncs.com\/16778016\/1631708080460926976.jpg\" \/><br \/>\n<img decoding=\"async\" src=\"https:\/\/cc-west-usa.oss-us-west-1.aliyuncs.com\/16778016\/1631708082356752384.jpg\" \/><br \/>\n<img decoding=\"async\" src=\"https:\/\/cc-west-usa.oss-us-west-1.aliyuncs.com\/16778016\/1631708083610849280.jpg\" \/><\/div>\n<div><img decoding=\"async\" src=\"https:\/\/cc-west-usa.oss-us-west-1.aliyuncs.com\/16778016\/1631708083837341696.jpg\" \/><\/div>\n<p><\/p>","protected":false},"excerpt":{"rendered":"<p>Un cadeau \u00e9ducatif qui \u00e9veillera la curiosit\u00e9 et l&#8217;enthousiasme de votre enfant pour les math\u00e9matiques et les sciences !<\/p>\n<p>Laissez votre enfant explorer le monde de la mesure avec notre Balance \u00c9ducative ! Dot\u00e9e d&#8217;un plateau et de diff\u00e9rents poids, cette balance offre une exp\u00e9rience d&#8217;apprentissage pratique et amusante.<\/p>\n<p>Stimulez la curiosit\u00e9 de votre enfant tout en d\u00e9veloppant sa coordination et ses comp\u00e9tences motrices. Offrez-lui le cadeau parfait pour apprendre en s&#8217;amusant !<\/p>\n","protected":false},"featured_media":8729,"comment_status":"open","ping_status":"closed","template":"","meta":[],"product_brand":[],"product_cat":[33],"product_tag":[],"class_list":{"0":"post-8732","1":"product","2":"type-product","3":"status-publish","4":"has-post-thumbnail","6":"product_cat-educational-toys","8":"first","9":"instock","10":"sale","11":"shipping-taxable","12":"purchasable","13":"product-type-simple"},"_links":{"self":[{"href":"https:\/\/babyslane.com\/fr\/wp-json\/wp\/v2\/product\/8732","targetHints":{"allow":["GET"]}}],"collection":[{"href":"https:\/\/babyslane.com\/fr\/wp-json\/wp\/v2\/product"}],"about":[{"href":"https:\/\/babyslane.com\/fr\/wp-json\/wp\/v2\/types\/product"}],"replies":[{"embeddable":true,"href":"https:\/\/babyslane.com\/fr\/wp-json\/wp\/v2\/comments?post=8732"}],"version-history":[{"count":3,"href":"https:\/\/babyslane.com\/fr\/wp-json\/wp\/v2\/product\/8732\/revisions"}],"predecessor-version":[{"id":8970,"href":"https:\/\/babyslane.com\/fr\/wp-json\/wp\/v2\/product\/8732\/revisions\/8970"}],"wp:featuredmedia":[{"embeddable":true,"href":"https:\/\/babyslane.com\/fr\/wp-json\/wp\/v2\/media\/8729"}],"wp:attachment":[{"href":"https:\/\/babyslane.com\/fr\/wp-json\/wp\/v2\/media?parent=8732"}],"wp:term":[{"taxonomy":"product_brand","embeddable":true,"href":"https:\/\/babyslane.com\/fr\/wp-json\/wp\/v2\/product_brand?post=8732"},{"taxonomy":"product_cat","embeddable":true,"href":"https:\/\/babyslane.com\/fr\/wp-json\/wp\/v2\/product_cat?post=8732"},{"taxonomy":"product_tag","embeddable":true,"href":"https:\/\/babyslane.com\/fr\/wp-json\/wp\/v2\/product_tag?post=8732"}],"curies":[{"name":"wp","href":"https:\/\/api.w.org\/{rel}","templated":true}]}}