{"id":8765,"date":"2023-11-25T17:40:34","date_gmt":"2023-11-25T16:40:34","guid":{"rendered":"https:\/\/babyslane.com\/produit\/wooden-childrens-play-house-ice-cream-candy-cart-toy-little-girl-push-ice-cream-ice-cream-cart-kitchen-set\/"},"modified":"2025-07-18T14:36:29","modified_gmt":"2025-07-18T12:36:29","slug":"wooden-childrens-play-house-ice-cream-candy-cart-toy-little-girl-push-ice-cream-ice-cream-cart-kitchen-set","status":"publish","type":"product","link":"https:\/\/babyslane.com\/fr\/produit\/wooden-childrens-play-house-ice-cream-candy-cart-toy-little-girl-push-ice-cream-ice-cream-cart-kitchen-set\/","title":{"rendered":"Jouet Educatif Montessori Vendeur de Glace en bois"},"content":{"rendered":"<p>\u00c0 la recherche d\u2019un jouet \u00e9ducatif et amusant qui stimule la cr\u00e9ativit\u00e9 et l\u2019apprentissage ?<\/p>\n<p>Le <strong>jouet marchand de glaces et bonbons en bois STEM<\/strong> est le choix id\u00e9al. Con\u00e7u selon l\u2019approche Montessori, ce jouet polyvalent aide les enfants \u00e0 d\u00e9velopper leur motricit\u00e9, leurs comp\u00e9tences sociales et leur r\u00e9flexion tout en s\u2019amusant dans des jeux imaginatifs.<\/p>\n<p><img decoding=\"async\" src=\"https:\/\/cc-west-usa.oss-us-west-1.aliyuncs.com\/49fca93c-4828-4865-92cb-7e5a8c891d08.jpg\" \/><\/p>\n<h3>Favorise la cr\u00e9ativit\u00e9 et le jeu de r\u00f4le<\/h3>\n<p>Ce jouet de marchand de glaces offre une exp\u00e9rience de jeu de r\u00f4le captivante. Les enfants peuvent s\u2019imaginer vendeurs de glaces, cr\u00e9er des bonbons et des parfums uniques, et interagir avec leurs \u201cclients\u201d. Ce type de jeu d\u00e9veloppe la cr\u00e9ativit\u00e9 tout en les familiarisant avec des situations de la vie r\u00e9elle. Inspir\u00e9 de la m\u00e9thode Montessori, il encourage l\u2019activit\u00e9 pratique pour stimuler l\u2019imagination et la curiosit\u00e9, des qualit\u00e9s cl\u00e9s pour les jeunes enfants.<\/p>\n<p><img decoding=\"async\" src=\"https:\/\/cc-west-usa.oss-us-west-1.aliyuncs.com\/5aa878b1-153f-42b0-b19d-a58a03b0544b.jpg\" \/><\/p>\n<h3>D\u00e9veloppe les comp\u00e9tences cognitives et motrices<\/h3>\n<p>Fabriqu\u00e9 en bois de haute qualit\u00e9 et respectueux de l\u2019environnement, ce jouet \u00e9ducatif est durable et s\u00fbr pour les petites mains. Son design inclut de petites pi\u00e8ces id\u00e9ales pour am\u00e9liorer la motricit\u00e9 fine des enfants. Trier, empiler et assembler les pi\u00e8ces de bonbons sont des activit\u00e9s parfaites pour renforcer la coordination \u0153il-main, la dext\u00e9rit\u00e9 et la r\u00e9solution de probl\u00e8mes. Ce jouet STEM incite les enfants \u00e0 r\u00e9fl\u00e9chir, planifier et ex\u00e9cuter, garantissant des moments de jeu constructifs et \u00e9ducatifs.<\/p>\n<p><img decoding=\"async\" src=\"https:\/\/cc-west-usa.oss-us-west-1.aliyuncs.com\/f42f3c56-9038-4811-8f51-a02db61ea9ee.jpg\" \/><\/p>\n<h3>Renforce les comp\u00e9tences sociales et la communication<\/h3>\n<p>Le <strong>jouet marchand de glaces et bonbons en bois<\/strong> est bien plus qu\u2019un simple divertissement : c\u2019est un outil de d\u00e9veloppement social. Que les enfants jouent ensemble ou avec leurs parents, ce jouet interactif leur apprend la coop\u00e9ration, la n\u00e9gociation et l\u2019art de la conversation. Jouer le r\u00f4le de client ou de vendeur enrichit leur vocabulaire et leur confiance, tout en les pr\u00e9parant aux interactions sociales futures.<\/p>\n<p>Ses couleurs vives et non toxiques, ainsi que son design attrayant, captivent l\u2019attention des enfants et les encouragent \u00e0 rester concentr\u00e9s tout en acqu\u00e9rant des comp\u00e9tences pr\u00e9cieuses pour la vie.<\/p>\n<h3><img decoding=\"async\" src=\"https:\/\/cc-west-usa.oss-us-west-1.aliyuncs.com\/3fa44250-42fd-4a9c-a432-eedd6eafddb9.jpg\" \/><\/h3>\n<h3>Un parfait \u00e9quilibre entre plaisir et apprentissage<\/h3>\n<p>Que vous cherchiez le cadeau d\u2019anniversaire id\u00e9al, un outil d\u2019apprentissage pour compl\u00e9ter l\u2019instruction \u00e0 domicile ou un ajout \u00e0 un espace de jeu inspir\u00e9 Montessori, ce <strong>jouet marchand de glaces et bonbons en bois STEM<\/strong> est un excellent choix. Offrez \u00e0 votre enfant un jouet qui allie \u00e9ducation, cr\u00e9ativit\u00e9 et plaisir, tout en le voyant s\u2019\u00e9panouir et apprendre avec joie.<\/p>\n<p><img decoding=\"async\" src=\"https:\/\/cc-west-usa.oss-us-west-1.aliyuncs.com\/e19ee196-25b4-4274-9a96-c252c4c4e1b0.jpg\" \/><\/p>\n<h3>Informations produit :<\/h3>\n<ul>\n<li><strong>Mat\u00e9riau du jouet :<\/strong> Bois<\/li>\n<li><strong>\u00c2ge recommand\u00e9 :<\/strong> 3 \u00e0 8 ans<\/li>\n<li><strong>Contenu du colis :<\/strong> Jouet marchand de glaces et bonbons en bois \u00d7 1<\/li>\n<\/ul>\n<p><\/p>","protected":false},"excerpt":{"rendered":"<p>Envi d&#8217;offrir a votre enfant un passe temps de qualit\u00e9?<\/p>\n<p>Le jouet Vendeur de Glaces en Bois est un jeu \u00e9ducatif captivant, fabriqu\u00e9 \u00e0 partir de bois de qualit\u00e9.<\/p>\n<p>Cet ensemble comprend un charmant plateau \u00e0 glaces avec des glaces interchangeables aux couleurs vives. Les enfants peuvent s&#8217;amuser \u00e0 assembler et \u00e0 servir leurs propres friandises sucr\u00e9es, favorisant la cr\u00e9ativit\u00e9 et les comp\u00e9tences motrices fines.<\/p>\n<p>Avec des \u00e9l\u00e9ments de comptage de base et de reconnaissance des couleurs, ce jouet allie \u00e9ducation et jeu, cr\u00e9ant une exp\u00e9rience d&#8217;apprentissage agr\u00e9able pour les enfants.<\/p>\n","protected":false},"featured_media":10850,"comment_status":"open","ping_status":"closed","template":"","meta":[],"product_brand":[],"product_cat":[33,39],"product_tag":[],"class_list":{"0":"post-8765","1":"product","2":"type-product","3":"status-publish","4":"has-post-thumbnail","6":"product_cat-educational-toys","7":"product_cat-new-arrivals","9":"first","10":"instock","11":"sale","12":"shipping-taxable","13":"purchasable","14":"product-type-simple"},"_links":{"self":[{"href":"https:\/\/babyslane.com\/fr\/wp-json\/wp\/v2\/product\/8765","targetHints":{"allow":["GET"]}}],"collection":[{"href":"https:\/\/babyslane.com\/fr\/wp-json\/wp\/v2\/product"}],"about":[{"href":"https:\/\/babyslane.com\/fr\/wp-json\/wp\/v2\/types\/product"}],"replies":[{"embeddable":true,"href":"https:\/\/babyslane.com\/fr\/wp-json\/wp\/v2\/comments?post=8765"}],"version-history":[{"count":5,"href":"https:\/\/babyslane.com\/fr\/wp-json\/wp\/v2\/product\/8765\/revisions"}],"predecessor-version":[{"id":10852,"href":"https:\/\/babyslane.com\/fr\/wp-json\/wp\/v2\/product\/8765\/revisions\/10852"}],"wp:featuredmedia":[{"embeddable":true,"href":"https:\/\/babyslane.com\/fr\/wp-json\/wp\/v2\/media\/10850"}],"wp:attachment":[{"href":"https:\/\/babyslane.com\/fr\/wp-json\/wp\/v2\/media?parent=8765"}],"wp:term":[{"taxonomy":"product_brand","embeddable":true,"href":"https:\/\/babyslane.com\/fr\/wp-json\/wp\/v2\/product_brand?post=8765"},{"taxonomy":"product_cat","embeddable":true,"href":"https:\/\/babyslane.com\/fr\/wp-json\/wp\/v2\/product_cat?post=8765"},{"taxonomy":"product_tag","embeddable":true,"href":"https:\/\/babyslane.com\/fr\/wp-json\/wp\/v2\/product_tag?post=8765"}],"curies":[{"name":"wp","href":"https:\/\/api.w.org\/{rel}","templated":true}]}}