{"id":8792,"date":"2023-11-25T17:55:29","date_gmt":"2023-11-25T16:55:29","guid":{"rendered":"https:\/\/babyslane.com\/produit\/children-wooden-rainbow-arched-stacked-toys-montessori-education-building-blocks\/"},"modified":"2023-11-29T17:35:09","modified_gmt":"2023-11-29T16:35:09","slug":"children-wooden-rainbow-arched-stacked-toys-montessori-education-building-blocks","status":"publish","type":"product","link":"https:\/\/babyslane.com\/fr\/produit\/children-wooden-rainbow-arched-stacked-toys-montessori-education-building-blocks\/","title":{"rendered":"Arc en ciel en Bois \u00e0 Empiller Montessori"},"content":{"rendered":"<p><img decoding=\"async\" src=\"https:\/\/cc-west-usa.oss-us-west-1.aliyuncs.com\/1617354429032.jpg\" \/><\/p>\n<p><img decoding=\"async\" src=\"https:\/\/cc-west-usa.oss-us-west-1.aliyuncs.com\/1617354429331.jpg\" \/><\/p>\n<p><img decoding=\"async\" src=\"https:\/\/cc-west-usa.oss-us-west-1.aliyuncs.com\/1617354429329.jpg\" \/><\/p>\n<p><img decoding=\"async\" style=\"max-width: 100%;\" src=\"https:\/\/cc-west-usa.oss-us-west-1.aliyuncs.com\/1617354428739.jpg\" \/><br \/>\n<img decoding=\"async\" style=\"max-width: 100%;\" src=\"https:\/\/cc-west-usa.oss-us-west-1.aliyuncs.com\/1617354428752.jpg\" \/><br \/>\n<img decoding=\"async\" style=\"max-width: 100%;\" src=\"https:\/\/cc-west-usa.oss-us-west-1.aliyuncs.com\/1617354428737.jpg\" \/><br \/>\n<img decoding=\"async\" style=\"max-width: 100%;\" src=\"https:\/\/cc-west-usa.oss-us-west-1.aliyuncs.com\/1617354428743.jpg\" \/><br \/>\n<img decoding=\"async\" style=\"max-width: 100%;\" src=\"https:\/\/cc-west-usa.oss-us-west-1.aliyuncs.com\/1617354428760.jpg\" \/><br \/>\n<img decoding=\"async\" style=\"max-width: 100%;\" src=\"https:\/\/cc-west-usa.oss-us-west-1.aliyuncs.com\/1617354428755.jpg\" \/><br \/>\n<img decoding=\"async\" style=\"max-width: 100%;\" src=\"https:\/\/cc-west-usa.oss-us-west-1.aliyuncs.com\/1617354429038.jpg\" \/><br \/>\n<img decoding=\"async\" style=\"max-width: 100%;\" src=\"https:\/\/cc-west-usa.oss-us-west-1.aliyuncs.com\/1617354429061.jpg\" \/><br \/>\n<img decoding=\"async\" style=\"max-width: 100%;\" src=\"https:\/\/cc-west-usa.oss-us-west-1.aliyuncs.com\/1617354429056.jpg\" \/><br \/>\n<img decoding=\"async\" style=\"max-width: 100%;\" src=\"https:\/\/cc-west-usa.oss-us-west-1.aliyuncs.com\/1617354429062.jpg\" \/><br \/>\n<img decoding=\"async\" style=\"max-width: 100%;\" src=\"https:\/\/cc-west-usa.oss-us-west-1.aliyuncs.com\/1617354429338.jpg\" \/><\/p>\n<div class=\"flex flex-grow flex-col max-w-full\">\n<div class=\"min-h-[20px] text-message flex flex-col items-start gap-3 whitespace-pre-wrap break-words [.text-message+&amp;]:mt-5 overflow-x-auto\" data-message-author-role=\"assistant\" data-message-id=\"6af6dfbd-fe56-49fa-b34d-918c3c625763\">\n<div class=\"markdown prose w-full break-words dark:prose-invert light\">\n<p>Sp\u00e9cifications:<\/p>\n<p>Mat\u00e9riau : Bois<\/p>\n<p>Taille du produit : 14 x 8,8 x 2 cm<\/p>\n<p>Convient aux b\u00e9b\u00e9s : plus de 3 ans<\/p>\n<p>Contenu de la boite :<\/p>\n<p>1 arc-en-ciel en bois compos\u00e9 de 4 blocs de construction en arc.<\/p>\n<\/div>\n<\/div>\n<\/div>\n<p>&nbsp;<\/p>","protected":false},"excerpt":{"rendered":"<div class=\"flex flex-grow flex-col max-w-full\">\n<div class=\"min-h-[20px] text-message flex flex-col items-start gap-3 whitespace-pre-wrap break-words [.text-message+&amp;]:mt-5 overflow-x-auto\" data-message-author-role=\"assistant\" data-message-id=\"7ccc9b66-a9d0-46d8-b0a8-ac2d4e85c15f\">\n<div class=\"markdown prose w-full break-words dark:prose-invert light\">\n<p>Un jouet \u00e9ducatif incontournable \u00e0 offrir \u00e0 votre enfant.<\/p>\n<p>Nos Blocs Empilables en Bois Arc-en-ciel, une mani\u00e8re amusante et vibrante d&#8217;inspirer la cr\u00e9ativit\u00e9 chez les enfants !<\/p>\n<p>Fabriqu\u00e9s \u00e0 partir de bois massif s\u00e9lectionn\u00e9 avec un processus m\u00e9ticuleux, ces blocs sont polis \u00e0 la main pour un design lisse, garantissant une exp\u00e9rience de jeu en toute s\u00e9curit\u00e9.<\/p>\n<p>Les couleurs riches favorisent non seulement la reconnaissance des couleurs, mais cultivent \u00e9galement le sens esth\u00e9tique des enfants. Au-del\u00e0 du jeu, ces blocs peuvent \u00e9galement servir de jolis objets artisanaux et de d\u00e9corations pour la maison.<\/p>\n<p>Choisissez votre couleur pr\u00e9f\u00e9r\u00e9e ou prenez-les tous pour encore plus de plaisir !<\/p>\n<p>Stimulez le jeu imaginatif, renforcez la conscience des couleurs et ajoutez une touche artistique au monde de votre enfant ! \ud83c\udf08\u2728<\/p>\n<\/div>\n<\/div>\n<\/div>\n","protected":false},"featured_media":8787,"comment_status":"open","ping_status":"closed","template":"","meta":[],"product_brand":[],"product_cat":[33],"product_tag":[],"class_list":{"0":"post-8792","1":"product","2":"type-product","3":"status-publish","4":"has-post-thumbnail","6":"product_cat-educational-toys","8":"first","9":"instock","10":"sale","11":"shipping-taxable","12":"purchasable","13":"product-type-variable"},"_links":{"self":[{"href":"https:\/\/babyslane.com\/fr\/wp-json\/wp\/v2\/product\/8792","targetHints":{"allow":["GET"]}}],"collection":[{"href":"https:\/\/babyslane.com\/fr\/wp-json\/wp\/v2\/product"}],"about":[{"href":"https:\/\/babyslane.com\/fr\/wp-json\/wp\/v2\/types\/product"}],"replies":[{"embeddable":true,"href":"https:\/\/babyslane.com\/fr\/wp-json\/wp\/v2\/comments?post=8792"}],"version-history":[{"count":1,"href":"https:\/\/babyslane.com\/fr\/wp-json\/wp\/v2\/product\/8792\/revisions"}],"predecessor-version":[{"id":8965,"href":"https:\/\/babyslane.com\/fr\/wp-json\/wp\/v2\/product\/8792\/revisions\/8965"}],"wp:featuredmedia":[{"embeddable":true,"href":"https:\/\/babyslane.com\/fr\/wp-json\/wp\/v2\/media\/8787"}],"wp:attachment":[{"href":"https:\/\/babyslane.com\/fr\/wp-json\/wp\/v2\/media?parent=8792"}],"wp:term":[{"taxonomy":"product_brand","embeddable":true,"href":"https:\/\/babyslane.com\/fr\/wp-json\/wp\/v2\/product_brand?post=8792"},{"taxonomy":"product_cat","embeddable":true,"href":"https:\/\/babyslane.com\/fr\/wp-json\/wp\/v2\/product_cat?post=8792"},{"taxonomy":"product_tag","embeddable":true,"href":"https:\/\/babyslane.com\/fr\/wp-json\/wp\/v2\/product_tag?post=8792"}],"curies":[{"name":"wp","href":"https:\/\/api.w.org\/{rel}","templated":true}]}}