{"id":8818,"date":"2023-11-26T13:43:40","date_gmt":"2023-11-26T12:43:40","guid":{"rendered":"https:\/\/babyslane.com\/produit\/childrens-educational-toy-intelligence-box\/"},"modified":"2023-11-29T15:58:50","modified_gmt":"2023-11-29T14:58:50","slug":"childrens-educational-toy-intelligence-box","status":"publish","type":"product","link":"https:\/\/babyslane.com\/fr\/produit\/childrens-educational-toy-intelligence-box\/","title":{"rendered":"Bo\u00eete d&#8217;Intelligence Sensorielle en Bois Jouet Educatif"},"content":{"rendered":"<p><img decoding=\"async\" style=\"font-size: 14px; max-width: 100%;\" src=\"https:\/\/cc-west-usa.oss-us-west-1.aliyuncs.com\/ca8b0481-86ea-493a-945f-44296c1ab6aa.jpg\" \/><br \/>\n<img decoding=\"async\" style=\"font-size: 14px; max-width: 100%;\" src=\"https:\/\/cc-west-usa.oss-us-west-1.aliyuncs.com\/f0fcc3f3-6ae6-43ca-8e8c-498131d694ef.jpg\" \/><br \/>\n<img decoding=\"async\" style=\"font-size: 14px; max-width: 100%;\" src=\"https:\/\/cc-west-usa.oss-us-west-1.aliyuncs.com\/b7bc1367-8ad4-42a4-a146-b3f701eb7c4e.jpg\" \/><br \/>\n<img decoding=\"async\" style=\"font-size: 14px; max-width: 100%;\" src=\"https:\/\/cc-west-usa.oss-us-west-1.aliyuncs.com\/eac8c4b0-bc7b-4b4d-aab8-21df6d7ce145.jpg\" \/><\/p>\n<div class=\"flex flex-grow flex-col max-w-full\">\n<div class=\"min-h-[20px] text-message flex flex-col items-start gap-3 whitespace-pre-wrap break-words [.text-message+&amp;]:mt-5 overflow-x-auto\" data-message-author-role=\"assistant\" data-message-id=\"187b0826-8c45-4514-8954-74a518357b08\">\n<div class=\"markdown prose w-full break-words dark:prose-invert light\">\n<p>Mat\u00e9riau : Bois<\/p>\n<p>Mat\u00e9riau de la surface peinte : Peinture Schottky<\/p>\n<p>Type de blocs en bois : Blocs de construction<\/p>\n<p>\u00c2ge appropri\u00e9 : 1 \u00e0 5 ans<\/p>\n<\/div>\n<\/div>\n<\/div>\n<p>&nbsp;<\/p>","protected":false},"excerpt":{"rendered":"<div class=\"flex flex-grow flex-col max-w-full\">\n<div class=\"min-h-[20px] text-message flex flex-col items-start gap-3 whitespace-pre-wrap break-words [.text-message+&amp;]:mt-5 overflow-x-auto\" data-message-author-role=\"assistant\" data-message-id=\"b30464f2-6855-44c3-894c-3f57ae02a8ac\">\n<div class=\"markdown prose w-full break-words dark:prose-invert light\">\n<p>Envie d&#8217;aider votre enfant \u00e0 d\u00e9velopper son intelligence sensorielle?<\/p>\n<p>La Bo\u00eete d&#8217;Intelligence Sensorielle en Bois est un jouet \u00e9ducatif captivant. L&#8217;enfant est invit\u00e9 \u00e0 explorer en mettant ses mains dans la bo\u00eete, cherchant la forme correspondante \u00e0 celle de la carte, sans voir ni les formes ni les indications.<\/p>\n<p>Ce jeu stimulant d\u00e9veloppe le sens du toucher de mani\u00e8re ludique, tout en encourageant la r\u00e9flexion et la r\u00e9solution de probl\u00e8mes.<\/p>\n<p>Une exp\u00e9rience sensorielle unique qui favorise l&#8217;apprentissage tout en offrant des moments de plaisir et de d\u00e9couverte.<\/p>\n<p>De plus, il renforce le sentiment d&#8217;accomplissement et la confiance en soi chez l&#8217;enfant.<\/p>\n<\/div>\n<\/div>\n<\/div>\n","protected":false},"featured_media":8813,"comment_status":"open","ping_status":"closed","template":"","meta":[],"product_brand":[],"product_cat":[33],"product_tag":[],"class_list":{"0":"post-8818","1":"product","2":"type-product","3":"status-publish","4":"has-post-thumbnail","6":"product_cat-educational-toys","8":"first","9":"instock","10":"shipping-taxable","11":"purchasable","12":"product-type-variable"},"_links":{"self":[{"href":"https:\/\/babyslane.com\/fr\/wp-json\/wp\/v2\/product\/8818","targetHints":{"allow":["GET"]}}],"collection":[{"href":"https:\/\/babyslane.com\/fr\/wp-json\/wp\/v2\/product"}],"about":[{"href":"https:\/\/babyslane.com\/fr\/wp-json\/wp\/v2\/types\/product"}],"replies":[{"embeddable":true,"href":"https:\/\/babyslane.com\/fr\/wp-json\/wp\/v2\/comments?post=8818"}],"version-history":[{"count":3,"href":"https:\/\/babyslane.com\/fr\/wp-json\/wp\/v2\/product\/8818\/revisions"}],"predecessor-version":[{"id":8963,"href":"https:\/\/babyslane.com\/fr\/wp-json\/wp\/v2\/product\/8818\/revisions\/8963"}],"wp:featuredmedia":[{"embeddable":true,"href":"https:\/\/babyslane.com\/fr\/wp-json\/wp\/v2\/media\/8813"}],"wp:attachment":[{"href":"https:\/\/babyslane.com\/fr\/wp-json\/wp\/v2\/media?parent=8818"}],"wp:term":[{"taxonomy":"product_brand","embeddable":true,"href":"https:\/\/babyslane.com\/fr\/wp-json\/wp\/v2\/product_brand?post=8818"},{"taxonomy":"product_cat","embeddable":true,"href":"https:\/\/babyslane.com\/fr\/wp-json\/wp\/v2\/product_cat?post=8818"},{"taxonomy":"product_tag","embeddable":true,"href":"https:\/\/babyslane.com\/fr\/wp-json\/wp\/v2\/product_tag?post=8818"}],"curies":[{"name":"wp","href":"https:\/\/api.w.org\/{rel}","templated":true}]}}