{"id":8863,"date":"2023-11-26T14:14:47","date_gmt":"2023-11-26T13:14:47","guid":{"rendered":"https:\/\/babyslane.com\/produit\/student-educational-science-and-education-binoculars-toy\/"},"modified":"2023-11-29T15:51:22","modified_gmt":"2023-11-29T14:51:22","slug":"student-educational-science-and-education-binoculars-toy","status":"publish","type":"product","link":"https:\/\/babyslane.com\/fr\/produit\/student-educational-science-and-education-binoculars-toy\/","title":{"rendered":"Telescope Lunette Astronomique Science de l&#8217;espace Enfant"},"content":{"rendered":"<p><img decoding=\"async\" src=\"https:\/\/cc-west-usa.oss-us-west-1.aliyuncs.com\/c03beb0b-bbc1-4373-9ac9-30287622bafc.png\" \/><br \/>\n<img decoding=\"async\" style=\"max-width: 100%;\" src=\"https:\/\/cc-west-usa.oss-us-west-1.aliyuncs.com\/e671cb1e-7e67-42b9-87df-a08e828add9d.jpg\" \/><img decoding=\"async\" src=\"https:\/\/cc-west-usa.oss-us-west-1.aliyuncs.com\/5791b5d1-03e0-49b5-8627-5bc4b166602e.jpg\" \/><br \/>\n<img decoding=\"async\" style=\"max-width: 100%;\" src=\"https:\/\/cc-west-usa.oss-us-west-1.aliyuncs.com\/31645fab-57b2-49b9-ac35-cdc8099decc9.jpg\" \/><\/p>\n<p><img decoding=\"async\" style=\"max-width: 100%;\" src=\"https:\/\/cc-west-usa.oss-us-west-1.aliyuncs.com\/47dfcbe9-3988-4790-86cd-dd45b869531f.jpg\" \/><br \/>\n<img decoding=\"async\" style=\"max-width: 100%;\" src=\"https:\/\/cc-west-usa.oss-us-west-1.aliyuncs.com\/903c8560-c22b-4612-afe5-7e9403dbbdaf.jpg\" \/><\/p>\n<div class=\"flex flex-grow flex-col max-w-full\">\n<div class=\"min-h-[20px] text-message flex flex-col items-start gap-3 whitespace-pre-wrap break-words [.text-message+&amp;]:mt-5 overflow-x-auto\" data-message-author-role=\"assistant\" data-message-id=\"2d115ea0-22cb-4c81-8251-8413b74d0071\">\n<div class=\"markdown prose w-full break-words dark:prose-invert light\">\n<p>Information produit :<\/p>\n<p>Convient pour les enfants de 6 ans et plus<\/p>\n<p>Couleur disponible : bleu ou violet<\/p>\n<p>Contenu du carton :<\/p>\n<p>T\u00e9lescope *1<\/p>\n<p>Support *1<\/p>\n<p>Lentille agrandie 20x *1<\/p>\n<p>Lentille agrandie 40x *1<\/p>\n<p>Lentille agrandie 60x *1<\/p>\n<p>Vis *1<\/p>\n<\/div>\n<\/div>\n<\/div>\n<p>&nbsp;<\/p>","protected":false},"excerpt":{"rendered":"<p>Votre enfant manifeste un int\u00e9r\u00eat pour les \u00e9toiles et l&#8217;espace ?<\/p>\n<p>Offrez-lui notre Lunette Astronomique Enfant pour qu&#8217;il explore le ciel.<\/p>\n<p>Permettez-lui d&#8217;observer le ciel et de le voir plus clairement.<\/p>\n<p>Le cadeau scientifique parfait pour le passionn\u00e9 d&#8217;astronomie en herbe ! \ud83c\udf0c\u2728<\/p>\n","protected":false},"featured_media":8858,"comment_status":"open","ping_status":"closed","template":"","meta":[],"product_brand":[],"product_cat":[33],"product_tag":[],"class_list":{"0":"post-8863","1":"product","2":"type-product","3":"status-publish","4":"has-post-thumbnail","6":"product_cat-educational-toys","8":"first","9":"instock","10":"sale","11":"shipping-taxable","12":"purchasable","13":"product-type-variable"},"_links":{"self":[{"href":"https:\/\/babyslane.com\/fr\/wp-json\/wp\/v2\/product\/8863","targetHints":{"allow":["GET"]}}],"collection":[{"href":"https:\/\/babyslane.com\/fr\/wp-json\/wp\/v2\/product"}],"about":[{"href":"https:\/\/babyslane.com\/fr\/wp-json\/wp\/v2\/types\/product"}],"replies":[{"embeddable":true,"href":"https:\/\/babyslane.com\/fr\/wp-json\/wp\/v2\/comments?post=8863"}],"version-history":[{"count":2,"href":"https:\/\/babyslane.com\/fr\/wp-json\/wp\/v2\/product\/8863\/revisions"}],"predecessor-version":[{"id":8960,"href":"https:\/\/babyslane.com\/fr\/wp-json\/wp\/v2\/product\/8863\/revisions\/8960"}],"wp:featuredmedia":[{"embeddable":true,"href":"https:\/\/babyslane.com\/fr\/wp-json\/wp\/v2\/media\/8858"}],"wp:attachment":[{"href":"https:\/\/babyslane.com\/fr\/wp-json\/wp\/v2\/media?parent=8863"}],"wp:term":[{"taxonomy":"product_brand","embeddable":true,"href":"https:\/\/babyslane.com\/fr\/wp-json\/wp\/v2\/product_brand?post=8863"},{"taxonomy":"product_cat","embeddable":true,"href":"https:\/\/babyslane.com\/fr\/wp-json\/wp\/v2\/product_cat?post=8863"},{"taxonomy":"product_tag","embeddable":true,"href":"https:\/\/babyslane.com\/fr\/wp-json\/wp\/v2\/product_tag?post=8863"}],"curies":[{"name":"wp","href":"https:\/\/api.w.org\/{rel}","templated":true}]}}