{"id":8910,"date":"2023-11-27T15:12:18","date_gmt":"2023-11-27T14:12:18","guid":{"rendered":"https:\/\/babyslane.com\/produit\/wooden-seven-color-tower-stacking-circle-building-block-educational-toy\/"},"modified":"2023-11-29T14:28:20","modified_gmt":"2023-11-29T13:28:20","slug":"wooden-seven-color-tower-stacking-circle-building-block-educational-toy","status":"publish","type":"product","link":"https:\/\/babyslane.com\/fr\/produit\/wooden-seven-color-tower-stacking-circle-building-block-educational-toy\/","title":{"rendered":"Montessori Tour Color\u00e9 \u00e0 Empiler en Bois pour B\u00e9b\u00e9"},"content":{"rendered":"<p>&nbsp;<\/p>\n<p><img decoding=\"async\" style=\"max-width: 100%;\" src=\"https:\/\/cc-west-usa.oss-us-west-1.aliyuncs.com\/1614599322530.jpg\" \/><br \/>\n<img decoding=\"async\" style=\"max-width: 100%;\" src=\"https:\/\/cc-west-usa.oss-us-west-1.aliyuncs.com\/1614599322520.jpg\" \/><br \/>\n<img decoding=\"async\" style=\"max-width: 100%;\" src=\"https:\/\/cc-west-usa.oss-us-west-1.aliyuncs.com\/1614599322524.jpg\" \/><br \/>\n<img decoding=\"async\" style=\"max-width: 100%;\" src=\"https:\/\/cc-west-usa.oss-us-west-1.aliyuncs.com\/1614599322536.jpg\" \/><br \/>\n<img decoding=\"async\" style=\"max-width: 100%;\" src=\"https:\/\/cc-west-usa.oss-us-west-1.aliyuncs.com\/1614599322534.jpg\" \/><br \/>\n<img decoding=\"async\" style=\"max-width: 100%;\" src=\"https:\/\/cc-west-usa.oss-us-west-1.aliyuncs.com\/1614599322533.jpg\" \/><\/p>\n<p>Information sur le produit:<\/p>\n<p>Sp\u00e9cification : 14 x <em>6.5 x <\/em>1.5 cm Mat\u00e9riau : Bois<\/p>\n<p>\u00c2ge : enfants de 2 \u00e0 6 ans<\/p>","protected":false},"excerpt":{"rendered":"<div class=\"flex flex-grow flex-col max-w-full\">\n<div class=\"min-h-[20px] text-message flex flex-col items-start gap-3 whitespace-pre-wrap break-words [.text-message+&amp;]:mt-5 overflow-x-auto\" data-message-author-role=\"assistant\" data-message-id=\"dcf92d3d-8e85-4479-a621-1422d6338a03\">\n<div class=\"markdown prose w-full break-words dark:prose-invert light\">\n<p>Encouragez l&#8217;imagination et l&#8217;apprentissage de votre enfant avec cette tour empilable polyvalente et intemporelle.<\/p>\n<p>Am\u00e9liorez la qualit\u00e9 du temps de jeu avec la Tour d&#8217;Empilage en Bois aux Couleurs de l&#8217;Arc-en-ciel ! \ud83c\udf08\u2728<\/p>\n<p>D\u00e9couvrez des possibilit\u00e9s infinies avec notre Tour d&#8217;Empilage en Bois aux Couleurs de l&#8217;Arc-en-ciel. Ce jouet \u00e9ducatif inspir\u00e9 de la p\u00e9dagogie Montessori favorise le jeu cr\u00e9atif et le d\u00e9veloppement cognitif.<\/p>\n<p>Fabriqu\u00e9 \u00e0 partir de bois de haute qualit\u00e9, les teintes vives de l&#8217;arc-en-ciel captivent les jeunes esprits tout en am\u00e9liorant les comp\u00e9tences motrices fines.<\/p>\n<\/div>\n<\/div>\n<\/div>\n","protected":false},"featured_media":8920,"comment_status":"open","ping_status":"closed","template":"","meta":[],"product_brand":[],"product_cat":[33],"product_tag":[],"class_list":{"0":"post-8910","1":"product","2":"type-product","3":"status-publish","4":"has-post-thumbnail","6":"product_cat-educational-toys","8":"first","9":"instock","10":"sale","11":"shipping-taxable","12":"purchasable","13":"product-type-simple"},"_links":{"self":[{"href":"https:\/\/babyslane.com\/fr\/wp-json\/wp\/v2\/product\/8910","targetHints":{"allow":["GET"]}}],"collection":[{"href":"https:\/\/babyslane.com\/fr\/wp-json\/wp\/v2\/product"}],"about":[{"href":"https:\/\/babyslane.com\/fr\/wp-json\/wp\/v2\/types\/product"}],"replies":[{"embeddable":true,"href":"https:\/\/babyslane.com\/fr\/wp-json\/wp\/v2\/comments?post=8910"}],"version-history":[{"count":2,"href":"https:\/\/babyslane.com\/fr\/wp-json\/wp\/v2\/product\/8910\/revisions"}],"predecessor-version":[{"id":8954,"href":"https:\/\/babyslane.com\/fr\/wp-json\/wp\/v2\/product\/8910\/revisions\/8954"}],"wp:featuredmedia":[{"embeddable":true,"href":"https:\/\/babyslane.com\/fr\/wp-json\/wp\/v2\/media\/8920"}],"wp:attachment":[{"href":"https:\/\/babyslane.com\/fr\/wp-json\/wp\/v2\/media?parent=8910"}],"wp:term":[{"taxonomy":"product_brand","embeddable":true,"href":"https:\/\/babyslane.com\/fr\/wp-json\/wp\/v2\/product_brand?post=8910"},{"taxonomy":"product_cat","embeddable":true,"href":"https:\/\/babyslane.com\/fr\/wp-json\/wp\/v2\/product_cat?post=8910"},{"taxonomy":"product_tag","embeddable":true,"href":"https:\/\/babyslane.com\/fr\/wp-json\/wp\/v2\/product_tag?post=8910"}],"curies":[{"name":"wp","href":"https:\/\/api.w.org\/{rel}","templated":true}]}}