{"id":8940,"date":"2023-11-29T07:21:47","date_gmt":"2023-11-29T06:21:47","guid":{"rendered":"https:\/\/babyslane.com\/produit\/childrens-wooden-magnetic-fishing-educational-toy\/"},"modified":"2023-11-29T15:08:39","modified_gmt":"2023-11-29T14:08:39","slug":"childrens-wooden-magnetic-fishing-educational-toy","status":"publish","type":"product","link":"https:\/\/babyslane.com\/fr\/produit\/childrens-wooden-magnetic-fishing-educational-toy\/","title":{"rendered":"Jeu de P\u00eache Magn\u00e9tique en Bois"},"content":{"rendered":"<p><img decoding=\"async\" style=\"max-width: 100%;\" src=\"https:\/\/cc-west-usa.oss-us-west-1.aliyuncs.com\/d034d5ae-d8e0-4583-bd24-dbff9e2c50f3.jpg\" \/><br \/>\n<img decoding=\"async\" style=\"max-width: 100%;\" src=\"https:\/\/cc-west-usa.oss-us-west-1.aliyuncs.com\/6a21fe94-ec58-4448-8114-40dbf4c57b57.jpg\" \/><br \/>\n<img decoding=\"async\" style=\"max-width: 100%;\" src=\"https:\/\/cc-west-usa.oss-us-west-1.aliyuncs.com\/68259ac6-3b43-4fe4-a568-b09e39854a20.jpg\" \/><br \/>\n<img decoding=\"async\" style=\"max-width: 100%;\" src=\"https:\/\/cc-west-usa.oss-us-west-1.aliyuncs.com\/88d12089-3ae5-4b86-aa84-e4ce34d44ef4.jpg\" \/><br \/>\n<img decoding=\"async\" style=\"max-width: 100%;\" src=\"https:\/\/cc-west-usa.oss-us-west-1.aliyuncs.com\/6817f950-01cb-493f-bf37-395eca3329f9.jpg\" \/><\/p>\n<div class=\"flex flex-grow flex-col max-w-full\">\n<div class=\"min-h-[20px] text-message flex flex-col items-start gap-3 whitespace-pre-wrap break-words [.text-message+&amp;]:mt-5 overflow-x-auto\" data-message-author-role=\"assistant\" data-message-id=\"26931207-f5be-4349-843b-174ec8fd0965\">\n<div class=\"markdown prose w-full break-words dark:prose-invert light\">\n<p>Information sur le produit :<\/p>\n<p>Taille de la bo\u00eete : 25 x <em>16,8 x <\/em>4,5 cm<\/p>\n<p>Contenu de l&#8217;ensemble de jouets :<\/p>\n<p>1x Base<\/p>\n<p>2x Canne \u00e0 p\u00eache<\/p>\n<p>1x Pince<\/p>\n<p>5x Carottes<\/p>\n<p>5x Petits poissons<\/p>\n<p>6x Insectes<\/p>\n<\/div>\n<\/div>\n<\/div>\n<p><\/p>","protected":false},"excerpt":{"rendered":"<p>Offrez \u00e0 vos enfants une exp\u00e9rience d&#8217;apprentissage joyeuse et cr\u00e9ative !<\/p>\n<p>Explorez l&#8217;\u00e9merveillement de la P\u00eache Magn\u00e9tique, un jouet \u00e9ducatif en bois !<\/p>\n<p>Les pi\u00e8ces magn\u00e9tiques de haute qualit\u00e9 repr\u00e9sentant des poissons et des chenilles, ainsi que des carottes \u00e0 extraire avec une pince rendent l&#8217;apprentissage ludique, am\u00e9liorant la coordination et les comp\u00e9tences motrices fines.<\/p>\n","protected":false},"featured_media":8935,"comment_status":"open","ping_status":"closed","template":"","meta":[],"product_brand":[],"product_cat":[33],"product_tag":[],"class_list":{"0":"post-8940","1":"product","2":"type-product","3":"status-publish","4":"has-post-thumbnail","6":"product_cat-educational-toys","8":"first","9":"instock","10":"sale","11":"shipping-taxable","12":"purchasable","13":"product-type-simple"},"_links":{"self":[{"href":"https:\/\/babyslane.com\/fr\/wp-json\/wp\/v2\/product\/8940","targetHints":{"allow":["GET"]}}],"collection":[{"href":"https:\/\/babyslane.com\/fr\/wp-json\/wp\/v2\/product"}],"about":[{"href":"https:\/\/babyslane.com\/fr\/wp-json\/wp\/v2\/types\/product"}],"replies":[{"embeddable":true,"href":"https:\/\/babyslane.com\/fr\/wp-json\/wp\/v2\/comments?post=8940"}],"version-history":[{"count":3,"href":"https:\/\/babyslane.com\/fr\/wp-json\/wp\/v2\/product\/8940\/revisions"}],"predecessor-version":[{"id":8958,"href":"https:\/\/babyslane.com\/fr\/wp-json\/wp\/v2\/product\/8940\/revisions\/8958"}],"wp:featuredmedia":[{"embeddable":true,"href":"https:\/\/babyslane.com\/fr\/wp-json\/wp\/v2\/media\/8935"}],"wp:attachment":[{"href":"https:\/\/babyslane.com\/fr\/wp-json\/wp\/v2\/media?parent=8940"}],"wp:term":[{"taxonomy":"product_brand","embeddable":true,"href":"https:\/\/babyslane.com\/fr\/wp-json\/wp\/v2\/product_brand?post=8940"},{"taxonomy":"product_cat","embeddable":true,"href":"https:\/\/babyslane.com\/fr\/wp-json\/wp\/v2\/product_cat?post=8940"},{"taxonomy":"product_tag","embeddable":true,"href":"https:\/\/babyslane.com\/fr\/wp-json\/wp\/v2\/product_tag?post=8940"}],"curies":[{"name":"wp","href":"https:\/\/api.w.org\/{rel}","templated":true}]}}