{"id":9079,"date":"2023-12-02T05:06:38","date_gmt":"2023-12-02T04:06:38","guid":{"rendered":"https:\/\/babyslane.com\/produit\/puzzle-clock\/"},"modified":"2023-12-02T14:30:50","modified_gmt":"2023-12-02T13:30:50","slug":"puzzle-clock","status":"publish","type":"product","link":"https:\/\/babyslane.com\/fr\/produit\/puzzle-clock\/","title":{"rendered":"Tableau Bois Apprentissage Heure &#8211; Temps &#8211; Saison"},"content":{"rendered":"<p><img fetchpriority=\"high\" decoding=\"async\" class=\"alignnone size-full wp-image-9078\" src=\"https:\/\/babyslane.com\/wp-content\/uploads\/2023\/12\/3481171184789.jpg\" alt=\"\" width=\"729\" height=\"538\" srcset=\"https:\/\/babyslane.com\/wp-content\/uploads\/2023\/12\/3481171184789.jpg 729w, https:\/\/babyslane.com\/wp-content\/uploads\/2023\/12\/3481171184789-300x221.jpg 300w, https:\/\/babyslane.com\/wp-content\/uploads\/2023\/12\/3481171184789-600x443.jpg 600w\" sizes=\"(max-width: 729px) 100vw, 729px\" \/><img decoding=\"async\" class=\"alignnone size-full wp-image-9075\" src=\"https:\/\/babyslane.com\/wp-content\/uploads\/2023\/12\/1918254931671.jpg\" alt=\"\" width=\"769\" height=\"712\" srcset=\"https:\/\/babyslane.com\/wp-content\/uploads\/2023\/12\/1918254931671.jpg 769w, https:\/\/babyslane.com\/wp-content\/uploads\/2023\/12\/1918254931671-300x278.jpg 300w, https:\/\/babyslane.com\/wp-content\/uploads\/2023\/12\/1918254931671-600x556.jpg 600w\" sizes=\"(max-width: 769px) 100vw, 769px\" \/><img decoding=\"async\" class=\"alignnone size-full wp-image-9077\" src=\"https:\/\/babyslane.com\/wp-content\/uploads\/2023\/12\/834528847163.jpg\" alt=\"\" width=\"819\" height=\"514\" srcset=\"https:\/\/babyslane.com\/wp-content\/uploads\/2023\/12\/834528847163.jpg 819w, https:\/\/babyslane.com\/wp-content\/uploads\/2023\/12\/834528847163-300x188.jpg 300w, https:\/\/babyslane.com\/wp-content\/uploads\/2023\/12\/834528847163-768x482.jpg 768w, https:\/\/babyslane.com\/wp-content\/uploads\/2023\/12\/834528847163-600x377.jpg 600w\" sizes=\"(max-width: 819px) 100vw, 819px\" \/><\/p>\n<p>Material: wooden<\/p>\n<p>size\uff1a31*31*4cm<\/p>\n<p>Color: as shown<\/p>","protected":false},"excerpt":{"rendered":"<p>&#8220;Explorez le monde du temps avec notre tableau interactif d&#8217;apprentissage.<\/p>\n<p>Con\u00e7u pour d\u00e9velopper la coordination main-\u0153il, ce jeu engageant enseigne \u00e0 votre enfant l&#8217;heure, les mois, les jours, et les saisons en anglais.<\/p>\n<p>Une exp\u00e9rience \u00e9ducative compl\u00e8te qui stimule le d\u00e9veloppement intellectuel tout en renfor\u00e7ant la communication parent-enfant.<\/p>\n<p>D\u00e9couvrez l&#8217;apprentissage ludique avec notre tableau interactif.<\/p>\n","protected":false},"featured_media":9075,"comment_status":"open","ping_status":"closed","template":"","meta":[],"product_brand":[],"product_cat":[33],"product_tag":[],"class_list":{"0":"post-9079","1":"product","2":"type-product","3":"status-publish","4":"has-post-thumbnail","6":"product_cat-educational-toys","8":"first","9":"instock","10":"sale","11":"shipping-taxable","12":"purchasable","13":"product-type-simple"},"_links":{"self":[{"href":"https:\/\/babyslane.com\/fr\/wp-json\/wp\/v2\/product\/9079","targetHints":{"allow":["GET"]}}],"collection":[{"href":"https:\/\/babyslane.com\/fr\/wp-json\/wp\/v2\/product"}],"about":[{"href":"https:\/\/babyslane.com\/fr\/wp-json\/wp\/v2\/types\/product"}],"replies":[{"embeddable":true,"href":"https:\/\/babyslane.com\/fr\/wp-json\/wp\/v2\/comments?post=9079"}],"version-history":[{"count":2,"href":"https:\/\/babyslane.com\/fr\/wp-json\/wp\/v2\/product\/9079\/revisions"}],"predecessor-version":[{"id":9145,"href":"https:\/\/babyslane.com\/fr\/wp-json\/wp\/v2\/product\/9079\/revisions\/9145"}],"wp:featuredmedia":[{"embeddable":true,"href":"https:\/\/babyslane.com\/fr\/wp-json\/wp\/v2\/media\/9075"}],"wp:attachment":[{"href":"https:\/\/babyslane.com\/fr\/wp-json\/wp\/v2\/media?parent=9079"}],"wp:term":[{"taxonomy":"product_brand","embeddable":true,"href":"https:\/\/babyslane.com\/fr\/wp-json\/wp\/v2\/product_brand?post=9079"},{"taxonomy":"product_cat","embeddable":true,"href":"https:\/\/babyslane.com\/fr\/wp-json\/wp\/v2\/product_cat?post=9079"},{"taxonomy":"product_tag","embeddable":true,"href":"https:\/\/babyslane.com\/fr\/wp-json\/wp\/v2\/product_tag?post=9079"}],"curies":[{"name":"wp","href":"https:\/\/api.w.org\/{rel}","templated":true}]}}