{"id":9356,"date":"2023-12-06T16:50:56","date_gmt":"2023-12-06T15:50:56","guid":{"rendered":"https:\/\/babyslane.com\/produit\/wooden-emulational-fruit-vegetables-cutting-toy\/"},"modified":"2023-12-06T17:24:52","modified_gmt":"2023-12-06T16:24:52","slug":"wooden-emulational-fruit-vegetables-cutting-toy","status":"publish","type":"product","link":"https:\/\/babyslane.com\/fr\/produit\/wooden-emulational-fruit-vegetables-cutting-toy\/","title":{"rendered":"Jouet Planche a d\u00e9couper Repas Steak Montessori"},"content":{"rendered":"<p><img decoding=\"async\" src=\"https:\/\/cc-west-usa.oss-us-west-1.aliyuncs.com\/133684f5-4ea2-42d6-895b-3f89e4bcdc27.jpg\" \/><br \/>\n<img decoding=\"async\" src=\"https:\/\/cc-west-usa.oss-us-west-1.aliyuncs.com\/88297188-9ddf-4a47-a4e8-53967e667b5a_trans.jpeg\" \/><br \/>\n<img decoding=\"async\" src=\"https:\/\/cc-west-usa.oss-us-west-1.aliyuncs.com\/2cf007fd-4c35-4588-943e-bdd80345a408_trans.jpeg\" \/><br \/>\n<img decoding=\"async\" src=\"https:\/\/cc-west-usa.oss-us-west-1.aliyuncs.com\/bbf5f340-4418-435f-83c7-262a79bfa0a3_trans.jpeg\" \/><br \/>\n<img decoding=\"async\" src=\"https:\/\/cc-west-usa.oss-us-west-1.aliyuncs.com\/e448c43d-a232-4653-8a43-d45186fa33fd_trans.jpeg\" \/><br \/>\n<img decoding=\"async\" src=\"https:\/\/cc-west-usa.oss-us-west-1.aliyuncs.com\/10a21fdb-2d99-43ff-afbc-bfee8af4c280.jpg\" \/><br \/>\n<img decoding=\"async\" src=\"https:\/\/cc-west-usa.oss-us-west-1.aliyuncs.com\/820cb8dd-4477-4c5a-9f44-30a0c0e4f667.jpg\" \/><\/p>\n<p><b>Product information:<\/b><\/p>\n<p>Applicable age: children (3-6 years old)<\/p>\n<p>Toy material: Wooden<\/p>\n<p><b>Packing list: <\/b><\/p>\n<p>1*Cutting Toy<\/p>\n<p>&nbsp;<\/p>","protected":false},"excerpt":{"rendered":"<p>Stimulez le d\u00e9veloppement de votre enfant avec notre jouet planche \u00e0 d\u00e9couper de repas.<\/p>\n<p>Pr\u00e9sent\u00e9 dans une charmante cagette en bois, ce jeu encourage la motricit\u00e9, la coordination \u0153il-main, la r\u00e9flexion, et la r\u00e9solution de probl\u00e8mes, offrant une exp\u00e9rience \u00e9ducative et divertissante. \ud83c\udf7d\ufe0f\ud83e\uddd2\u2728<\/p>\n","protected":false},"featured_media":9346,"comment_status":"open","ping_status":"closed","template":"","meta":[],"product_brand":[],"product_cat":[36,33],"product_tag":[],"class_list":{"0":"post-9356","1":"product","2":"type-product","3":"status-publish","4":"has-post-thumbnail","6":"product_cat-promotions","7":"product_cat-educational-toys","9":"first","10":"instock","11":"sale","12":"shipping-taxable","13":"purchasable","14":"product-type-simple"},"_links":{"self":[{"href":"https:\/\/babyslane.com\/fr\/wp-json\/wp\/v2\/product\/9356","targetHints":{"allow":["GET"]}}],"collection":[{"href":"https:\/\/babyslane.com\/fr\/wp-json\/wp\/v2\/product"}],"about":[{"href":"https:\/\/babyslane.com\/fr\/wp-json\/wp\/v2\/types\/product"}],"replies":[{"embeddable":true,"href":"https:\/\/babyslane.com\/fr\/wp-json\/wp\/v2\/comments?post=9356"}],"version-history":[{"count":4,"href":"https:\/\/babyslane.com\/fr\/wp-json\/wp\/v2\/product\/9356\/revisions"}],"predecessor-version":[{"id":9371,"href":"https:\/\/babyslane.com\/fr\/wp-json\/wp\/v2\/product\/9356\/revisions\/9371"}],"wp:featuredmedia":[{"embeddable":true,"href":"https:\/\/babyslane.com\/fr\/wp-json\/wp\/v2\/media\/9346"}],"wp:attachment":[{"href":"https:\/\/babyslane.com\/fr\/wp-json\/wp\/v2\/media?parent=9356"}],"wp:term":[{"taxonomy":"product_brand","embeddable":true,"href":"https:\/\/babyslane.com\/fr\/wp-json\/wp\/v2\/product_brand?post=9356"},{"taxonomy":"product_cat","embeddable":true,"href":"https:\/\/babyslane.com\/fr\/wp-json\/wp\/v2\/product_cat?post=9356"},{"taxonomy":"product_tag","embeddable":true,"href":"https:\/\/babyslane.com\/fr\/wp-json\/wp\/v2\/product_tag?post=9356"}],"curies":[{"name":"wp","href":"https:\/\/api.w.org\/{rel}","templated":true}]}}