{"id":9398,"date":"2023-12-08T05:25:27","date_gmt":"2023-12-08T04:25:27","guid":{"rendered":"https:\/\/babyslane.com\/produit\/childrens-desktop-toy-wooden-rubiks-cube-game\/"},"modified":"2024-08-18T13:55:29","modified_gmt":"2024-08-18T11:55:29","slug":"childrens-desktop-toy-wooden-rubiks-cube-game","status":"publish","type":"product","link":"https:\/\/babyslane.com\/fr\/produit\/childrens-desktop-toy-wooden-rubiks-cube-game\/","title":{"rendered":"Jeu Face Change Rubik&#8217;s Cube Pastel"},"content":{"rendered":"<p>&nbsp;<\/p>\n<p><img decoding=\"async\" style=\"max-width: 100%;\" src=\"https:\/\/cc-west-usa.oss-us-west-1.aliyuncs.com\/95dae1a5-f5d6-4f45-be22-ee522c13addf.jpg\" \/><br \/>\n<img decoding=\"async\" style=\"max-width: 100%;\" src=\"https:\/\/cc-west-usa.oss-us-west-1.aliyuncs.com\/14f8da80-0aa1-4f62-a149-1ac54a5d86b6.jpg\" \/><br \/>\n<img decoding=\"async\" style=\"max-width: 100%;\" src=\"https:\/\/cc-west-usa.oss-us-west-1.aliyuncs.com\/01076025-a999-4041-b219-b7300875bd45.jpg\" \/><br \/>\n<img decoding=\"async\" style=\"max-width: 100%;\" src=\"https:\/\/cc-west-usa.oss-us-west-1.aliyuncs.com\/be14c765-6456-4dc3-ba90-8f71dfd32d91.jpg\" \/><br \/>\n<img decoding=\"async\" style=\"max-width: 100%;\" src=\"https:\/\/cc-west-usa.oss-us-west-1.aliyuncs.com\/76b53afa-6fec-48f4-a3b9-bfbe7167ea42.jpg\" \/><\/p>\n<p>Information produit:<\/p>\n<p>Mat\u00e9riel: Bois<\/p>\n<p>\u00c2ge : A partir de 36 mois<\/p>\n<p>Des mod\u00e8les:<\/p>\n<p>Rubik&#8217;s Cube Pastel qui change de visage [sans cloches],<\/p>\n<p>Ou<\/p>\n<p>&#8211; Rubik&#8217;s Cube Pastel qui change de visage [avec cloches]<\/p>\n<p>Contenu:<\/p>\n<p>4 ensemble de cube color\u00e9s, chacune avec 16 \u00e9motic\u00f4nes th\u00e9matiques<\/p>","protected":false},"excerpt":{"rendered":"<p>&#8220;Face Change Rubik&#8217;s Cube : Un d\u00e9luge de visages hilarants \u00e0 recr\u00e9er en un \u00e9clair ! Mettez votre esprit en mode turbo, assemblez les cubes et devenez le g\u00e9nie des expressions comiques.<\/p>\n<p>Adapt\u00e9 aux tout-petits, c&#8217;est une aventure captivante favorisant la stimulation de leur r\u00e9flexion et la coordination main-\u0153il.<\/p>\n<p>Pr\u00eat pour une comp\u00e9tition o\u00f9 le rire fuse \u00e0 chaque tournant ? Que la comp\u00e9tition des visages les plus rapides commence !&#8221;<\/p>\n","protected":false},"featured_media":9394,"comment_status":"open","ping_status":"closed","template":"","meta":[],"product_brand":[],"product_cat":[33,41],"product_tag":[],"class_list":{"0":"post-9398","1":"product","2":"type-product","3":"status-publish","4":"has-post-thumbnail","6":"product_cat-educational-toys","7":"product_cat-the-best-deals","9":"first","10":"instock","11":"sale","12":"shipping-taxable","13":"purchasable","14":"product-type-variable"},"_links":{"self":[{"href":"https:\/\/babyslane.com\/fr\/wp-json\/wp\/v2\/product\/9398","targetHints":{"allow":["GET"]}}],"collection":[{"href":"https:\/\/babyslane.com\/fr\/wp-json\/wp\/v2\/product"}],"about":[{"href":"https:\/\/babyslane.com\/fr\/wp-json\/wp\/v2\/types\/product"}],"replies":[{"embeddable":true,"href":"https:\/\/babyslane.com\/fr\/wp-json\/wp\/v2\/comments?post=9398"}],"version-history":[{"count":2,"href":"https:\/\/babyslane.com\/fr\/wp-json\/wp\/v2\/product\/9398\/revisions"}],"predecessor-version":[{"id":9436,"href":"https:\/\/babyslane.com\/fr\/wp-json\/wp\/v2\/product\/9398\/revisions\/9436"}],"wp:featuredmedia":[{"embeddable":true,"href":"https:\/\/babyslane.com\/fr\/wp-json\/wp\/v2\/media\/9394"}],"wp:attachment":[{"href":"https:\/\/babyslane.com\/fr\/wp-json\/wp\/v2\/media?parent=9398"}],"wp:term":[{"taxonomy":"product_brand","embeddable":true,"href":"https:\/\/babyslane.com\/fr\/wp-json\/wp\/v2\/product_brand?post=9398"},{"taxonomy":"product_cat","embeddable":true,"href":"https:\/\/babyslane.com\/fr\/wp-json\/wp\/v2\/product_cat?post=9398"},{"taxonomy":"product_tag","embeddable":true,"href":"https:\/\/babyslane.com\/fr\/wp-json\/wp\/v2\/product_tag?post=9398"}],"curies":[{"name":"wp","href":"https:\/\/api.w.org\/{rel}","templated":true}]}}