{"id":9409,"date":"2023-12-08T05:35:24","date_gmt":"2023-12-08T04:35:24","guid":{"rendered":"https:\/\/babyslane.com\/produit\/childrens-face-changing-rubiks-cube-wooden-educational-toys\/"},"modified":"2023-12-08T08:42:53","modified_gmt":"2023-12-08T07:42:53","slug":"childrens-face-changing-rubiks-cube-wooden-educational-toys","status":"publish","type":"product","link":"https:\/\/babyslane.com\/fr\/produit\/childrens-face-changing-rubiks-cube-wooden-educational-toys\/","title":{"rendered":"Face Change Rubik&#8217;s Cube Wooden Educational Toys"},"content":{"rendered":"<p>&nbsp;<\/p>\n<p><img decoding=\"async\" style=\"max-width: 100%;\" src=\"https:\/\/cc-west-usa.oss-us-west-1.aliyuncs.com\/1eeec1ba-5ba7-4383-aff3-33f5d411ab89.png\" \/><br \/>\n<img decoding=\"async\" style=\"max-width: 100%;\" src=\"https:\/\/cc-west-usa.oss-us-west-1.aliyuncs.com\/b01cc828-81ff-49ce-9cfd-982556cc3f29.png\" \/><br \/>\n<img decoding=\"async\" style=\"max-width: 100%;\" src=\"https:\/\/cc-west-usa.oss-us-west-1.aliyuncs.com\/1f6d6ffb-fa8d-43d2-a2a0-4e837607ec9d.png\" \/><br \/>\n<img decoding=\"async\" style=\"max-width: 100%;\" src=\"https:\/\/cc-west-usa.oss-us-west-1.aliyuncs.com\/2fd6e577-e82f-44fc-9778-11a312082820.png\" \/><br \/>\n<img decoding=\"async\" style=\"max-width: 100%;\" src=\"https:\/\/cc-west-usa.oss-us-west-1.aliyuncs.com\/7691a604-6f8e-4609-995a-b10389aa1981.png\" \/><br \/>\n<img decoding=\"async\" style=\"max-width: 100%;\" src=\"https:\/\/cc-west-usa.oss-us-west-1.aliyuncs.com\/52fe3ef7-e8a8-40ac-85e3-87705eafcf38.png\" \/><br \/>\n<img decoding=\"async\" style=\"max-width: 100%;\" src=\"https:\/\/cc-west-usa.oss-us-west-1.aliyuncs.com\/0479e9e2-0676-4b70-a24c-a5c3bf2f45d2.png\" \/><\/p>\n<p><img decoding=\"async\" style=\"max-width: 100%;\" src=\"https:\/\/cc-west-usa.oss-us-west-1.aliyuncs.com\/0f8a2990-62e3-4bd0-a7bd-b255f27b89d7.png\" \/><br \/>\n<img decoding=\"async\" style=\"max-width: 100%;\" src=\"https:\/\/cc-west-usa.oss-us-west-1.aliyuncs.com\/11caea9f-ab4f-4aaa-b084-40583bb21323.png\" \/><\/p>\n<p>Sp\u00e9cification:<\/p>\n<p>Mat\u00e9riel: Bois<\/p>\n<p>Sp\u00e9cifications : 13,5x9x4cm<\/p>\n<p>Peinture : peinture respectueuse de l&#8217;environnement \u00e0 base d&#8217;eau.<\/p>\n<p>Mod\u00e8les:<\/p>\n<p>&#8211; Petit Coffret m\u00e9tallique Face Change Rubik&#8217;s Cube<\/p>\n<p>&#8211; Grand Coffret Face Change Rubik&#8217;s Cube + sonnette<\/p>\n<p>Contenu:<\/p>\n<p>1x bo\u00eete Rubik&#8217;s Cube<\/p>\n<p>&nbsp;<\/p>","protected":false},"excerpt":{"rendered":"<p>Un d\u00e9luge de visages hilarants \u00e0 recr\u00e9er en un \u00e9clair !Mettez votre esprit en mode turbo, assemblez les cubes et devenez le g\u00e9nie des expressions comiques.<\/p>\n<p>Adapt\u00e9 aux tout-petits, c&#8217;est une aventure captivante favorisant la stimulation de leur r\u00e9flexion et la coordination main-\u0153il.<\/p>\n<p>Pr\u00eat pour une comp\u00e9tition o\u00f9 le rire fuse \u00e0 chaque tournant ? Que la comp\u00e9tition des visages les plus rapides commence !&#8221;<\/p>\n","protected":false},"featured_media":9403,"comment_status":"open","ping_status":"closed","template":"","meta":[],"product_brand":[],"product_cat":[33],"product_tag":[],"class_list":{"0":"post-9409","1":"product","2":"type-product","3":"status-publish","4":"has-post-thumbnail","6":"product_cat-educational-toys","8":"first","9":"instock","10":"shipping-taxable","11":"purchasable","12":"product-type-variable"},"_links":{"self":[{"href":"https:\/\/babyslane.com\/fr\/wp-json\/wp\/v2\/product\/9409","targetHints":{"allow":["GET"]}}],"collection":[{"href":"https:\/\/babyslane.com\/fr\/wp-json\/wp\/v2\/product"}],"about":[{"href":"https:\/\/babyslane.com\/fr\/wp-json\/wp\/v2\/types\/product"}],"replies":[{"embeddable":true,"href":"https:\/\/babyslane.com\/fr\/wp-json\/wp\/v2\/comments?post=9409"}],"version-history":[{"count":3,"href":"https:\/\/babyslane.com\/fr\/wp-json\/wp\/v2\/product\/9409\/revisions"}],"predecessor-version":[{"id":9434,"href":"https:\/\/babyslane.com\/fr\/wp-json\/wp\/v2\/product\/9409\/revisions\/9434"}],"wp:featuredmedia":[{"embeddable":true,"href":"https:\/\/babyslane.com\/fr\/wp-json\/wp\/v2\/media\/9403"}],"wp:attachment":[{"href":"https:\/\/babyslane.com\/fr\/wp-json\/wp\/v2\/media?parent=9409"}],"wp:term":[{"taxonomy":"product_brand","embeddable":true,"href":"https:\/\/babyslane.com\/fr\/wp-json\/wp\/v2\/product_brand?post=9409"},{"taxonomy":"product_cat","embeddable":true,"href":"https:\/\/babyslane.com\/fr\/wp-json\/wp\/v2\/product_cat?post=9409"},{"taxonomy":"product_tag","embeddable":true,"href":"https:\/\/babyslane.com\/fr\/wp-json\/wp\/v2\/product_tag?post=9409"}],"curies":[{"name":"wp","href":"https:\/\/api.w.org\/{rel}","templated":true}]}}