{"id":9464,"date":"2024-01-17T03:58:32","date_gmt":"2024-01-17T02:58:32","guid":{"rendered":"https:\/\/babyslane.com\/produit\/three-in-one-99-multiplication-board-for-early-childhood-education-and-puzzle-for-children\/"},"modified":"2024-01-27T11:50:28","modified_gmt":"2024-01-27T10:50:28","slug":"three-in-one-99-multiplication-board-for-early-childhood-education-and-puzzle-for-children","status":"publish","type":"product","link":"https:\/\/babyslane.com\/fr\/produit\/three-in-one-99-multiplication-board-for-early-childhood-education-and-puzzle-for-children\/","title":{"rendered":"Jeu Planche Montessori Apprentissage Ludique des Multiplications"},"content":{"rendered":"<p><img decoding=\"async\" src=\"https:\/\/cc-west-usa.oss-us-west-1.aliyuncs.com\/52ab3a46-db34-4649-b572-fcf2448993eb_trans.jpeg\" \/><\/p>\n<p><strong>Outil p\u00e9dagogique incontournable :<\/strong><\/p>\n<p>La planche de multiplication se r\u00e9v\u00e8le \u00eatre un excellent support pour les enseignants, leur permettant de cr\u00e9er une multitude d&#8217;op\u00e9rations math\u00e9matiques afin de rendre l&#8217;apprentissage de la multiplication plus facile et divertissant pour les enfants.<\/p>\n<p>&nbsp;<\/p>\n<p><img decoding=\"async\" src=\"https:\/\/cc-west-usa.oss-us-west-1.aliyuncs.com\/fb4452a3-0d9c-4e2c-b435-8af68a4b7cf5_trans.jpeg\" \/><\/p>\n<p><strong>Stimulation du d\u00e9veloppement c\u00e9r\u00e9bral\u00a0<\/strong><\/p>\n<p>Les cartes de probl\u00e8me stimulent l&#8217;int\u00e9r\u00eat des enfants pour l&#8217;apprentissage, favorisent le d\u00e9veloppement c\u00e9r\u00e9bral et contribuent \u00e0 l&#8217;exercice ainsi qu&#8217;\u00e0 la stimulation de leur coordination main-\u0153il de mani\u00e8re ludique.<\/p>\n<p>&nbsp;<\/p>\n<p><img decoding=\"async\" src=\"https:\/\/cc-west-usa.oss-us-west-1.aliyuncs.com\/5c0cba63-d973-402e-914a-ad439a207526_trans.jpeg\" \/><br \/>\n<img decoding=\"async\" src=\"https:\/\/cc-west-usa.oss-us-west-1.aliyuncs.com\/b5ffdb1e-6c85-4b4f-b234-a551c541f745.jpg\" \/><\/p>\n<p><strong>Jouet \u00e9ducatif de qualit\u00e9 <\/strong><\/p>\n<p>Ces jouets \u00e9ducatifs offrent un entra\u00eenement pr\u00e9cieux pour le d\u00e9veloppement cognitif des enfants, les aidant \u00e0 am\u00e9liorer leurs comp\u00e9tences en r\u00e9solution de probl\u00e8mes et \u00e0 stimuler leur inspiration arithm\u00e9tique de mani\u00e8re interactive.<\/p>\n<p>&nbsp;<\/p>\n<p><img decoding=\"async\" src=\"https:\/\/cc-west-usa.oss-us-west-1.aliyuncs.com\/b79a22e8-79b8-48c1-a833-ffcc95150fc0_trans.jpeg\" \/><\/p>\n<p><strong>Facilitation de l&#8217;apprentissage math\u00e9matique <\/strong><\/p>\n<p>Les blocs en bois pour les math\u00e9matiques offrent une mani\u00e8re intuitive aux enfants de comprendre les chiffres, renfor\u00e7ant ainsi leurs comp\u00e9tences en comptage de mani\u00e8re ludique.<\/p>\n<p>&nbsp;<\/p>\n<p><img decoding=\"async\" src=\"https:\/\/cc-west-usa.oss-us-west-1.aliyuncs.com\/8da7c5a3-9d0c-40f1-ae8e-3f6a795c9b02_trans.jpeg\" \/><\/p>\n<p><strong>Cadeau id\u00e9al pour toutes occasions\u00a0<\/strong><\/p>\n<p>Notre planche de multiplication math\u00e9matique constitue le cadeau parfait pour les anniversaires, No\u00ebl, Halloween, ou toute autre occasion sp\u00e9ciale. Adapt\u00e9e aux enfants de 3 ans et plus, elle garantit des heures de plaisir \u00e9ducatif.<\/p>\n<p>&nbsp;<\/p>\n<p><img decoding=\"async\" src=\"https:\/\/cc-west-usa.oss-us-west-1.aliyuncs.com\/8d1f7a7c-c62f-417c-b03e-1a67ce89a816_trans.jpeg\" \/><br \/>\n<img decoding=\"async\" src=\"https:\/\/cc-west-usa.oss-us-west-1.aliyuncs.com\/6d001891-d648-489e-9e69-c4c21f56fe8e_trans.jpeg\" \/><br \/>\n<img decoding=\"async\" src=\"https:\/\/cc-west-usa.oss-us-west-1.aliyuncs.com\/853622f5-ec4d-40b1-b9fe-3bba3083e9a6_trans.jpeg\" \/><br \/>\n<img decoding=\"async\" src=\"https:\/\/cc-west-usa.oss-us-west-1.aliyuncs.com\/4e4fe1c0-ac24-4089-be4b-eec36609117c_trans.jpeg\" \/><br \/>\n<img decoding=\"async\" src=\"https:\/\/cc-west-usa.oss-us-west-1.aliyuncs.com\/485a8669-f1d4-4c7f-982e-1fce5c58876e_trans.jpeg\" \/><br \/>\n<img decoding=\"async\" src=\"https:\/\/cc-west-usa.oss-us-west-1.aliyuncs.com\/c58fb533-4528-4f37-80a2-5383b0ccf565_trans.jpeg\" \/><br \/>\n<img decoding=\"async\" src=\"https:\/\/cc-west-usa.oss-us-west-1.aliyuncs.com\/5d33b76e-3df5-487a-88d4-b13150e501bb.jpg?x-oss-process=image\/quality,q_100\" \/><\/p>\n<p><b>Product information:<\/b><\/p>\n<p>Suitable age: children (3-7 years old)<\/p>\n<p>Packing size: 24.5*23.5 * 4.5cm<\/p>","protected":false},"excerpt":{"rendered":"<p>Outil p\u00e9dagogique incontournable : La planche de multiplication se r\u00e9v\u00e8le \u00eatre un excellent support pour les enseignants, leur permettant de cr\u00e9er une multitude d&#8217;op\u00e9rations math\u00e9matiques afin de rendre l&#8217;apprentissage de la multiplication plus facile et divertissant pour les enfants. &nbsp; Stimulation du d\u00e9veloppement c\u00e9r\u00e9bral\u00a0 Les cartes de probl\u00e8me stimulent l&#8217;int\u00e9r\u00eat des enfants pour l&#8217;apprentissage, favorisent [&hellip;]<\/p>\n","protected":false},"featured_media":9463,"comment_status":"open","ping_status":"closed","template":"","meta":[],"product_brand":[],"product_cat":[33],"product_tag":[],"class_list":{"0":"post-9464","1":"product","2":"type-product","3":"status-publish","4":"has-post-thumbnail","6":"product_cat-educational-toys","8":"first","9":"instock","10":"sale","11":"shipping-taxable","12":"purchasable","13":"product-type-simple"},"_links":{"self":[{"href":"https:\/\/babyslane.com\/fr\/wp-json\/wp\/v2\/product\/9464","targetHints":{"allow":["GET"]}}],"collection":[{"href":"https:\/\/babyslane.com\/fr\/wp-json\/wp\/v2\/product"}],"about":[{"href":"https:\/\/babyslane.com\/fr\/wp-json\/wp\/v2\/types\/product"}],"replies":[{"embeddable":true,"href":"https:\/\/babyslane.com\/fr\/wp-json\/wp\/v2\/comments?post=9464"}],"version-history":[{"count":5,"href":"https:\/\/babyslane.com\/fr\/wp-json\/wp\/v2\/product\/9464\/revisions"}],"predecessor-version":[{"id":9527,"href":"https:\/\/babyslane.com\/fr\/wp-json\/wp\/v2\/product\/9464\/revisions\/9527"}],"wp:featuredmedia":[{"embeddable":true,"href":"https:\/\/babyslane.com\/fr\/wp-json\/wp\/v2\/media\/9463"}],"wp:attachment":[{"href":"https:\/\/babyslane.com\/fr\/wp-json\/wp\/v2\/media?parent=9464"}],"wp:term":[{"taxonomy":"product_brand","embeddable":true,"href":"https:\/\/babyslane.com\/fr\/wp-json\/wp\/v2\/product_brand?post=9464"},{"taxonomy":"product_cat","embeddable":true,"href":"https:\/\/babyslane.com\/fr\/wp-json\/wp\/v2\/product_cat?post=9464"},{"taxonomy":"product_tag","embeddable":true,"href":"https:\/\/babyslane.com\/fr\/wp-json\/wp\/v2\/product_tag?post=9464"}],"curies":[{"name":"wp","href":"https:\/\/api.w.org\/{rel}","templated":true}]}}