{"id":9483,"date":"2024-01-19T13:02:08","date_gmt":"2024-01-19T12:02:08","guid":{"rendered":"https:\/\/babyslane.com\/produit\/childrens-enlightenment-early-education-toys-montessori-teaching-aids\/"},"modified":"2024-01-30T16:51:30","modified_gmt":"2024-01-30T15:51:30","slug":"montessori-life-cycle-learning-board","status":"publish","type":"product","link":"https:\/\/babyslane.com\/fr\/produit\/montessori-life-cycle-learning-board\/","title":{"rendered":"Tableau d&#8217;Apprentissage du Cycle de Vie Montessori Jouet Educatif"},"content":{"rendered":"<p><img decoding=\"async\" src=\"https:\/\/cc-west-usa.oss-us-west-1.aliyuncs.com\/ab399857-1113-4326-9a78-608446b34cb7.png\" data-src=\"https:\/\/ae01.alicdn.com\/kf\/S35883046d065489894ac8f2bdfc135d2I.jpg\" data-key=\"1\" data-uploadossfail=\"false\" \/><br \/>\n<img decoding=\"async\" src=\"https:\/\/cc-west-usa.oss-us-west-1.aliyuncs.com\/f2f6560e-63fe-405a-b9b9-ad080dc48b85.png\" data-src=\"https:\/\/ae01.alicdn.com\/kf\/Sbd82c5acd8c549829348029fb690b2a8N.jpg\" data-key=\"2\" data-uploadossfail=\"false\" \/><br \/>\n<img decoding=\"async\" src=\"https:\/\/cc-west-usa.oss-us-west-1.aliyuncs.com\/c53821bf-5e67-4b4b-8262-9c679a19ce8b.png\" data-src=\"https:\/\/ae01.alicdn.com\/kf\/Saa6e8b01585f462cb9e3b34b69c12711y.jpg\" data-key=\"3\" data-uploadossfail=\"false\" \/><br \/>\n<img decoding=\"async\" src=\"https:\/\/cc-west-usa.oss-us-west-1.aliyuncs.com\/7fe37404-82ac-4dcf-894d-106b920b8bc9.png\" data-src=\"https:\/\/ae01.alicdn.com\/kf\/Sf7e70d6dcb4145499a7f8e2f484fa60ew.jpg\" data-key=\"4\" data-uploadossfail=\"false\" \/><br \/>\n<img decoding=\"async\" src=\"https:\/\/cc-west-usa.oss-us-west-1.aliyuncs.com\/b22d939a-12f4-4e21-89dd-91a5c9be7760.png\" data-src=\"https:\/\/ae01.alicdn.com\/kf\/S03a475d13ae94e26a218ac6bdda56110S.jpg\" data-key=\"5\" data-uploadossfail=\"false\" \/><br \/>\n<img decoding=\"async\" src=\"https:\/\/cc-west-usa.oss-us-west-1.aliyuncs.com\/b133cc92-4718-4602-bc7e-70bb0a3dece9.png\" data-src=\"https:\/\/ae01.alicdn.com\/kf\/S32ddc15298a94409a284e7de76cffee0d.jpg\" data-key=\"6\" data-uploadossfail=\"false\" \/><br \/>\n<img decoding=\"async\" src=\"https:\/\/cc-west-usa.oss-us-west-1.aliyuncs.com\/6bdf5409-6a24-4b85-b5b7-982052a6203b.png\" data-src=\"https:\/\/ae01.alicdn.com\/kf\/S385ec2cfdfc847e1865cc1555497c3f3C.jpg\" data-key=\"7\" data-uploadossfail=\"false\" \/><br \/>\n<img decoding=\"async\" src=\"https:\/\/cc-west-usa.oss-us-west-1.aliyuncs.com\/1e8aebc8-d9d7-4d8c-804d-1081a69a5b7b.png\" data-src=\"https:\/\/ae01.alicdn.com\/kf\/S2ec4ca763ba14687bb524aa67c3de1593.jpg\" data-key=\"8\" data-uploadossfail=\"false\" \/><br \/>\n<img decoding=\"async\" src=\"https:\/\/cc-west-usa.oss-us-west-1.aliyuncs.com\/31aa65b2-f12b-418a-9a88-ecd77268b99e.png\" data-src=\"https:\/\/ae01.alicdn.com\/kf\/S36aaa79ab2b3436abef0f12b61eabc98f.jpg\" data-key=\"9\" data-uploadossfail=\"false\" \/><br \/>\n<img decoding=\"async\" src=\"https:\/\/cc-west-usa.oss-us-west-1.aliyuncs.com\/b4198400-a4b1-4112-8c02-b985866e15eb.png\" data-src=\"https:\/\/ae01.alicdn.com\/kf\/S86d4aac4434844f5941eebd6ed7f8b7bg.jpg\" data-key=\"10\" data-uploadossfail=\"false\" \/><\/p>\n<p id=\"tw-target-text\" class=\"tw-data-text tw-text-large tw-ta\" dir=\"ltr\" data-placeholder=\"Traduction\" data-ved=\"2ahUKEwi17Zear4WEAxUc7zgGHa0iB70Q3ewLegQIBRAP\"><strong><span class=\"Y2IQFc\" lang=\"fr\">Information produit: <\/span><\/strong><\/p>\n<p class=\"tw-data-text tw-text-large tw-ta\" dir=\"ltr\" data-placeholder=\"Traduction\" data-ved=\"2ahUKEwi17Zear4WEAxUc7zgGHa0iB70Q3ewLegQIBRAP\"><span class=\"Y2IQFc\" lang=\"fr\">Mat\u00e9riel: Bois <\/span><\/p>\n<p class=\"tw-data-text tw-text-large tw-ta\" dir=\"ltr\" data-placeholder=\"Traduction\" data-ved=\"2ahUKEwi17Zear4WEAxUc7zgGHa0iB70Q3ewLegQIBRAP\"><span class=\"Y2IQFc\" lang=\"fr\">Sp\u00e9cification: 20*17.5*4CM <\/span><\/p>\n<p class=\"tw-data-text tw-text-large tw-ta\" dir=\"ltr\" data-placeholder=\"Traduction\" data-ved=\"2ahUKEwi17Zear4WEAxUc7zgGHa0iB70Q3ewLegQIBRAP\"><strong><span class=\"Y2IQFc\" lang=\"fr\">Contenu du paquet: <\/span><\/strong><\/p>\n<p class=\"tw-data-text tw-text-large tw-ta\" dir=\"ltr\" data-placeholder=\"Traduction\" data-ved=\"2ahUKEwi17Zear4WEAxUc7zgGHa0iB70Q3ewLegQIBRAP\"><span class=\"Y2IQFc\" lang=\"fr\">Jouets \u00e9ducatifs x 1<\/span><\/p>\n<p>&nbsp;<\/p>","protected":false},"excerpt":{"rendered":"<p>Information produit: Mat\u00e9riel: Bois Sp\u00e9cification: 20*17.5*4CM Contenu du paquet: Jouets \u00e9ducatifs x 1 &nbsp;<\/p>\n","protected":false},"featured_media":9482,"comment_status":"open","ping_status":"closed","template":"","meta":[],"product_brand":[],"product_cat":[33],"product_tag":[],"class_list":{"0":"post-9483","1":"product","2":"type-product","3":"status-publish","4":"has-post-thumbnail","6":"product_cat-educational-toys","8":"first","9":"instock","10":"sale","11":"shipping-taxable","12":"purchasable","13":"product-type-simple"},"_links":{"self":[{"href":"https:\/\/babyslane.com\/fr\/wp-json\/wp\/v2\/product\/9483","targetHints":{"allow":["GET"]}}],"collection":[{"href":"https:\/\/babyslane.com\/fr\/wp-json\/wp\/v2\/product"}],"about":[{"href":"https:\/\/babyslane.com\/fr\/wp-json\/wp\/v2\/types\/product"}],"replies":[{"embeddable":true,"href":"https:\/\/babyslane.com\/fr\/wp-json\/wp\/v2\/comments?post=9483"}],"version-history":[{"count":7,"href":"https:\/\/babyslane.com\/fr\/wp-json\/wp\/v2\/product\/9483\/revisions"}],"predecessor-version":[{"id":9534,"href":"https:\/\/babyslane.com\/fr\/wp-json\/wp\/v2\/product\/9483\/revisions\/9534"}],"wp:featuredmedia":[{"embeddable":true,"href":"https:\/\/babyslane.com\/fr\/wp-json\/wp\/v2\/media\/9482"}],"wp:attachment":[{"href":"https:\/\/babyslane.com\/fr\/wp-json\/wp\/v2\/media?parent=9483"}],"wp:term":[{"taxonomy":"product_brand","embeddable":true,"href":"https:\/\/babyslane.com\/fr\/wp-json\/wp\/v2\/product_brand?post=9483"},{"taxonomy":"product_cat","embeddable":true,"href":"https:\/\/babyslane.com\/fr\/wp-json\/wp\/v2\/product_cat?post=9483"},{"taxonomy":"product_tag","embeddable":true,"href":"https:\/\/babyslane.com\/fr\/wp-json\/wp\/v2\/product_tag?post=9483"}],"curies":[{"name":"wp","href":"https:\/\/api.w.org\/{rel}","templated":true}]}}