{"id":9567,"date":"2024-02-03T12:59:52","date_gmt":"2024-02-03T11:59:52","guid":{"rendered":"https:\/\/babyslane.com\/produit\/digital-balance-toy\/"},"modified":"2024-07-30T02:53:28","modified_gmt":"2024-07-30T00:53:28","slug":"digital-balance-toy","status":"publish","type":"product","link":"https:\/\/babyslane.com\/fr\/produit\/digital-balance-toy\/","title":{"rendered":"La Balance Cow Jouet P\u00e9dagogique pour les Math\u00e9matiques"},"content":{"rendered":"<p>Notre balance Cow est bien plus qu&#8217;un simple jouet : c&#8217;est un outil \u00e9ducatif complet. Ses chiffres color\u00e9s attirent l&#8217;attention des enfants et rendent l&#8217;apprentissage amusant.<\/p>\n<p><img decoding=\"async\" src=\"https:\/\/cc-west-usa.oss-us-west-1.aliyuncs.com\/7d63b0b6-c527-45b1-b433-15442d3ce1fb.png\" \/><\/p>\n<p>Chaque petite vache repr\u00e9sente un poids, aidant \u00e0 comprendre les concepts de poids et d&#8217;\u00e9quilibre tout en am\u00e9liorant la coordination \u0153il-main.<\/p>\n<p><img decoding=\"async\" src=\"https:\/\/cc-west-usa.oss-us-west-1.aliyuncs.com\/712661bf-f911-4ce7-a7ba-fb813778922b.jpg\" \/><\/p>\n<p>De plus, cette balance d\u00e9veloppe les comp\u00e9tences en math\u00e9matiques de mani\u00e8re engageante et interactive.<br \/>\n<img decoding=\"async\" src=\"https:\/\/cc-west-usa.oss-us-west-1.aliyuncs.com\/05cd82b9-cd7c-4b2e-9467-197d881ec468.jpg\" \/><\/p>\n<p>&nbsp;<\/p>\n<p><img decoding=\"async\" src=\"https:\/\/cc-west-usa.oss-us-west-1.aliyuncs.com\/17faabef-2a30-456a-95c0-e227e2bd1cce.jpg\" \/><\/p>\n<p>Informations Produit:<\/p>\n<p>Material: Plastique<\/p>\n<p><img decoding=\"async\" src=\"https:\/\/cc-west-usa.oss-us-west-1.aliyuncs.com\/fc41089c-43d4-4ba9-8590-08c954611b16.jpg\" \/><\/p>\n<p>&nbsp;<\/p>\n<p>&nbsp;<\/p>","protected":false},"excerpt":{"rendered":"<p>Faites de l&#8217;apprentissage un jeu captivant avec notre balance Cow : le jouet indispensable pour d\u00e9velopper les comp\u00e9tences en maths et coordination de votre enfant !<\/p>\n<p>&nbsp;<\/p>\n","protected":false},"featured_media":9566,"comment_status":"open","ping_status":"closed","template":"","meta":[],"product_brand":[],"product_cat":[33],"product_tag":[],"class_list":{"0":"post-9567","1":"product","2":"type-product","3":"status-publish","4":"has-post-thumbnail","6":"product_cat-educational-toys","8":"first","9":"instock","10":"sale","11":"shipping-taxable","12":"purchasable","13":"product-type-variable"},"_links":{"self":[{"href":"https:\/\/babyslane.com\/fr\/wp-json\/wp\/v2\/product\/9567","targetHints":{"allow":["GET"]}}],"collection":[{"href":"https:\/\/babyslane.com\/fr\/wp-json\/wp\/v2\/product"}],"about":[{"href":"https:\/\/babyslane.com\/fr\/wp-json\/wp\/v2\/types\/product"}],"replies":[{"embeddable":true,"href":"https:\/\/babyslane.com\/fr\/wp-json\/wp\/v2\/comments?post=9567"}],"version-history":[{"count":3,"href":"https:\/\/babyslane.com\/fr\/wp-json\/wp\/v2\/product\/9567\/revisions"}],"predecessor-version":[{"id":10179,"href":"https:\/\/babyslane.com\/fr\/wp-json\/wp\/v2\/product\/9567\/revisions\/10179"}],"wp:featuredmedia":[{"embeddable":true,"href":"https:\/\/babyslane.com\/fr\/wp-json\/wp\/v2\/media\/9566"}],"wp:attachment":[{"href":"https:\/\/babyslane.com\/fr\/wp-json\/wp\/v2\/media?parent=9567"}],"wp:term":[{"taxonomy":"product_brand","embeddable":true,"href":"https:\/\/babyslane.com\/fr\/wp-json\/wp\/v2\/product_brand?post=9567"},{"taxonomy":"product_cat","embeddable":true,"href":"https:\/\/babyslane.com\/fr\/wp-json\/wp\/v2\/product_cat?post=9567"},{"taxonomy":"product_tag","embeddable":true,"href":"https:\/\/babyslane.com\/fr\/wp-json\/wp\/v2\/product_tag?post=9567"}],"curies":[{"name":"wp","href":"https:\/\/api.w.org\/{rel}","templated":true}]}}