{"id":9604,"date":"2024-04-03T17:05:28","date_gmt":"2024-04-03T15:05:28","guid":{"rendered":"https:\/\/babyslane.com\/produit\/portable-travel-baby-food-supplement-machine\/"},"modified":"2025-07-18T14:12:14","modified_gmt":"2025-07-18T12:12:14","slug":"2-in-1-portable-travel-baby-food-processor-spoon-feeding-bottle","status":"publish","type":"product","link":"https:\/\/babyslane.com\/fr\/produit\/2-in-1-portable-travel-baby-food-processor-spoon-feeding-bottle\/","title":{"rendered":"Biberon a Cuill\u00e8re et Mixeur nourriture b\u00e9b\u00e9 2 en 1 de voyage"},"content":{"rendered":"<p>&nbsp;<\/p>\n<h3>Pr\u00e9parez les repas de b\u00e9b\u00e9 partout, en toute simplicit\u00e9<\/h3>\n<p>Le <strong>mixeur portable 2-en-1 avec biberon et cuill\u00e8re pour b\u00e9b\u00e9<\/strong> est la solution id\u00e9ale pour pr\u00e9parer et donner les repas de b\u00e9b\u00e9 o\u00f9 que vous soyez.<\/p>\n<p>En voyage, en visite chez des proches ou lors d\u2019une simple promenade, cet outil innovant vous permet de r\u00e9pondre aux besoins nutritionnels de votre b\u00e9b\u00e9 sans vous encombrer d\u2019\u00e9quipements volumineux.<\/p>\n<p>Son design compact et sa double fonctionnalit\u00e9 en font un <strong>indispensable pour tous les parents nomades<\/strong>.<\/p>\n<p><img decoding=\"async\" src=\"https:\/\/cc-west-usa.oss-us-west-1.aliyuncs.com\/11d35619-3144-4158-ac8d-2ed2726308f4.jpg\" \/><\/p>\n<h3>Pratique et facile \u00e0 utiliser<\/h3>\n<p>Pens\u00e9 pour simplifier la vie des parents, ce mixeur est dot\u00e9 d\u2019un biberon int\u00e9gr\u00e9 avec cuill\u00e8re, vous permettant de <strong>pr\u00e9parer et nourrir votre b\u00e9b\u00e9 directement depuis le m\u00eame r\u00e9cipient<\/strong>.<\/p>\n<p>Fini les transferts salissants entre les bols et les cuill\u00e8res ! Mixez simplement les aliments, vissez la cuill\u00e8re, et vous \u00eates pr\u00eat \u00e0 nourrir b\u00e9b\u00e9.<\/p>\n<p>Son design intuitif le rend facile \u00e0 utiliser, m\u00eame pour les jeunes parents, et rend le moment du repas plus serein pour vous et votre enfant.<\/p>\n<p><img decoding=\"async\" src=\"https:\/\/cc-west-usa.oss-us-west-1.aliyuncs.com\/d338fc91-cc08-4575-a5c3-53de95fd0312.jpg\" \/><\/p>\n<h3>Facile \u00e0 nettoyer et id\u00e9al pour le voyage<\/h3>\n<p>L\u2019hygi\u00e8ne est une priorit\u00e9, et ce produit facilite le nettoyage gr\u00e2ce \u00e0 ses <strong>parties d\u00e9tachables faciles \u00e0 d\u00e9monter pour un nettoyage complet<\/strong>, assurant une propret\u00e9 parfaite.<\/p>\n<p>Fabriqu\u00e9 avec des mat\u00e9riaux de haute qualit\u00e9, sans BPA, il est s\u00fbr et durable. L\u00e9ger et compact, il se glisse facilement dans un sac \u00e0 langer ou un sac \u00e0 main, en faisant le compagnon id\u00e9al des parents qui privil\u00e9gient la praticit\u00e9 et la propret\u00e9.<\/p>\n<p><img decoding=\"async\" src=\"https:\/\/cc-west-usa.oss-us-west-1.aliyuncs.com\/13e15176-73d5-4219-9966-3b6ecb32e380.jpg\" \/><\/p>\n<h3>Un outil essentiel pour tous les parents<\/h3>\n<p>Le <strong>mixeur portable 2-en-1 avec biberon et cuill\u00e8re pour b\u00e9b\u00e9<\/strong> est bien plus qu\u2019un simple accessoire, c\u2019est un outil essentiel pour tous les parents. Il ne s\u2019agit pas seulement de praticit\u00e9, mais de garantir \u00e0 votre enfant une alimentation saine m\u00eame dans un quotidien bien rempli.<\/p>\n<p><strong>Simplifiez la pr\u00e9paration et l\u2019alimentation de b\u00e9b\u00e9 partout o\u00f9 la vie vous m\u00e8ne<\/strong>, et profitez de la tranquillit\u00e9 d\u2019esprit qu\u2019offre cet outil pens\u00e9 pour les parents actifs. Faites des repas de b\u00e9b\u00e9 un moment sans stress et agr\u00e9able gr\u00e2ce \u00e0 cette solution innovante et facile \u00e0 utiliser.<\/p>\n<p><img decoding=\"async\" src=\"https:\/\/cc-west-usa.oss-us-west-1.aliyuncs.com\/ccca9547-6689-4ec9-8b98-061637573bf2.jpg\" \/><\/p>\n<h3>Informations produit :<\/h3>\n<ul>\n<li><strong>Tension nominale :<\/strong> 12 V<\/li>\n<li><strong>Puissance nominale :<\/strong> 25 W<\/li>\n<li><strong>Dimensions :<\/strong> 6,9 \u00d7 6,2 \u00d7 12,6 cm<\/li>\n<li><strong>Puissance :<\/strong> inf\u00e9rieure \u00e0 800 W<\/li>\n<\/ul>\n<p><img decoding=\"async\" src=\"https:\/\/cc-west-usa.oss-us-west-1.aliyuncs.com\/f2ea1817-e60d-412c-afaf-823148f224f5.jpg\" \/><\/p>\n<h3>Contenu de l\u2019emballage :<\/h3>\n<ul>\n<li>1 \u00d7 Mixeur portable pour b\u00e9b\u00e9<\/li>\n<li>1 \u00d7 C\u00e2ble de chargement<\/li>\n<li>1 \u00d7 Manuel d\u2019utilisation<\/li>\n<\/ul>\n<p><img decoding=\"async\" src=\"https:\/\/cc-west-usa.oss-us-west-1.aliyuncs.com\/a2c4c649-8149-4da1-93fe-0e4484f77c53.jpg\" \/><\/p>\n<p>&nbsp;<\/p>","protected":false},"excerpt":{"rendered":"<p><strong>Pr\u00e9parez des repas maison pour b\u00e9b\u00e9 partout, m\u00eame en voyage.<\/strong><\/p>\n<p>Ce mixeur portable 2-en-1 avec biberon et cuill\u00e8re simplifie les repas nomades, un indispensable pour les parents actifs.<\/p>\n","protected":false},"featured_media":10845,"comment_status":"open","ping_status":"closed","template":"","meta":[],"product_brand":[],"product_cat":[217,31,35],"product_tag":[],"class_list":{"0":"post-9604","1":"product","2":"type-product","3":"status-publish","4":"has-post-thumbnail","6":"product_cat-baby-bottles","7":"product_cat-feeding","8":"product_cat-outing-travel","10":"first","11":"instock","12":"sale","13":"shipping-taxable","14":"purchasable","15":"product-type-simple"},"_links":{"self":[{"href":"https:\/\/babyslane.com\/fr\/wp-json\/wp\/v2\/product\/9604","targetHints":{"allow":["GET"]}}],"collection":[{"href":"https:\/\/babyslane.com\/fr\/wp-json\/wp\/v2\/product"}],"about":[{"href":"https:\/\/babyslane.com\/fr\/wp-json\/wp\/v2\/types\/product"}],"replies":[{"embeddable":true,"href":"https:\/\/babyslane.com\/fr\/wp-json\/wp\/v2\/comments?post=9604"}],"version-history":[{"count":10,"href":"https:\/\/babyslane.com\/fr\/wp-json\/wp\/v2\/product\/9604\/revisions"}],"predecessor-version":[{"id":10849,"href":"https:\/\/babyslane.com\/fr\/wp-json\/wp\/v2\/product\/9604\/revisions\/10849"}],"wp:featuredmedia":[{"embeddable":true,"href":"https:\/\/babyslane.com\/fr\/wp-json\/wp\/v2\/media\/10845"}],"wp:attachment":[{"href":"https:\/\/babyslane.com\/fr\/wp-json\/wp\/v2\/media?parent=9604"}],"wp:term":[{"taxonomy":"product_brand","embeddable":true,"href":"https:\/\/babyslane.com\/fr\/wp-json\/wp\/v2\/product_brand?post=9604"},{"taxonomy":"product_cat","embeddable":true,"href":"https:\/\/babyslane.com\/fr\/wp-json\/wp\/v2\/product_cat?post=9604"},{"taxonomy":"product_tag","embeddable":true,"href":"https:\/\/babyslane.com\/fr\/wp-json\/wp\/v2\/product_tag?post=9604"}],"curies":[{"name":"wp","href":"https:\/\/api.w.org\/{rel}","templated":true}]}}