{"id":9689,"date":"2024-06-13T21:17:25","date_gmt":"2024-06-13T19:17:25","guid":{"rendered":"https:\/\/babyslane.com\/produit\/baby-food-spoon-feeder\/"},"modified":"2024-08-08T21:10:44","modified_gmt":"2024-08-08T19:10:44","slug":"baby-food-spoon-feeder","status":"publish","type":"product","link":"https:\/\/babyslane.com\/fr\/produit\/baby-food-spoon-feeder\/","title":{"rendered":"Biberon Cuill\u00e8re pour B\u00e9b\u00e9 B-Lane"},"content":{"rendered":"<p><\/p>\n<div>Le Biberon Cuill\u00e8re pour B\u00e9b\u00e9 B-Lane \u2013 la solution ultime pour les parents ! Fabriqu\u00e9 \u00e0 partir de PP de qualit\u00e9 alimentaire et de silicone sans BPA, ce biberon est s\u00fbr pour la bouche d\u00e9licate de votre b\u00e9b\u00e9.<\/div>\n<div><img decoding=\"async\" style=\"max-width: 100%;\" src=\"https:\/\/cf.cjdropshipping.com\/18027b4c-776e-492d-b212-71750497b077.jpg\" \/><br \/>\n<img decoding=\"async\" src=\"https:\/\/cf.cjdropshipping.com\/d1add080-27c8-461d-a57c-e094d911422f.jpg\" \/><\/div>\n<div>Le couvercle filtrant unique assure que seuls les aliments lisses et fins atteignent votre b\u00e9b\u00e9, pr\u00e9venant ainsi les risques d&#8217;\u00e9touffement. Son couvercle herm\u00e9tique emp\u00eache les fuites, ce qui le rend parfait pour les repas en d\u00e9placement.<br \/>\n<img decoding=\"async\" src=\"https:\/\/cf.cjdropshipping.com\/9e74d312-5f70-4a1f-b703-fcb18d26f120.jpg\" \/><\/div>\n<div>Avec un bol int\u00e9gr\u00e9 et une cuill\u00e8re, nourrir d&#8217;une seule main devient facile et sans salisures. De plus, la ventouse int\u00e9gr\u00e9e maintient le biberon stable sur toutes les surfaces, \u00e9vitant les renversements.<br \/>\n<img decoding=\"async\" src=\"https:\/\/cf.cjdropshipping.com\/4b5dee57-8706-41af-9896-09d05e708cf7.jpg\" \/><br \/>\n<img decoding=\"async\" src=\"https:\/\/cf.cjdropshipping.com\/e178e516-8791-4361-96f4-1312ac96b71a.jpg\" \/><\/div>\n<div>Rendez les repas s\u00fbrs, faciles et pratiques avec le Biberon Cuill\u00e8re pour B\u00e9b\u00e9 B-Lane !<br \/>\n<img decoding=\"async\" src=\"https:\/\/cf.cjdropshipping.com\/de5e6d56-e272-4ef3-9e61-8c9fc1c4dbfe.jpg\" \/><\/div>\n<p><\/p>","protected":false},"excerpt":{"rendered":"<p>Le Biberon Cuill\u00e8re pour B\u00e9b\u00e9 B-Lane est la solution id\u00e9ale <strong>pour une alimentation s\u00fbre, facile et sans salissures.<\/strong> Fabriqu\u00e9 \u00e0 partir de mat\u00e9riaux sans BPA, il dispose d&#8217;un filtre unique, d&#8217;une fermeture herm\u00e9tique et d&#8217;une ventouse pour plus de stabilit\u00e9. Parfait pour les repas de b\u00e9b\u00e9 en exterieur.<\/p>\n","protected":false},"featured_media":9688,"comment_status":"open","ping_status":"closed","template":"","meta":[],"product_brand":[],"product_cat":[31,217],"product_tag":[],"class_list":{"0":"post-9689","1":"product","2":"type-product","3":"status-publish","4":"has-post-thumbnail","6":"product_cat-feeding","7":"product_cat-baby-bottles","9":"first","10":"instock","11":"sale","12":"shipping-taxable","13":"purchasable","14":"product-type-variable"},"_links":{"self":[{"href":"https:\/\/babyslane.com\/fr\/wp-json\/wp\/v2\/product\/9689","targetHints":{"allow":["GET"]}}],"collection":[{"href":"https:\/\/babyslane.com\/fr\/wp-json\/wp\/v2\/product"}],"about":[{"href":"https:\/\/babyslane.com\/fr\/wp-json\/wp\/v2\/types\/product"}],"replies":[{"embeddable":true,"href":"https:\/\/babyslane.com\/fr\/wp-json\/wp\/v2\/comments?post=9689"}],"version-history":[{"count":9,"href":"https:\/\/babyslane.com\/fr\/wp-json\/wp\/v2\/product\/9689\/revisions"}],"predecessor-version":[{"id":9822,"href":"https:\/\/babyslane.com\/fr\/wp-json\/wp\/v2\/product\/9689\/revisions\/9822"}],"wp:featuredmedia":[{"embeddable":true,"href":"https:\/\/babyslane.com\/fr\/wp-json\/wp\/v2\/media\/9688"}],"wp:attachment":[{"href":"https:\/\/babyslane.com\/fr\/wp-json\/wp\/v2\/media?parent=9689"}],"wp:term":[{"taxonomy":"product_brand","embeddable":true,"href":"https:\/\/babyslane.com\/fr\/wp-json\/wp\/v2\/product_brand?post=9689"},{"taxonomy":"product_cat","embeddable":true,"href":"https:\/\/babyslane.com\/fr\/wp-json\/wp\/v2\/product_cat?post=9689"},{"taxonomy":"product_tag","embeddable":true,"href":"https:\/\/babyslane.com\/fr\/wp-json\/wp\/v2\/product_tag?post=9689"}],"curies":[{"name":"wp","href":"https:\/\/api.w.org\/{rel}","templated":true}]}}