{"id":9708,"date":"2024-06-18T12:09:12","date_gmt":"2024-06-18T10:09:12","guid":{"rendered":"https:\/\/babyslane.com\/produit\/penguin-3-in-1-baby-bottle-cleaning-brush\/"},"modified":"2024-06-30T12:15:18","modified_gmt":"2024-06-30T10:15:18","slug":"penguin-3-in-1-baby-bottle-cleaning-brush","status":"publish","type":"product","link":"https:\/\/babyslane.com\/fr\/produit\/penguin-3-in-1-baby-bottle-cleaning-brush\/","title":{"rendered":"Goupillon Brosse Biberon Bebe 3 en 1 Pingouin"},"content":{"rendered":"<p>Prot\u00e9gez votre b\u00e9b\u00e9 des bact\u00e9ries avec notre brosse de nettoyage 3-en-1 indispensable, con\u00e7ue pour nettoyer minutieusement les biberons, les t\u00e9tines, leurs recoins d\u00e9licats et les pailles.<\/p>\n<p><strong>Cet outil essentiel garantit<\/strong> que chaque \u00e9l\u00e9ment de <strong>l&#8217;alimentation reste impeccable et hygi\u00e9nique,<\/strong> <strong>offrant le plus haut niveau de propret\u00e9<\/strong> et de s\u00e9curit\u00e9 pour votre tout-petit.<\/p>\n<p><strong>Faites de l&#8217;hygi\u00e8ne une priorit\u00e9 absolue et gardez votre b\u00e9b\u00e9 en bonne sant\u00e9 en toute simplicit\u00e9 !<\/strong><\/p>\n<p><img decoding=\"async\" src=\"https:\/\/cf.cjdropshipping.com\/fac3c270-0990-4be7-a986-708dd9a4171f.jpg\" \/><\/p>\n<p><img decoding=\"async\" src=\"https:\/\/cf.cjdropshipping.com\/831899b6-88b8-4748-9d43-1381609b282f.jpg\" \/><br \/>\n<img decoding=\"async\" src=\"https:\/\/cf.cjdropshipping.com\/4d355209-ef96-404d-a3b7-106a1683cd02.jpg\" \/><br \/>\n<img decoding=\"async\" src=\"https:\/\/cf.cjdropshipping.com\/8dda6373-6dbf-4701-8e58-d001bc651168.jpg\" \/><\/p>\n<p>&nbsp;<\/p>\n<p><img decoding=\"async\" src=\"https:\/\/cf.cjdropshipping.com\/fc5ee55f-71b8-41a1-9dd9-4028fc3b9ce1.jpg\" \/><\/p>\n<div class=\"flex flex-grow flex-col max-w-full\">\n<div class=\"min-h-[20px] text-message flex flex-col items-start whitespace-pre-wrap break-words [.text-message+&amp;]:mt-5 juice:w-full juice:items-end overflow-x-auto gap-2\" dir=\"auto\" data-message-author-role=\"assistant\" data-message-id=\"75cf9f32-5941-45cb-a0de-4abb85074bd5\">\n<div class=\"flex w-full flex-col gap-1 juice:empty:hidden juice:first:pt-[3px]\">\n<div class=\"markdown prose w-full break-words dark:prose-invert light\">\n<p><strong>Informations sur le produit :<\/strong><\/p>\n<p>Mat\u00e9riau : 100% silicone<\/p>\n<p>Couleur : Vert, Rouge, Bleu<\/p>\n<p><strong>Contenu de l&#8217;emballage :<\/strong><\/p>\n<p>1 Goupillon brosse biberon<\/p>\n<p>1 Brosse pour t\u00e9tine<\/p>\n<p>1 Brosse pour paille<\/p>\n<\/div>\n<\/div>\n<\/div>\n<\/div>\n<div class=\"mt-1 flex gap-3 empty:hidden juice:-ml-3\">\n<div class=\"items-center justify-start rounded-xl p-1 flex\">\n<div class=\"flex items-center\"><\/div>\n<\/div>\n<\/div>\n<p><\/p>","protected":false},"excerpt":{"rendered":"<p style=\"text-align: left;\"><strong>Prot\u00e9gez votre b\u00e9b\u00e9 des bact\u00e9ries<\/strong> avec notre brosse 3-en-1 pour biberon, con\u00e7ue pour <strong>nettoyer minutieusement<\/strong> les biberons, les t\u00e9tines, leurs recoins d\u00e9licats et les pailles. Gardez chaque \u00e9l\u00e9ment impeccable et s\u00fbr pour votre tout-petit, en <strong>toute simplicit\u00e9<\/strong> !<\/p>\n","protected":false},"featured_media":9978,"comment_status":"open","ping_status":"closed","template":"","meta":[],"product_brand":[],"product_cat":[217,31],"product_tag":[],"class_list":{"0":"post-9708","1":"product","2":"type-product","3":"status-publish","4":"has-post-thumbnail","6":"product_cat-baby-bottles","7":"product_cat-feeding","9":"first","10":"instock","11":"sale","12":"shipping-taxable","13":"purchasable","14":"product-type-variable"},"_links":{"self":[{"href":"https:\/\/babyslane.com\/fr\/wp-json\/wp\/v2\/product\/9708","targetHints":{"allow":["GET"]}}],"collection":[{"href":"https:\/\/babyslane.com\/fr\/wp-json\/wp\/v2\/product"}],"about":[{"href":"https:\/\/babyslane.com\/fr\/wp-json\/wp\/v2\/types\/product"}],"replies":[{"embeddable":true,"href":"https:\/\/babyslane.com\/fr\/wp-json\/wp\/v2\/comments?post=9708"}],"version-history":[{"count":4,"href":"https:\/\/babyslane.com\/fr\/wp-json\/wp\/v2\/product\/9708\/revisions"}],"predecessor-version":[{"id":9981,"href":"https:\/\/babyslane.com\/fr\/wp-json\/wp\/v2\/product\/9708\/revisions\/9981"}],"wp:featuredmedia":[{"embeddable":true,"href":"https:\/\/babyslane.com\/fr\/wp-json\/wp\/v2\/media\/9978"}],"wp:attachment":[{"href":"https:\/\/babyslane.com\/fr\/wp-json\/wp\/v2\/media?parent=9708"}],"wp:term":[{"taxonomy":"product_brand","embeddable":true,"href":"https:\/\/babyslane.com\/fr\/wp-json\/wp\/v2\/product_brand?post=9708"},{"taxonomy":"product_cat","embeddable":true,"href":"https:\/\/babyslane.com\/fr\/wp-json\/wp\/v2\/product_cat?post=9708"},{"taxonomy":"product_tag","embeddable":true,"href":"https:\/\/babyslane.com\/fr\/wp-json\/wp\/v2\/product_tag?post=9708"}],"curies":[{"name":"wp","href":"https:\/\/api.w.org\/{rel}","templated":true}]}}