{"id":974,"date":"2020-12-27T01:25:46","date_gmt":"2020-12-27T00:25:46","guid":{"rendered":"https:\/\/babyslane.com\/produit\/new-macaron-digital-shape-three-in-one-board-educational-toys\/"},"modified":"2025-08-15T09:59:18","modified_gmt":"2025-08-15T07:59:18","slug":"3d-puzzle-montessori-board-numbers-colors","status":"publish","type":"product","link":"https:\/\/babyslane.com\/fr\/produit\/3d-puzzle-montessori-board-numbers-colors\/","title":{"rendered":"PLANCHE DE JEU PUZZLE 3D MONTESSORI BEBE"},"content":{"rendered":"<p><span id=\"p171\">Inspir\u00e9e de la m\u00e9thode <strong><span id=\"189\" class=\"s-rg-t\">Montessori<\/span><\/strong>, cette planche en bois aidera votre enfant \u00e0 <strong>d\u00e9velopper sa m\u00e9moire et son intelligence.<\/strong><\/span><\/p>\n<p style=\"text-align: center;\"><img fetchpriority=\"high\" decoding=\"async\" class=\"\" src=\"https:\/\/cc-west-usa.oss-us-west-1.aliyuncs.com\/15689088\/75118477707.png\" width=\"387\" height=\"454\" \/><\/p>\n<p><span id=\"p210\">Les poissons, les chiffres et les petits anneaux toutes en couleurs permettront \u00e0 votre enfant de se familiariser avec les nombres, les quantit\u00e9s, les couleurs et les calculs \u00e9l\u00e9mentaires toute en s&#8217;amusant.<\/span><span id=\"p173\"> Un moyen ludique de facilit\u00e9 son apprentissage.<br \/>\n<\/span><\/p>\n<p><span id=\"p209\">Les 3 cat\u00e9gories sont reli\u00e9es par les m\u00eames couleurs, votre enfant pourra ainsi <strong>apprendre plus facilement<\/strong> \u00e0 compter.<\/span><\/p>\n<p style=\"text-align: center;\"><img decoding=\"async\" class=\"\" src=\"https:\/\/cc-west-usa.oss-us-west-1.aliyuncs.com\/15689088\/233331462780.png\" width=\"369\" height=\"444\" \/><\/p>\n<h4>Cr\u00e9atif et \u00e9ducatif<\/h4>\n<p>A l&#8217;aide de la canne \u00e0 p\u00eache votre enfant pourra s&#8217;amuser \u00e0 p\u00eacher les poissons correspondant aux couleurs associ\u00e9es tout en m\u00e9morisant les num\u00e9ros.<\/p>\n<p style=\"text-align: center;\"><img decoding=\"async\" class=\"aligncenter\" src=\"https:\/\/cc-west-usa.oss-us-west-1.aliyuncs.com\/15689088\/6176609357604.png\" width=\"405\" height=\"306\" \/><\/p>\n<h4>Un outil tr\u00e8s original pour d\u00e9velopper sa motricit\u00e9 fine.<\/h4>\n<p>Pour attraper les poissons, il devra <strong>coordonner ses mouvements<\/strong> et <strong>contr\u00f4ler sa force.<\/strong><\/p>\n<h4><span id=\"p207\">Ce jeu a \u00e9t\u00e9 pens\u00e9 pour\u00a0 :<\/span><\/h4>\n<ul>\n<li><span id=\"p214\"><\/span>Apprendre les <strong>formes<\/strong>\u00a0et les\u00a0<strong>couleurs<\/strong><\/li>\n<li>Se familiariser avec les <strong>chiffres,<\/strong>\u00a0les\u00a0<strong>quantit\u00e9s<\/strong>\u00a0et les\u00a0<strong>calculs \u00e9l\u00e9mentaires<\/strong><\/li>\n<li>D\u00e9velopper la <strong>motricit\u00e9 fine\u00a0<\/strong>et\u00a0la\u00a0<strong>coordination<\/strong> des mouvements<\/li>\n<li>D\u00e9velopper son <strong>autonomie.<\/strong><\/li>\n<\/ul>\n<p style=\"text-align: center;\"><img loading=\"lazy\" decoding=\"async\" class=\"\" src=\"https:\/\/cc-west-usa.oss-us-west-1.aliyuncs.com\/15689088\/550028870784.png\" width=\"452\" height=\"283\" \/><\/p>\n<h4><span id=\"p241\">Sans danger pour les enfants\u00a0<\/span><\/h4>\n<p><span id=\"p242\">Toutes les pi\u00e8ces ont \u00e9t\u00e9\u00a0<span id=\"247\">con\u00e7u<\/span>\u00a0avec un bois naturel et color\u00e9es avec une peinture \u00e0 l&#8217;eau\u00a0<span id=\"248\">non toxique<\/span>\u00a0respectueuse de l&#8217;environnement.<\/span><span id=\"p251\">\u00a0Chaque pi\u00e8ce \u00e0 une taille assez cons\u00e9quente afin d&#8217;\u00e9viter que votre enfant ne l&#8217;avale.<\/span><\/p>\n<p style=\"text-align: center;\"><img loading=\"lazy\" decoding=\"async\" class=\"\" src=\"https:\/\/ae01.alicdn.com\/kf\/HTB1uShrKFYqK1RjSZLeq6zXppXaP.jpg\" width=\"275\" height=\"275\" \/><img loading=\"lazy\" decoding=\"async\" class=\"\" src=\"https:\/\/cc-west-usa.oss-us-west-1.aliyuncs.com\/15689088\/25422626447512.png\" width=\"432\" height=\"239\" \/><\/p>\n<p><strong>Sp\u00e9cifications :<\/strong><\/p>\n<ul>\n<li>10 petits poissons, 55 anneaux<\/li>\n<li>10 chiffres, 3 symboles arithm\u00e9tiques<\/li>\n<li>Taille :\u00a0 45 x 15 cm.<\/li>\n<\/ul>\n<p><\/p>","protected":false},"excerpt":{"rendered":"<p><strong><span id=\"p211\">Le puzzle 3D \u00e0 avoir pour apprendre les chiffres et les couleurs de fa\u00e7on ludique et amusante!<\/span><\/strong><\/p>\n<p><span id=\"p201\">Cette planche aux <strong>multiples avantages<\/strong> est un <strong>outil d&#8217;\u00e9veil et d&#8217;apprentissage<\/strong> con\u00e7u pour <strong>stimuler l&#8217;\u00e9veil et la motricit\u00e9 fine<\/strong> des enfants de 2 \u00e0 5 ans.<\/span><\/p>\n","protected":false},"featured_media":4893,"comment_status":"open","ping_status":"closed","template":"","meta":[],"product_brand":[],"product_cat":[33,40],"product_tag":[],"class_list":{"0":"post-974","1":"product","2":"type-product","3":"status-publish","4":"has-post-thumbnail","6":"product_cat-educational-toys","7":"product_cat-popular-products","9":"first","10":"instock","11":"sale","12":"shipping-taxable","13":"purchasable","14":"product-type-simple"},"_links":{"self":[{"href":"https:\/\/babyslane.com\/fr\/wp-json\/wp\/v2\/product\/974","targetHints":{"allow":["GET"]}}],"collection":[{"href":"https:\/\/babyslane.com\/fr\/wp-json\/wp\/v2\/product"}],"about":[{"href":"https:\/\/babyslane.com\/fr\/wp-json\/wp\/v2\/types\/product"}],"replies":[{"embeddable":true,"href":"https:\/\/babyslane.com\/fr\/wp-json\/wp\/v2\/comments?post=974"}],"version-history":[{"count":0,"href":"https:\/\/babyslane.com\/fr\/wp-json\/wp\/v2\/product\/974\/revisions"}],"wp:featuredmedia":[{"embeddable":true,"href":"https:\/\/babyslane.com\/fr\/wp-json\/wp\/v2\/media\/4893"}],"wp:attachment":[{"href":"https:\/\/babyslane.com\/fr\/wp-json\/wp\/v2\/media?parent=974"}],"wp:term":[{"taxonomy":"product_brand","embeddable":true,"href":"https:\/\/babyslane.com\/fr\/wp-json\/wp\/v2\/product_brand?post=974"},{"taxonomy":"product_cat","embeddable":true,"href":"https:\/\/babyslane.com\/fr\/wp-json\/wp\/v2\/product_cat?post=974"},{"taxonomy":"product_tag","embeddable":true,"href":"https:\/\/babyslane.com\/fr\/wp-json\/wp\/v2\/product_tag?post=974"}],"curies":[{"name":"wp","href":"https:\/\/api.w.org\/{rel}","templated":true}]}}