{"id":9746,"date":"2024-06-18T18:11:59","date_gmt":"2024-06-18T16:11:59","guid":{"rendered":"https:\/\/babyslane.com\/produit\/waterproof-silicone-baby-bib\/"},"modified":"2024-06-28T16:59:48","modified_gmt":"2024-06-28T14:59:48","slug":"waterproof-silicone-baby-bib","status":"publish","type":"product","link":"https:\/\/babyslane.com\/fr\/produit\/waterproof-silicone-baby-bib\/","title":{"rendered":"Bavoir en Silicone Waterproof"},"content":{"rendered":"<p>&#8221;Offrez \u00e0 votre b\u00e9b\u00e9 une propret\u00e9 impeccable avec notre bavoir en silicone dot\u00e9 d&#8217;une poche pratique, id\u00e9al pour \u00e9viter les d\u00e9g\u00e2ts et garder les repas amusants et sans souci !&#8221;<\/p>\n<p><img decoding=\"async\" style=\"max-width: 100%;\" src=\"https:\/\/cf.cjdropshipping.com\/1622011119065.jpg\" \/><br \/>\n<img decoding=\"async\" style=\"max-width: 100%;\" src=\"https:\/\/cf.cjdropshipping.com\/1622011119069.jpg\" \/><br \/>\n<img decoding=\"async\" style=\"max-width: 100%;\" src=\"https:\/\/cf.cjdropshipping.com\/1622011119063.jpg\" \/><br \/>\n<img decoding=\"async\" style=\"max-width: 100%;\" src=\"https:\/\/cf.cjdropshipping.com\/1622011119068.jpg\" \/><br \/>\n<img decoding=\"async\" style=\"max-width: 100%;\" src=\"https:\/\/cf.cjdropshipping.com\/1622011119070.jpg\" \/><\/p>","protected":false},"excerpt":{"rendered":"<p>&#8221;Offrez \u00e0 votre b\u00e9b\u00e9 une propret\u00e9 impeccable avec notre bavoir en silicone dot\u00e9 d&#8217;une poche pratique, id\u00e9al pour \u00e9viter les d\u00e9g\u00e2ts et garder les repas amusants et sans souci !&#8221;<\/p>\n","protected":false},"featured_media":9745,"comment_status":"open","ping_status":"closed","template":"","meta":[],"product_brand":[],"product_cat":[218,31],"product_tag":[],"class_list":{"0":"post-9746","1":"product","2":"type-product","3":"status-publish","4":"has-post-thumbnail","6":"product_cat-baby-tableware-sets","7":"product_cat-feeding","9":"first","10":"instock","11":"shipping-taxable","12":"purchasable","13":"product-type-variable"},"_links":{"self":[{"href":"https:\/\/babyslane.com\/fr\/wp-json\/wp\/v2\/product\/9746","targetHints":{"allow":["GET"]}}],"collection":[{"href":"https:\/\/babyslane.com\/fr\/wp-json\/wp\/v2\/product"}],"about":[{"href":"https:\/\/babyslane.com\/fr\/wp-json\/wp\/v2\/types\/product"}],"replies":[{"embeddable":true,"href":"https:\/\/babyslane.com\/fr\/wp-json\/wp\/v2\/comments?post=9746"}],"version-history":[{"count":2,"href":"https:\/\/babyslane.com\/fr\/wp-json\/wp\/v2\/product\/9746\/revisions"}],"predecessor-version":[{"id":9937,"href":"https:\/\/babyslane.com\/fr\/wp-json\/wp\/v2\/product\/9746\/revisions\/9937"}],"wp:featuredmedia":[{"embeddable":true,"href":"https:\/\/babyslane.com\/fr\/wp-json\/wp\/v2\/media\/9745"}],"wp:attachment":[{"href":"https:\/\/babyslane.com\/fr\/wp-json\/wp\/v2\/media?parent=9746"}],"wp:term":[{"taxonomy":"product_brand","embeddable":true,"href":"https:\/\/babyslane.com\/fr\/wp-json\/wp\/v2\/product_brand?post=9746"},{"taxonomy":"product_cat","embeddable":true,"href":"https:\/\/babyslane.com\/fr\/wp-json\/wp\/v2\/product_cat?post=9746"},{"taxonomy":"product_tag","embeddable":true,"href":"https:\/\/babyslane.com\/fr\/wp-json\/wp\/v2\/product_tag?post=9746"}],"curies":[{"name":"wp","href":"https:\/\/api.w.org\/{rel}","templated":true}]}}