{"id":9752,"date":"2024-06-18T18:18:12","date_gmt":"2024-06-18T16:18:12","guid":{"rendered":"https:\/\/babyslane.com\/produit\/cute-baby-silicone-bib\/"},"modified":"2024-06-29T09:08:33","modified_gmt":"2024-06-29T07:08:33","slug":"cute-baby-silicone-bib","status":"publish","type":"product","link":"https:\/\/babyslane.com\/fr\/produit\/cute-baby-silicone-bib\/","title":{"rendered":"Bavoir en Silicone"},"content":{"rendered":"<p>\u00c9vitez le stress des repas chaotiques gr\u00e2ce \u00e0 notre bavoir en silicone innovant.<\/p>\n<p>Dot\u00e9 d&#8217;une poche pratique, il emp\u00eache les \u00e9claboussures de nourriture de salir vos sols tout en maintenant votre b\u00e9b\u00e9 propre et \u00e0 l&#8217;aise.<\/p>\n<p>Profitez de chaque repas sans tracas gr\u00e2ce \u00e0 cette solution pratique et facile \u00e0 utiliser.<\/p>\n<p>&nbsp;<\/p>\n<p><img decoding=\"async\" src=\"https:\/\/cf.cjdropshipping.com\/1613869919275.jpg\" \/><\/p>\n<p><img decoding=\"async\" src=\"https:\/\/cf.cjdropshipping.com\/1613869919274.jpg\" \/><\/p>\n<p><img decoding=\"async\" src=\"https:\/\/cf.cjdropshipping.com\/1613869919266.jpg\" \/><br \/>\n<img decoding=\"async\" src=\"https:\/\/cf.cjdropshipping.com\/1613869919540.jpg\" \/><\/p>\n<p><img decoding=\"async\" src=\"https:\/\/cf.cjdropshipping.com\/1613869919555.jpg\" \/><\/p>","protected":false},"excerpt":{"rendered":"<p>Simplifiez les repas avec notre bavoir en silicone muni d&#8217;une poche pratique pour attraper les \u00e9claboussures et assurer le confort et la propret\u00e9 de votre b\u00e9b\u00e9, pour des moments de repas sans stress.<\/p>\n","protected":false},"featured_media":9751,"comment_status":"open","ping_status":"closed","template":"","meta":[],"product_brand":[],"product_cat":[218,31],"product_tag":[],"class_list":{"0":"post-9752","1":"product","2":"type-product","3":"status-publish","4":"has-post-thumbnail","6":"product_cat-baby-tableware-sets","7":"product_cat-feeding","9":"first","10":"instock","11":"shipping-taxable","12":"purchasable","13":"product-type-variable"},"_links":{"self":[{"href":"https:\/\/babyslane.com\/fr\/wp-json\/wp\/v2\/product\/9752","targetHints":{"allow":["GET"]}}],"collection":[{"href":"https:\/\/babyslane.com\/fr\/wp-json\/wp\/v2\/product"}],"about":[{"href":"https:\/\/babyslane.com\/fr\/wp-json\/wp\/v2\/types\/product"}],"replies":[{"embeddable":true,"href":"https:\/\/babyslane.com\/fr\/wp-json\/wp\/v2\/comments?post=9752"}],"version-history":[{"count":3,"href":"https:\/\/babyslane.com\/fr\/wp-json\/wp\/v2\/product\/9752\/revisions"}],"predecessor-version":[{"id":9946,"href":"https:\/\/babyslane.com\/fr\/wp-json\/wp\/v2\/product\/9752\/revisions\/9946"}],"wp:featuredmedia":[{"embeddable":true,"href":"https:\/\/babyslane.com\/fr\/wp-json\/wp\/v2\/media\/9751"}],"wp:attachment":[{"href":"https:\/\/babyslane.com\/fr\/wp-json\/wp\/v2\/media?parent=9752"}],"wp:term":[{"taxonomy":"product_brand","embeddable":true,"href":"https:\/\/babyslane.com\/fr\/wp-json\/wp\/v2\/product_brand?post=9752"},{"taxonomy":"product_cat","embeddable":true,"href":"https:\/\/babyslane.com\/fr\/wp-json\/wp\/v2\/product_cat?post=9752"},{"taxonomy":"product_tag","embeddable":true,"href":"https:\/\/babyslane.com\/fr\/wp-json\/wp\/v2\/product_tag?post=9752"}],"curies":[{"name":"wp","href":"https:\/\/api.w.org\/{rel}","templated":true}]}}