{"id":9763,"date":"2024-06-18T18:28:38","date_gmt":"2024-06-18T16:28:38","guid":{"rendered":"https:\/\/babyslane.com\/produit\/waterproof-silicone-baby-bib-constellation\/"},"modified":"2024-06-29T12:25:12","modified_gmt":"2024-06-29T10:25:12","slug":"waterproof-silicone-baby-bib-constellation","status":"publish","type":"product","link":"https:\/\/babyslane.com\/fr\/produit\/waterproof-silicone-baby-bib-constellation\/","title":{"rendered":"Silicone Baby Bib"},"content":{"rendered":"<p>\u00c9vitez les d\u00e9sagr\u00e9ments lors des repas gr\u00e2ce \u00e0 notre bavoir en silicone de qualit\u00e9 alimentaire.<\/p>\n<p>Dot\u00e9 d&#8217;une poche pratique pour attraper les miettes et pr\u00e9venir les d\u00e9versements, ce bavoir ajustable garantit que votre enfant reste propre et \u00e0 l&#8217;aise tout au long de sa croissance, rendant les repas sans stress et agr\u00e9ables.<\/p>\n<p>&nbsp;<\/p>\n<p><img fetchpriority=\"high\" decoding=\"async\" class=\"alignnone size-full wp-image-9766\" src=\"https:\/\/babyslane.com\/wp-content\/uploads\/2024\/06\/1617267387020.jpg\" alt=\"\" width=\"1000\" height=\"1000\" srcset=\"https:\/\/babyslane.com\/wp-content\/uploads\/2024\/06\/1617267387020.jpg 1000w, https:\/\/babyslane.com\/wp-content\/uploads\/2024\/06\/1617267387020-300x300.jpg 300w, https:\/\/babyslane.com\/wp-content\/uploads\/2024\/06\/1617267387020-150x150.jpg 150w, https:\/\/babyslane.com\/wp-content\/uploads\/2024\/06\/1617267387020-768x768.jpg 768w, https:\/\/babyslane.com\/wp-content\/uploads\/2024\/06\/1617267387020-600x600.jpg 600w, https:\/\/babyslane.com\/wp-content\/uploads\/2024\/06\/1617267387020-100x100.jpg 100w\" sizes=\"(max-width: 1000px) 100vw, 1000px\" \/><\/p>\n<p><img decoding=\"async\" class=\"alignnone size-full wp-image-9762\" src=\"https:\/\/babyslane.com\/wp-content\/uploads\/2024\/06\/1617267387019.jpg\" alt=\"\" width=\"1000\" height=\"1000\" srcset=\"https:\/\/babyslane.com\/wp-content\/uploads\/2024\/06\/1617267387019.jpg 1000w, https:\/\/babyslane.com\/wp-content\/uploads\/2024\/06\/1617267387019-300x300.jpg 300w, https:\/\/babyslane.com\/wp-content\/uploads\/2024\/06\/1617267387019-150x150.jpg 150w, https:\/\/babyslane.com\/wp-content\/uploads\/2024\/06\/1617267387019-768x768.jpg 768w, https:\/\/babyslane.com\/wp-content\/uploads\/2024\/06\/1617267387019-600x600.jpg 600w, https:\/\/babyslane.com\/wp-content\/uploads\/2024\/06\/1617267387019-100x100.jpg 100w\" sizes=\"(max-width: 1000px) 100vw, 1000px\" \/><\/p>\n<p><img decoding=\"async\" class=\"alignnone size-full wp-image-9768\" src=\"https:\/\/babyslane.com\/wp-content\/uploads\/2024\/06\/1617267387023.jpg\" alt=\"\" width=\"1000\" height=\"1000\" srcset=\"https:\/\/babyslane.com\/wp-content\/uploads\/2024\/06\/1617267387023.jpg 1000w, https:\/\/babyslane.com\/wp-content\/uploads\/2024\/06\/1617267387023-300x300.jpg 300w, https:\/\/babyslane.com\/wp-content\/uploads\/2024\/06\/1617267387023-150x150.jpg 150w, https:\/\/babyslane.com\/wp-content\/uploads\/2024\/06\/1617267387023-768x768.jpg 768w, https:\/\/babyslane.com\/wp-content\/uploads\/2024\/06\/1617267387023-600x600.jpg 600w, https:\/\/babyslane.com\/wp-content\/uploads\/2024\/06\/1617267387023-100x100.jpg 100w\" sizes=\"(max-width: 1000px) 100vw, 1000px\" \/><\/p>\n<p><strong>Informations sur le produit :<\/strong><\/p>\n<p>Mat\u00e9riau : Silicone de qualit\u00e9 alimentaire<\/p>\n<p>Plage de r\u00e9sistance \u00e0 la temp\u00e9rature du silicone : -40 \u00e0 230\u00b0C<\/p>\n<p>Taille : 29&#215;30 cm<\/p>","protected":false},"excerpt":{"rendered":"<p><strong>Avoid mealtime messes<\/strong> with our food-grade silicone bib, featuring a handy pocket to catch crumbs and <strong>keep your baby clean and happy!<\/strong><\/p>\n","protected":false},"featured_media":9762,"comment_status":"open","ping_status":"closed","template":"","meta":[],"product_brand":[],"product_cat":[218,31],"product_tag":[],"class_list":{"0":"post-9763","1":"product","2":"type-product","3":"status-publish","4":"has-post-thumbnail","6":"product_cat-baby-tableware-sets","7":"product_cat-feeding","9":"first","10":"instock","11":"shipping-taxable","12":"purchasable","13":"product-type-variable"},"_links":{"self":[{"href":"https:\/\/babyslane.com\/fr\/wp-json\/wp\/v2\/product\/9763","targetHints":{"allow":["GET"]}}],"collection":[{"href":"https:\/\/babyslane.com\/fr\/wp-json\/wp\/v2\/product"}],"about":[{"href":"https:\/\/babyslane.com\/fr\/wp-json\/wp\/v2\/types\/product"}],"replies":[{"embeddable":true,"href":"https:\/\/babyslane.com\/fr\/wp-json\/wp\/v2\/comments?post=9763"}],"version-history":[{"count":4,"href":"https:\/\/babyslane.com\/fr\/wp-json\/wp\/v2\/product\/9763\/revisions"}],"predecessor-version":[{"id":9954,"href":"https:\/\/babyslane.com\/fr\/wp-json\/wp\/v2\/product\/9763\/revisions\/9954"}],"wp:featuredmedia":[{"embeddable":true,"href":"https:\/\/babyslane.com\/fr\/wp-json\/wp\/v2\/media\/9762"}],"wp:attachment":[{"href":"https:\/\/babyslane.com\/fr\/wp-json\/wp\/v2\/media?parent=9763"}],"wp:term":[{"taxonomy":"product_brand","embeddable":true,"href":"https:\/\/babyslane.com\/fr\/wp-json\/wp\/v2\/product_brand?post=9763"},{"taxonomy":"product_cat","embeddable":true,"href":"https:\/\/babyslane.com\/fr\/wp-json\/wp\/v2\/product_cat?post=9763"},{"taxonomy":"product_tag","embeddable":true,"href":"https:\/\/babyslane.com\/fr\/wp-json\/wp\/v2\/product_tag?post=9763"}],"curies":[{"name":"wp","href":"https:\/\/api.w.org\/{rel}","templated":true}]}}