{"id":9771,"date":"2024-06-18T18:50:48","date_gmt":"2024-06-18T16:50:48","guid":{"rendered":"https:\/\/babyslane.com\/produit\/complete-silicone-childrens-tableware-15-pieces-set\/"},"modified":"2024-06-28T17:04:12","modified_gmt":"2024-06-28T15:04:12","slug":"complete-silicone-childrens-tableware-15-pieces-set","status":"publish","type":"product","link":"https:\/\/babyslane.com\/fr\/produit\/complete-silicone-childrens-tableware-15-pieces-set\/","title":{"rendered":"SET DE VAISSELLE EN SILICONE COMPLET POUR ENFANT 15PCS"},"content":{"rendered":"<p>Transformez les repas de votre enfant en moments d&#8217;apprentissage avec notre set de vaisselle en silicone pour enfants !<\/p>\n<p>Incassable et fabriqu\u00e9 en silicone de qualit\u00e9 alimentaire, ce set comprend une assiette, un bol, un verre \u00e0 paille et des bavoirs en silicone \u2013 tout ce dont votre b\u00e9b\u00e9 a besoin pour devenir ind\u00e9pendant en toute s\u00e9curit\u00e9.<\/p>\n<p>Offrez-lui l&#8217;autonomie et la tranquillit\u00e9 d&#8217;esprit que chaque parent souhaite !<\/p>\n<p><img decoding=\"async\" src=\"https:\/\/cf.cjdropshipping.com\/16969824\/1712020468892045312.jpg\" \/><br \/>\n<img decoding=\"async\" src=\"https:\/\/cf.cjdropshipping.com\/16969824\/1712020469785432064.jpg\" \/><br \/>\n<img decoding=\"async\" src=\"https:\/\/cf.cjdropshipping.com\/16969824\/1712020470750121984.jpg\" \/><br \/>\n<img decoding=\"async\" src=\"https:\/\/cf.cjdropshipping.com\/16969824\/1712020471484125184.jpg\" \/><\/p>\n<p>Informations sur le produit :<\/p>\n<p>Couleur : Rose, Moutarde, Bleu, Vert<\/p>\n<p>\u00c2ge : 4 mois et plus<\/p>\n<p>Mat\u00e9riau : Silicone de qualit\u00e9 alimentaire<\/p>\n<p>Contenu du paquet :<\/p>\n<p>Set de vaisselle en silicone de 15 pi\u00e8ces<\/p>","protected":false},"excerpt":{"rendered":"<p><strong>Encouragez l&#8217;ind\u00e9pendance de votre enfant<\/strong> avec notre set de vaisselle en silicone<strong> incassable<\/strong> et de <strong>qualit\u00e9 alimentaire<\/strong> ! Un set complet pour des repas s\u00fbrs et amusants, id\u00e9al pour les parents en qu\u00eate de <strong>tranquillit\u00e9 d&#8217;esprit et d&#8217;enfants heureux<\/strong> !<\/p>\n","protected":false},"featured_media":9772,"comment_status":"open","ping_status":"closed","template":"","meta":[],"product_brand":[],"product_cat":[218,31],"product_tag":[],"class_list":{"0":"post-9771","1":"product","2":"type-product","3":"status-publish","4":"has-post-thumbnail","6":"product_cat-baby-tableware-sets","7":"product_cat-feeding","9":"first","10":"instock","11":"shipping-taxable","12":"purchasable","13":"product-type-variable","14":"has-default-attributes"},"_links":{"self":[{"href":"https:\/\/babyslane.com\/fr\/wp-json\/wp\/v2\/product\/9771","targetHints":{"allow":["GET"]}}],"collection":[{"href":"https:\/\/babyslane.com\/fr\/wp-json\/wp\/v2\/product"}],"about":[{"href":"https:\/\/babyslane.com\/fr\/wp-json\/wp\/v2\/types\/product"}],"replies":[{"embeddable":true,"href":"https:\/\/babyslane.com\/fr\/wp-json\/wp\/v2\/comments?post=9771"}],"version-history":[{"count":2,"href":"https:\/\/babyslane.com\/fr\/wp-json\/wp\/v2\/product\/9771\/revisions"}],"predecessor-version":[{"id":9926,"href":"https:\/\/babyslane.com\/fr\/wp-json\/wp\/v2\/product\/9771\/revisions\/9926"}],"wp:featuredmedia":[{"embeddable":true,"href":"https:\/\/babyslane.com\/fr\/wp-json\/wp\/v2\/media\/9772"}],"wp:attachment":[{"href":"https:\/\/babyslane.com\/fr\/wp-json\/wp\/v2\/media?parent=9771"}],"wp:term":[{"taxonomy":"product_brand","embeddable":true,"href":"https:\/\/babyslane.com\/fr\/wp-json\/wp\/v2\/product_brand?post=9771"},{"taxonomy":"product_cat","embeddable":true,"href":"https:\/\/babyslane.com\/fr\/wp-json\/wp\/v2\/product_cat?post=9771"},{"taxonomy":"product_tag","embeddable":true,"href":"https:\/\/babyslane.com\/fr\/wp-json\/wp\/v2\/product_tag?post=9771"}],"curies":[{"name":"wp","href":"https:\/\/api.w.org\/{rel}","templated":true}]}}