{"id":9839,"date":"2024-06-23T11:19:16","date_gmt":"2024-06-23T09:19:16","guid":{"rendered":"https:\/\/babyslane.com\/produit\/soft-baby-head-protection-foam-helmet\/"},"modified":"2024-06-26T10:46:46","modified_gmt":"2024-06-26T08:46:46","slug":"soft-baby-head-protection-foam-helmet","status":"publish","type":"product","link":"https:\/\/babyslane.com\/fr\/produit\/soft-baby-head-protection-foam-helmet\/","title":{"rendered":"CASQUE DE PROTECTION TETE ANTI COLLISION POUR BEBE"},"content":{"rendered":"<p><strong>Les b\u00e9b\u00e9s sont souvent tr\u00e8s actif<\/strong>s et peuvent facilement <strong>se cogner la t\u00eate<\/strong>, entra\u00eenant <strong>des bosses et des contusions.<\/strong> Ne soyez pas pris au d\u00e9pourvu et agissez d\u00e8s maintenant pour <strong>prot\u00e9ger la pr\u00e9cieuse t\u00eate de votre petit.<\/strong><\/p>\n<p>Bonne nouvelle, vous \u00eates au bon endroit ! Voici le casque de protection en mousse pour b\u00e9b\u00e9.<\/p>\n<p><img decoding=\"async\" src=\"https:\/\/cf.cjdropshipping.com\/7d84a92e-25bb-4a99-a115-52df21fd2e1d.jpg\" \/><\/p>\n<p><strong>Protection compl\u00e8te de la t\u00eate<\/strong> : Ce casque pour b\u00e9b\u00e9 offre une couverture \u00e0 360\u00b0 et est fabriqu\u00e9 \u00e0 partir de mat\u00e9riaux absorbant les chocs pour prot\u00e9ger la t\u00eate de votre b\u00e9b\u00e9 contre les chutes et les collisions.<\/p>\n<p><img decoding=\"async\" src=\"https:\/\/cf.cjdropshipping.com\/66c5558b-c418-4743-adff-e9b97597d521.jpg\" \/><\/p>\n<p><strong>Design ergonomique de la sangle<\/strong> : La sangle est facile \u00e0 attacher, garantissant que le casque reste en place m\u00eame pour les b\u00e9b\u00e9s tr\u00e8s actifs.<\/p>\n<p><img decoding=\"async\" src=\"https:\/\/cf.cjdropshipping.com\/a115e99b-d744-49b0-bd29-6c36e1fabc9e.jpg\" \/><\/p>\n<p><strong>S\u00fbr pour les peaux d\u00e9licates<\/strong> : Fabriqu\u00e9 avec des mat\u00e9riaux non toxiques et respectueux de la peau, r\u00e9sistants \u00e0 la transpiration et faciles \u00e0 nettoyer sans se d\u00e9former, parfait pour la peau d\u00e9licate de votre b\u00e9b\u00e9.<\/p>\n<p><img decoding=\"async\" src=\"https:\/\/cf.cjdropshipping.com\/26b42099-285e-4d51-97fa-50ab734c57a1.jpg\" \/><\/p>\n<p><strong>Ajustable et \u00e9volutif<\/strong> : Le casque s&#8217;adapte aux circonf\u00e9rences de t\u00eate allant de 42 \u00e0 53 cm, offrant une protection maximale pour les b\u00e9b\u00e9s de 6 \u00e0 36 mois.<\/p>\n<p><strong>Informations sur le produit :<\/strong><\/p>\n<p>Garnissage : Coton<\/p>\n<p>Tissu du coussin : Tencel<\/p>\n<p>Couleur : Bleu ou Rose<\/p>\n<p>&nbsp;<\/p>","protected":false},"excerpt":{"rendered":"<p>Ne laissez pas les petites chutes devenir de gros soucis ! Offrez \u00e0 votre b\u00e9b\u00e9 la protection compl\u00e8te qu&#8217;il m\u00e9rite avec notre casque en mousse, con\u00e7u pour prot\u00e9ger sa t\u00eate pr\u00e9cieuse des chutes et collisions tout en respectant sa peau d\u00e9licate.<\/p>\n","protected":false},"featured_media":9830,"comment_status":"open","ping_status":"closed","template":"","meta":[],"product_brand":[],"product_cat":[34],"product_tag":[],"class_list":{"0":"post-9839","1":"product","2":"type-product","3":"status-publish","4":"has-post-thumbnail","6":"product_cat-baby-safety","8":"first","9":"instock","10":"sale","11":"shipping-taxable","12":"purchasable","13":"product-type-variable"},"_links":{"self":[{"href":"https:\/\/babyslane.com\/fr\/wp-json\/wp\/v2\/product\/9839","targetHints":{"allow":["GET"]}}],"collection":[{"href":"https:\/\/babyslane.com\/fr\/wp-json\/wp\/v2\/product"}],"about":[{"href":"https:\/\/babyslane.com\/fr\/wp-json\/wp\/v2\/types\/product"}],"replies":[{"embeddable":true,"href":"https:\/\/babyslane.com\/fr\/wp-json\/wp\/v2\/comments?post=9839"}],"version-history":[{"count":3,"href":"https:\/\/babyslane.com\/fr\/wp-json\/wp\/v2\/product\/9839\/revisions"}],"predecessor-version":[{"id":9883,"href":"https:\/\/babyslane.com\/fr\/wp-json\/wp\/v2\/product\/9839\/revisions\/9883"}],"wp:featuredmedia":[{"embeddable":true,"href":"https:\/\/babyslane.com\/fr\/wp-json\/wp\/v2\/media\/9830"}],"wp:attachment":[{"href":"https:\/\/babyslane.com\/fr\/wp-json\/wp\/v2\/media?parent=9839"}],"wp:term":[{"taxonomy":"product_brand","embeddable":true,"href":"https:\/\/babyslane.com\/fr\/wp-json\/wp\/v2\/product_brand?post=9839"},{"taxonomy":"product_cat","embeddable":true,"href":"https:\/\/babyslane.com\/fr\/wp-json\/wp\/v2\/product_cat?post=9839"},{"taxonomy":"product_tag","embeddable":true,"href":"https:\/\/babyslane.com\/fr\/wp-json\/wp\/v2\/product_tag?post=9839"}],"curies":[{"name":"wp","href":"https:\/\/api.w.org\/{rel}","templated":true}]}}