{"id":9964,"date":"2024-06-29T17:41:18","date_gmt":"2024-06-29T15:41:18","guid":{"rendered":"https:\/\/babyslane.com\/produit\/baby-anti-fall-head-protection-cushion\/"},"modified":"2024-06-30T16:10:11","modified_gmt":"2024-06-30T14:10:11","slug":"baby-anti-fall-head-protection-cushion","status":"publish","type":"product","link":"https:\/\/babyslane.com\/fr\/produit\/baby-anti-fall-head-protection-cushion\/","title":{"rendered":"Baby Anti-Fall Head Protection Cushion"},"content":{"rendered":"<p>&nbsp;<\/p>\n<p><img decoding=\"async\" src=\"https:\/\/cf.cjdropshipping.com\/1612163347555.jpg\" \/><\/p>\n<p><img decoding=\"async\" src=\"https:\/\/cf.cjdropshipping.com\/1612163347566.jpg\" \/><br \/>\n<img decoding=\"async\" src=\"https:\/\/cf.cjdropshipping.com\/1612163347558.jpg\" \/><\/p>\n<p><img decoding=\"async\" src=\"https:\/\/cf.cjdropshipping.com\/1612163347524.jpg\" \/><\/p>\n<p><img decoding=\"async\" src=\"https:\/\/cf.cjdropshipping.com\/1612163347568.jpg\" \/><\/p>\n<p><img decoding=\"async\" src=\"https:\/\/cf.cjdropshipping.com\/1612163298312.jpg\" \/><\/p>","protected":false},"excerpt":{"rendered":"<p><strong>Plus de peur quand b\u00e9b\u00e9 tombe en arri\u00e8re<\/strong> lors de ses premi\u00e8res positions assises ! Prot\u00e9gez sa t\u00eate avec notre coussin de <strong>protection anti-chute<\/strong>, con\u00e7u pour <strong>garantir sa s\u00e9curit\u00e9<\/strong> et votre tranquillit\u00e9 d&#8217;esprit.<\/p>\n","protected":false},"featured_media":9955,"comment_status":"open","ping_status":"closed","template":"","meta":[],"product_brand":[],"product_cat":[34],"product_tag":[],"class_list":{"0":"post-9964","1":"product","2":"type-product","3":"status-publish","4":"has-post-thumbnail","6":"product_cat-baby-safety","8":"first","9":"instock","10":"sale","11":"shipping-taxable","12":"purchasable","13":"product-type-variable"},"_links":{"self":[{"href":"https:\/\/babyslane.com\/fr\/wp-json\/wp\/v2\/product\/9964","targetHints":{"allow":["GET"]}}],"collection":[{"href":"https:\/\/babyslane.com\/fr\/wp-json\/wp\/v2\/product"}],"about":[{"href":"https:\/\/babyslane.com\/fr\/wp-json\/wp\/v2\/types\/product"}],"replies":[{"embeddable":true,"href":"https:\/\/babyslane.com\/fr\/wp-json\/wp\/v2\/comments?post=9964"}],"version-history":[{"count":1,"href":"https:\/\/babyslane.com\/fr\/wp-json\/wp\/v2\/product\/9964\/revisions"}],"predecessor-version":[{"id":9982,"href":"https:\/\/babyslane.com\/fr\/wp-json\/wp\/v2\/product\/9964\/revisions\/9982"}],"wp:featuredmedia":[{"embeddable":true,"href":"https:\/\/babyslane.com\/fr\/wp-json\/wp\/v2\/media\/9955"}],"wp:attachment":[{"href":"https:\/\/babyslane.com\/fr\/wp-json\/wp\/v2\/media?parent=9964"}],"wp:term":[{"taxonomy":"product_brand","embeddable":true,"href":"https:\/\/babyslane.com\/fr\/wp-json\/wp\/v2\/product_brand?post=9964"},{"taxonomy":"product_cat","embeddable":true,"href":"https:\/\/babyslane.com\/fr\/wp-json\/wp\/v2\/product_cat?post=9964"},{"taxonomy":"product_tag","embeddable":true,"href":"https:\/\/babyslane.com\/fr\/wp-json\/wp\/v2\/product_tag?post=9964"}],"curies":[{"name":"wp","href":"https:\/\/api.w.org\/{rel}","templated":true}]}}