{"id":9970,"date":"2024-06-29T17:51:50","date_gmt":"2024-06-29T15:51:50","guid":{"rendered":"https:\/\/babyslane.com\/produit\/baby-breathable-and-cool-lumbar-stool-carrier-front-hugging-multifunctional\/"},"modified":"2024-07-02T17:57:11","modified_gmt":"2024-07-02T15:57:11","slug":"baby-breathable-and-cool-lumbar-stool-carrier-front-hugging-multifunctional","status":"publish","type":"product","link":"https:\/\/babyslane.com\/fr\/produit\/baby-breathable-and-cool-lumbar-stool-carrier-front-hugging-multifunctional\/","title":{"rendered":"PORTE-BEBE MULTIFONCTIONNEL EVOLUTIF RESPIRANT"},"content":{"rendered":"<p>Explorez chaque aventure en toute confiance avec notre porte-b\u00e9b\u00e9 multifonctionnel, con\u00e7u pour un confort optimal gr\u00e2ce \u00e0 son design ergonomique, son support lombaire int\u00e9gr\u00e9 et ses modes d&#8217;utilisation polyvalents.<\/p>\n<p>Utilisable de 0 \u00e0 36 mois, il dispose \u00e9galement de poches pratiques pour les essentiels, ce qui en fait un choix \u00e9conomique \u00e0 long terme.<\/p>\n<p><img decoding=\"async\" src=\"https:\/\/cf.cjdropshipping.com\/3099eadb-546b-4fcb-bfa0-8091f476ed04.jpg\" \/><\/p>\n<p><img decoding=\"async\" src=\"https:\/\/cf.cjdropshipping.com\/97f4eeff-03a3-463c-8df7-a0528a612af6.jpg\" \/><\/p>\n<p><img decoding=\"async\" src=\"https:\/\/cf.cjdropshipping.com\/ef217e81-7e54-4f62-9ebe-c1bf02da8dd0.jpg\" \/><br \/>\n<img decoding=\"async\" src=\"https:\/\/cf.cjdropshipping.com\/5c730a6b-3b5a-431c-b5d2-4be8c6e91b34.jpg\" \/><\/p>\n<p><img decoding=\"async\" src=\"https:\/\/cf.cjdropshipping.com\/8dc16ad5-c11a-444c-9103-0f692ed7c408.jpg\" \/><br \/>\n<img decoding=\"async\" src=\"https:\/\/cf.cjdropshipping.com\/1c902197-97e7-4d0a-869d-d6c0c003a9c4.jpg\" \/><\/p>\n<p><b>Size informations:\u00a0<\/b><\/p>\n<p><img decoding=\"async\" src=\"https:\/\/cf.cjdropshipping.com\/f7b132e5-9ced-4dff-b5d8-4154c2c6075d.jpg\" \/><\/p>\n<p><b>Product informations:\u00a0<\/b><\/p>\n<p>Applicable: 0~36 months<\/p>\n<p>Weight: 36kg<\/p>\n<p>Belt: 125cm<\/p>","protected":false},"excerpt":{"rendered":"<p><strong>Un seul porte-b\u00e9b\u00e9 pour chaque besoin<\/strong> : notre porte-b\u00e9b\u00e9 multifonctionnel se transforme selon vos envies et les besoins de votre enfant. <strong>Offrez-vous la libert\u00e9 et la flexibilit\u00e9<\/strong>, de la naissance jusqu&#8217;\u00e0 36 mois, sans compromis !<\/p>\n","protected":false},"featured_media":9965,"comment_status":"open","ping_status":"closed","template":"","meta":[],"product_brand":[],"product_cat":[42],"product_tag":[],"class_list":{"0":"post-9970","1":"product","2":"type-product","3":"status-publish","4":"has-post-thumbnail","6":"product_cat-baby-carriers","8":"first","9":"instock","10":"sale","11":"shipping-taxable","12":"purchasable","13":"product-type-variable"},"_links":{"self":[{"href":"https:\/\/babyslane.com\/fr\/wp-json\/wp\/v2\/product\/9970","targetHints":{"allow":["GET"]}}],"collection":[{"href":"https:\/\/babyslane.com\/fr\/wp-json\/wp\/v2\/product"}],"about":[{"href":"https:\/\/babyslane.com\/fr\/wp-json\/wp\/v2\/types\/product"}],"replies":[{"embeddable":true,"href":"https:\/\/babyslane.com\/fr\/wp-json\/wp\/v2\/comments?post=9970"}],"version-history":[{"count":3,"href":"https:\/\/babyslane.com\/fr\/wp-json\/wp\/v2\/product\/9970\/revisions"}],"predecessor-version":[{"id":10090,"href":"https:\/\/babyslane.com\/fr\/wp-json\/wp\/v2\/product\/9970\/revisions\/10090"}],"wp:featuredmedia":[{"embeddable":true,"href":"https:\/\/babyslane.com\/fr\/wp-json\/wp\/v2\/media\/9965"}],"wp:attachment":[{"href":"https:\/\/babyslane.com\/fr\/wp-json\/wp\/v2\/media?parent=9970"}],"wp:term":[{"taxonomy":"product_brand","embeddable":true,"href":"https:\/\/babyslane.com\/fr\/wp-json\/wp\/v2\/product_brand?post=9970"},{"taxonomy":"product_cat","embeddable":true,"href":"https:\/\/babyslane.com\/fr\/wp-json\/wp\/v2\/product_cat?post=9970"},{"taxonomy":"product_tag","embeddable":true,"href":"https:\/\/babyslane.com\/fr\/wp-json\/wp\/v2\/product_tag?post=9970"}],"curies":[{"name":"wp","href":"https:\/\/api.w.org\/{rel}","templated":true}]}}